{"id":2227,"date":"2023-01-18T17:12:30","date_gmt":"2023-01-18T15:12:30","guid":{"rendered":"https:\/\/dev.zezz.ee\/garden\/toode\/heuchera-venus\/"},"modified":"2026-02-25T19:39:07","modified_gmt":"2026-02-25T17:39:07","slug":"heuchera-venus","status":"publish","type":"product","link":"https:\/\/dev.garden.ee\/en\/product\/heuchera-venus\/","title":{"rendered":"Heuchera &#8216;Venus&#8217;"},"content":{"rendered":"<input class=\"fooboxshare_post_id\" type=\"hidden\" value=\"2227\"\/>","protected":false},"excerpt":{"rendered":"<p>Suured h\u00f5bedased lehed on kaetud atraktiivsete tumeroheliste veenidega. Sobib suurep\u00e4raselt kokku n\u00e4iteks purpursete helmikp\u00f6\u00f6ristega v\u00f5i lihtsalt pimeda nurga heledamaks muutmiseks. Kompaktset puhmast moodustav taim tuleks s\u00fcgisel j\u00e4tta nii nagu ta on ning alles kevadel oma ilme kaotanud lehed eemaldada. Tegemist on \u00fche erksaima h\u00f5bedase sordiga, mis p\u00e4rineb Hollandist ning kuulub &#8216;Planet Collection&#8217;i hulka. Uhkeldav sort kiviktaimlasse, alpiaeda v\u00f5i massina n\u00e4iteks dekoratiivsete okaspuude ette.\u00a0Istutuskoht v\u00f5iks olla poolvarjuline. Helmikp\u00f6\u00f6rised pole s\u00fcgava juurekavaga, piisab umbes 25 cm s\u00fcgavusest kobestatud pinnasest. Eelistavad niiskemat, rammusamat, vett h\u00e4sti l\u00e4bilaskvat pinnast. Tuulte eest v\u00f5iks kasvukoht ka varjatud olla, talvised k\u00fclmad tuuled v\u00f5ivad lehti kahjustada. Lumevaesel ja kr\u00f5bedamal talvel on helmikp\u00f6\u00f6riseid soovitav ikkagi katta, n\u00e4iteks kuuseokstega. Taimed on suhteliselt v\u00e4hen\u00f5udlikud, seep\u00e4rast on nad ka p\u00fcsikute seas populaarsed.<\/p>","protected":false},"featured_media":2228,"template":"","meta":[],"product_brand":[],"product_cat":[4415,4413,4406,9200,4401,4412,22],"product_tag":[],"class_list":{"0":"post-2227","1":"product","2":"type-product","3":"status-publish","4":"has-post-thumbnail","6":"product_cat-lilleaed","7":"product_cat-loikelilleaed","8":"product_cat-park","9":"product_cat-pinnakatjad","10":"product_cat-pusikud","11":"product_cat-varjuaed","12":"product_cat-taimed","13":"pa_haiguskindlus-vaga-hea","14":"pa_moodud-k-30-40-cm-l-30-45-cm","15":"pa_oie-varv-valge","16":"pa_oitsemise-aeg-juuni","17":"pa_talvekindlus-hea","18":"pa_tsoon-4-9","19":"pa_variatsioon-suurem-pott","20":"pa_variatsioon-vaiksem-pott","22":"first","23":"instock","24":"purchasable","25":"product-type-variable"},"acf":[],"_links":{"self":[{"href":"https:\/\/dev.garden.ee\/en\/wp-json\/wp\/v2\/product\/2227","targetHints":{"allow":["GET"]}}],"collection":[{"href":"https:\/\/dev.garden.ee\/en\/wp-json\/wp\/v2\/product"}],"about":[{"href":"https:\/\/dev.garden.ee\/en\/wp-json\/wp\/v2\/types\/product"}],"wp:featuredmedia":[{"embeddable":true,"href":"https:\/\/dev.garden.ee\/en\/wp-json\/wp\/v2\/media\/2228"}],"wp:attachment":[{"href":"https:\/\/dev.garden.ee\/en\/wp-json\/wp\/v2\/media?parent=2227"}],"wp:term":[{"taxonomy":"product_brand","embeddable":true,"href":"https:\/\/dev.garden.ee\/en\/wp-json\/wp\/v2\/product_brand?post=2227"},{"taxonomy":"product_cat","embeddable":true,"href":"https:\/\/dev.garden.ee\/en\/wp-json\/wp\/v2\/product_cat?post=2227"},{"taxonomy":"product_tag","embeddable":true,"href":"https:\/\/dev.garden.ee\/en\/wp-json\/wp\/v2\/product_tag?post=2227"}],"curies":[{"name":"wp","href":"https:\/\/api.w.org\/{rel}","templated":true}]}}