{"id":2207,"date":"2023-01-18T17:12:19","date_gmt":"2023-01-18T15:12:19","guid":{"rendered":"https:\/\/dev.zezz.ee\/garden\/toode\/lobelia-cardinalis\/"},"modified":"2026-03-02T11:40:19","modified_gmt":"2026-03-02T09:40:19","slug":"lobelia-cardinalis","status":"publish","type":"product","link":"https:\/\/dev.garden.ee\/en\/product\/lobelia-cardinalis\/","title":{"rendered":"Lobelia cardinalis"},"content":{"rendered":"<input class=\"fooboxshare_post_id\" type=\"hidden\" value=\"2207\"\/>","protected":false},"excerpt":{"rendered":"<p>Puhmasjas looduslik p\u00fcsik, l\u00e4ikivate, piklike lehtedega. Lehestik suhteliselt madal ja pinnase l\u00e4hedal. \u00d5ied on \u00fched ehedamad punasemad \u00f5ied \u00fcldse &#8211; kuni 4 cm pikad, p\u00fcstistel tugevatel \u00f5ievartel. \u00d5itseb pikalt. Meeldib liblikatele.\u00a0Annab efekti suve teise poole p\u00fcsikupeenrasse, metsaaeda v\u00f5i looduslikule aasale. Sobilik ka tiigi kaldale, sest armastab m\u00e4rga ja rikkalikku mulda. Kuivas ei kasva. Jaga igal teisel aastal, kevadel v\u00f5i s\u00fcgisel. Multsi nii suveks kui ka talveks, hoiab juurestiku tervena. Suhteliselt l\u00fchikese elueaga p\u00fcsik, kuid jagades saad taas uusi taimi ja kui j\u00e4tad n\u00e4rtsinud \u00f5ied l\u00f5ikamata, seemendab ennast ise.<\/p>","protected":false},"featured_media":25725,"template":"","meta":[],"product_brand":[],"product_cat":[4401,22],"product_tag":[],"class_list":{"0":"post-2207","1":"product","2":"type-product","3":"status-publish","4":"has-post-thumbnail","6":"product_cat-pusikud","7":"product_cat-taimed","8":"pa_haiguskindlus-hea","9":"pa_moodud-k-60-120-cm-l-30-60-cm","10":"pa_oie-varv-punane","11":"pa_oitsemise-aeg-juuli-september","12":"pa_talvekindlus-hea","13":"pa_tsoon-z-4-9","14":"pa_variatsioon-suurem-pott","15":"pa_variatsioon-vaiksem-pott","17":"first","18":"outofstock","19":"purchasable","20":"product-type-variable"},"acf":[],"_links":{"self":[{"href":"https:\/\/dev.garden.ee\/en\/wp-json\/wp\/v2\/product\/2207","targetHints":{"allow":["GET"]}}],"collection":[{"href":"https:\/\/dev.garden.ee\/en\/wp-json\/wp\/v2\/product"}],"about":[{"href":"https:\/\/dev.garden.ee\/en\/wp-json\/wp\/v2\/types\/product"}],"wp:featuredmedia":[{"embeddable":true,"href":"https:\/\/dev.garden.ee\/en\/wp-json\/wp\/v2\/media\/25725"}],"wp:attachment":[{"href":"https:\/\/dev.garden.ee\/en\/wp-json\/wp\/v2\/media?parent=2207"}],"wp:term":[{"taxonomy":"product_brand","embeddable":true,"href":"https:\/\/dev.garden.ee\/en\/wp-json\/wp\/v2\/product_brand?post=2207"},{"taxonomy":"product_cat","embeddable":true,"href":"https:\/\/dev.garden.ee\/en\/wp-json\/wp\/v2\/product_cat?post=2207"},{"taxonomy":"product_tag","embeddable":true,"href":"https:\/\/dev.garden.ee\/en\/wp-json\/wp\/v2\/product_tag?post=2207"}],"curies":[{"name":"wp","href":"https:\/\/api.w.org\/{rel}","templated":true}]}}