{"id":2185,"date":"2023-01-18T17:12:06","date_gmt":"2023-01-18T15:12:06","guid":{"rendered":"https:\/\/dev.zezz.ee\/garden\/toode\/calamintha-nepeta-ssp-nepeta-blue-cloud\/"},"modified":"2026-02-18T17:41:17","modified_gmt":"2026-02-18T15:41:17","slug":"calamintha-nepeta-ssp-nepeta-blue-cloud","status":"publish","type":"product","link":"https:\/\/dev.garden.ee\/en\/product\/calamintha-nepeta-ssp-nepeta-blue-cloud\/","title":{"rendered":"Calamintha nepeta &#8216;Blue Cloud&#8217;"},"content":{"rendered":"<input class=\"fooboxshare_post_id\" type=\"hidden\" value=\"2185\"\/>","protected":false},"excerpt":{"rendered":"<p>Madala kasvuga, kuid pikalt laiali kaarduvate v\u00f5rsetega taim. Tihedalt kaetud pisikeste aromaatsete lehtede ning helesiniste ja \u00f5hk\u00f5rnade \u00f5itega. \u00d5ied p\u00fcsivad taimel kogu hooajal. Armastatud mesilaste ja liblikate poolt. Kompaktse vormiga ega valgu laiali. Samuti ei paljune meeletu kiirusega ega muutu umbrohuks. Suurep\u00e4rane teeradade \u00e4\u00e4ristuseks, kaunis konteineris, suvelilledega miksides. Lihtne kasvatada, vastupidav nii kuiva kui m\u00e4rja mulla suhtes.<\/p>\n<p>Juuli l\u00f5pus, kui taim tundub r\u00e4situd, v\u00f5ib teda p\u00fcgada, siis n\u00e4eb ta peagi v\u00e4lja nagu uus. Jagamist v\u00f5ib teha kevadeti.<\/p>","protected":false},"featured_media":25351,"template":"","meta":[],"product_brand":[],"product_cat":[9637,4415,4414,4413,6934,4401,22],"product_tag":[],"class_list":{"0":"post-2185","1":"product","2":"type-product","3":"status-publish","4":"has-post-thumbnail","6":"product_cat-istutuskast","7":"product_cat-lilleaed","8":"product_cat-lohnaaed","9":"product_cat-loikelilleaed","10":"product_cat-mesilassobralik-aed","11":"product_cat-pusikud","12":"product_cat-taimed","13":"pa_haiguskindlus-vaga-hea","14":"pa_kasvukorgus-30-cm","15":"pa_laius-45-cm","16":"pa_lisainfo-hirve-kahjustustele-vastupidav","17":"pa_lisainfo-mesilaste-lemmik","18":"pa_lisainfo-sobilik-istutuskasti-jaoks","19":"pa_lohn-lohnav","20":"pa_oie-varv-sinine","21":"pa_oitsemise-aeg-juuli-september","22":"pa_talvekindlus-hea","23":"pa_tingimused-hea-drenaaz","24":"pa_tsoon-4-9","25":"pa_valguse-tingimused-paike","26":"pa_variatsioon-suurem-pott","27":"pa_variatsioon-vaiksem-pott","29":"first","30":"instock","31":"purchasable","32":"product-type-variable"},"acf":[],"_links":{"self":[{"href":"https:\/\/dev.garden.ee\/en\/wp-json\/wp\/v2\/product\/2185","targetHints":{"allow":["GET"]}}],"collection":[{"href":"https:\/\/dev.garden.ee\/en\/wp-json\/wp\/v2\/product"}],"about":[{"href":"https:\/\/dev.garden.ee\/en\/wp-json\/wp\/v2\/types\/product"}],"wp:featuredmedia":[{"embeddable":true,"href":"https:\/\/dev.garden.ee\/en\/wp-json\/wp\/v2\/media\/25351"}],"wp:attachment":[{"href":"https:\/\/dev.garden.ee\/en\/wp-json\/wp\/v2\/media?parent=2185"}],"wp:term":[{"taxonomy":"product_brand","embeddable":true,"href":"https:\/\/dev.garden.ee\/en\/wp-json\/wp\/v2\/product_brand?post=2185"},{"taxonomy":"product_cat","embeddable":true,"href":"https:\/\/dev.garden.ee\/en\/wp-json\/wp\/v2\/product_cat?post=2185"},{"taxonomy":"product_tag","embeddable":true,"href":"https:\/\/dev.garden.ee\/en\/wp-json\/wp\/v2\/product_tag?post=2185"}],"curies":[{"name":"wp","href":"https:\/\/api.w.org\/{rel}","templated":true}]}}