{"id":2174,"date":"2023-01-18T17:11:59","date_gmt":"2023-01-18T15:11:59","guid":{"rendered":"https:\/\/dev.zezz.ee\/garden\/toode\/heinz-winkler\/"},"modified":"2026-02-11T20:43:01","modified_gmt":"2026-02-11T18:43:01","slug":"heinz-winkler","status":"publish","type":"product","link":"https:\/\/dev.garden.ee\/en\/product\/heinz-winkler\/","title":{"rendered":"Heinz Winkler\u00ae"},"content":{"rendered":"<input class=\"fooboxshare_post_id\" type=\"hidden\" value=\"2174\"\/>","protected":false},"excerpt":{"rendered":"<p>Suured (8-10cm) sametjas punased \u00f5ied, mis on 1-3 kaupa vartel. Kroonlehed h\u00e4sti tugevad ja lainelised, s\u00fcdamiku l\u00e4hedalt heledamad, \u00e4\u00e4red tumedamad. H\u00e4sti kompaktse kasvuga p\u00f5\u00f5sas. Hea haiguskindlusega. \u00dcks tublimaid punaseid massistutusteks!<\/p>\n<p>Roos on p\u00fchendatud tirooli p\u00e4ritolu itaalia &#8211; saksa kokale, kes noorimana ajaloos on v\u00e4lja teeninud 3 Michelini t\u00e4rni.<\/p>","protected":false},"featured_media":25179,"template":"","meta":[],"product_brand":[],"product_cat":[4406,4416,4402,22],"product_tag":[],"class_list":{"0":"post-2174","1":"product","2":"type-product","3":"status-publish","4":"has-post-thumbnail","6":"product_cat-park","7":"product_cat-roosiaed","8":"product_cat-roosid","9":"product_cat-taimed","10":"pa_aretus-delbard","11":"pa_avalikustamisaasta-prantsusmaa-2004","12":"pa_haiguskindlus-vaga-hea","13":"pa_kasvukorgus-70-90-cm","14":"pa_laius-60-cm","15":"pa_lohn-lohnatu","16":"pa_oie-suurus-suur","17":"pa_oie-varv-punane","18":"pa_oietuup-taidisois","19":"pa_oitsemine-korduvalt-oitsev","20":"pa_sort-teehubriidroos","21":"pa_taimede-arvestus-ruutmeetri-9219","22":"pa_talvekindlus-vaga-hea","23":"pa_variatsioon-paljasjuurne-ainult-kevadel","24":"pa_variatsioon-potis-4-6l","25":"pa_variatsioon-potis-4-6l-suvel-ja-sugisel","27":"first","28":"outofstock","29":"purchasable","30":"product-type-variable"},"acf":[],"_links":{"self":[{"href":"https:\/\/dev.garden.ee\/en\/wp-json\/wp\/v2\/product\/2174","targetHints":{"allow":["GET"]}}],"collection":[{"href":"https:\/\/dev.garden.ee\/en\/wp-json\/wp\/v2\/product"}],"about":[{"href":"https:\/\/dev.garden.ee\/en\/wp-json\/wp\/v2\/types\/product"}],"wp:featuredmedia":[{"embeddable":true,"href":"https:\/\/dev.garden.ee\/en\/wp-json\/wp\/v2\/media\/25179"}],"wp:attachment":[{"href":"https:\/\/dev.garden.ee\/en\/wp-json\/wp\/v2\/media?parent=2174"}],"wp:term":[{"taxonomy":"product_brand","embeddable":true,"href":"https:\/\/dev.garden.ee\/en\/wp-json\/wp\/v2\/product_brand?post=2174"},{"taxonomy":"product_cat","embeddable":true,"href":"https:\/\/dev.garden.ee\/en\/wp-json\/wp\/v2\/product_cat?post=2174"},{"taxonomy":"product_tag","embeddable":true,"href":"https:\/\/dev.garden.ee\/en\/wp-json\/wp\/v2\/product_tag?post=2174"}],"curies":[{"name":"wp","href":"https:\/\/api.w.org\/{rel}","templated":true}]}}