{"id":2170,"date":"2023-01-18T17:11:56","date_gmt":"2023-01-18T15:11:56","guid":{"rendered":"https:\/\/dev.zezz.ee\/garden\/toode\/molinia-caerulea-variegata\/"},"modified":"2026-03-03T15:48:03","modified_gmt":"2026-03-03T13:48:03","slug":"molinia-caerulea-variegata","status":"publish","type":"product","link":"https:\/\/dev.garden.ee\/en\/product\/molinia-caerulea-variegata\/","title":{"rendered":"Molinia caerulea &#8216;Variegata&#8217;"},"content":{"rendered":"<input class=\"fooboxshare_post_id\" type=\"hidden\" value=\"2170\"\/>","protected":false},"excerpt":{"rendered":"<p>Kollakasvalge triibuga roheline lehestik moodustab toreda madala puhma. Lehestiku k\u00f5rgus on 30-50 cm, \u00f5itsikutega sirutab kuni 70 cm v\u00e4lja. Kerge purpurse varjundiga \u00f5isikud, mis saavad seemnete valmimisajaks kollaka p\u00e4evituse. Kollaseks v\u00e4rvub ka \u00fclej\u00e4\u00e4nud lehestik. P\u00fcstine, tihe puhmastik. Armsa moega v\u00e4\u00e4rikas pinnakatja, kes on v\u00e4hest hoolt n\u00f5udev ja mullastiku suhtes leplik.<\/p>","protected":false},"featured_media":2171,"template":"","meta":[],"product_brand":[],"product_cat":[4407,4400,4415,4401,22],"product_tag":[],"class_list":{"0":"post-2170","1":"product","2":"type-product","3":"status-publish","4":"has-post-thumbnail","6":"product_cat-aasad","7":"product_cat-korrelised","8":"product_cat-lilleaed","9":"product_cat-pusikud","10":"product_cat-taimed","11":"pa_haiguskindlus-hea","12":"pa_moodud-k-70-cm-l-30-50-cm","13":"pa_oie-varv-purpurne","14":"pa_oitsemise-aeg-august","15":"pa_talvekindlus-hea","16":"pa_tsoon-z-5-9","17":"pa_variatsioon-suurem-pott","18":"pa_variatsioon-vaiksem-pott","20":"first","21":"outofstock","22":"purchasable","23":"product-type-variable"},"acf":[],"_links":{"self":[{"href":"https:\/\/dev.garden.ee\/en\/wp-json\/wp\/v2\/product\/2170","targetHints":{"allow":["GET"]}}],"collection":[{"href":"https:\/\/dev.garden.ee\/en\/wp-json\/wp\/v2\/product"}],"about":[{"href":"https:\/\/dev.garden.ee\/en\/wp-json\/wp\/v2\/types\/product"}],"wp:featuredmedia":[{"embeddable":true,"href":"https:\/\/dev.garden.ee\/en\/wp-json\/wp\/v2\/media\/2171"}],"wp:attachment":[{"href":"https:\/\/dev.garden.ee\/en\/wp-json\/wp\/v2\/media?parent=2170"}],"wp:term":[{"taxonomy":"product_brand","embeddable":true,"href":"https:\/\/dev.garden.ee\/en\/wp-json\/wp\/v2\/product_brand?post=2170"},{"taxonomy":"product_cat","embeddable":true,"href":"https:\/\/dev.garden.ee\/en\/wp-json\/wp\/v2\/product_cat?post=2170"},{"taxonomy":"product_tag","embeddable":true,"href":"https:\/\/dev.garden.ee\/en\/wp-json\/wp\/v2\/product_tag?post=2170"}],"curies":[{"name":"wp","href":"https:\/\/api.w.org\/{rel}","templated":true}]}}