{"id":2165,"date":"2023-01-18T17:11:54","date_gmt":"2023-01-18T15:11:54","guid":{"rendered":"https:\/\/dev.zezz.ee\/garden\/toode\/echinacea-purpurea-fatal-attraction\/"},"modified":"2026-02-23T13:36:39","modified_gmt":"2026-02-23T11:36:39","slug":"echinacea-purpurea-fatal-attraction","status":"publish","type":"product","link":"https:\/\/dev.garden.ee\/en\/product\/echinacea-purpurea-fatal-attraction\/","title":{"rendered":"Echinacea purpurea &#8216;Fatal Attraction&#8217;"},"content":{"rendered":"<input class=\"fooboxshare_post_id\" type=\"hidden\" value=\"2165\"\/>","protected":false},"excerpt":{"rendered":"<p>Kompaktse vormiga siilk\u00fcbaral on omap\u00e4rased, peaaegu mustjad \u00f5ievarred. Meeldivalt magusa l\u00f5hnaga v\u00fcrtsitatud \u00f5ite fuksiaroosad, kergelt \u00fclespoole kaarduvad, kiirjad kroonlehed, mis \u00fcmbritsevad suurt, lameda vormiga oran\u017epronksjat s\u00fcdamikku. Rikkalikult \u00f5itsev, tugevakasvuline puhmas, millel on tumeroheline, terve lehestik. Kaunis massistutusena. H\u00e4\u00e4bunud \u00f5ied tuleks aeg-ajalt \u00e4ra noppida, siis saab taime \u00f5itseaega pikendada. R\u00fchmadena p\u00fcsikutepeenras on fantastiline koos p\u00e4evaliiliate ja dekoratiivsete k\u00f5rrelistega. Puhmaid jagada enam-v\u00e4hem iga nelja aasta j\u00e4rel. Aromaatsed \u00f5ied meelitavad liblikaid. Sort p\u00e4rineb Hollandist aiaguru Piet Oudolfi kogust.<\/p>","protected":false},"featured_media":2166,"template":"","meta":[],"product_brand":[],"product_cat":[4415,4413,6934,4401,22],"product_tag":[],"class_list":{"0":"post-2165","1":"product","2":"type-product","3":"status-publish","4":"has-post-thumbnail","6":"product_cat-lilleaed","7":"product_cat-loikelilleaed","8":"product_cat-mesilassobralik-aed","9":"product_cat-pusikud","10":"product_cat-taimed","11":"pa_haiguskindlus-vaga-hea","12":"pa_kasvukorgus-60-70-cm","13":"pa_laius-60-cm","14":"pa_lisainfo-hirve-kahjustustele-vastupidav","15":"pa_lisainfo-mesilaste-lemmik","16":"pa_lisainfo-sobib-loikelilleks","17":"pa_lisainfo-sobib-osalise-varjuga-kasvualale","18":"pa_lohn-orn","19":"pa_lohn-magus","20":"pa_oie-varv-roosa","21":"pa_oitsemise-aeg-juuli-september","22":"pa_talvekindlus-vaga-hea","23":"pa_tingimused-hea-drenaaz","24":"pa_tsoon-4-9","25":"pa_valguse-tingimused-paike","26":"pa_valguse-tingimused-poolvari","27":"pa_variatsioon-suurem-pott","28":"pa_variatsioon-vaiksem-pott","30":"first","31":"instock","32":"purchasable","33":"product-type-variable"},"acf":[],"_links":{"self":[{"href":"https:\/\/dev.garden.ee\/en\/wp-json\/wp\/v2\/product\/2165","targetHints":{"allow":["GET"]}}],"collection":[{"href":"https:\/\/dev.garden.ee\/en\/wp-json\/wp\/v2\/product"}],"about":[{"href":"https:\/\/dev.garden.ee\/en\/wp-json\/wp\/v2\/types\/product"}],"wp:featuredmedia":[{"embeddable":true,"href":"https:\/\/dev.garden.ee\/en\/wp-json\/wp\/v2\/media\/2166"}],"wp:attachment":[{"href":"https:\/\/dev.garden.ee\/en\/wp-json\/wp\/v2\/media?parent=2165"}],"wp:term":[{"taxonomy":"product_brand","embeddable":true,"href":"https:\/\/dev.garden.ee\/en\/wp-json\/wp\/v2\/product_brand?post=2165"},{"taxonomy":"product_cat","embeddable":true,"href":"https:\/\/dev.garden.ee\/en\/wp-json\/wp\/v2\/product_cat?post=2165"},{"taxonomy":"product_tag","embeddable":true,"href":"https:\/\/dev.garden.ee\/en\/wp-json\/wp\/v2\/product_tag?post=2165"}],"curies":[{"name":"wp","href":"https:\/\/api.w.org\/{rel}","templated":true}]}}