{"id":2155,"date":"2023-01-18T17:11:48","date_gmt":"2023-01-18T15:11:48","guid":{"rendered":"https:\/\/dev.zezz.ee\/garden\/toode\/alfred-sisley\/"},"modified":"2026-01-30T21:25:17","modified_gmt":"2026-01-30T19:25:17","slug":"alfred-sisley","status":"publish","type":"product","link":"https:\/\/dev.garden.ee\/en\/product\/alfred-sisley\/","title":{"rendered":"Alfred Sisley\u00ae"},"content":{"rendered":"<input class=\"fooboxshare_post_id\" type=\"hidden\" value=\"2155\"\/>","protected":false},"excerpt":{"rendered":"<p>V\u00e4rvik\u00fcllases \u00f5ies segunevad oran\u017eid toonid roosadega, nende vahel annavad kirjusust juurde kontrastsed kollakasvalged triibud. Kuulub maalitud-rooside kollektsiooni. \u00d5itest \u00f5hkuv puuviljane aroomibukett pakub meeldivat pirni, \u00f5una\u00a0ja ananassi koosk\u00f5la. V\u00e4ga hea haiguskindlusega. Sobiv l\u00f5ikeroosiks.<\/p>","protected":false},"featured_media":2156,"template":"","meta":[],"product_brand":[],"product_cat":[4413,4416,4402,22],"product_tag":[],"class_list":{"0":"post-2155","1":"product","2":"type-product","3":"status-publish","4":"has-post-thumbnail","6":"product_cat-loikelilleaed","7":"product_cat-roosiaed","8":"product_cat-roosid","9":"product_cat-taimed","10":"pa_aretus-delbard","11":"pa_avalikustamisaasta-prantsusmaa-2004","12":"pa_haiguskindlus-vaga-hea","13":"pa_kasvukorgus-70-90-cm","14":"pa_laius-50-cm","15":"pa_lisainfo-sobib-loikelilleks","16":"pa_lohn-keskmine","17":"pa_lohn-puuviljane","18":"pa_oie-suurus-suur","19":"pa_oie-varv-kollane","20":"pa_oie-varv-mitmevarviline","21":"pa_oie-varv-oranz","22":"pa_oie-varv-roosa","23":"pa_oietuup-pooltaidisois","24":"pa_oitsemine-korduvalt-oitsev","25":"pa_sort-floribund-ehk-paljuoieline-roos","26":"pa_sunonuum-ivan-crowther","27":"pa_talvekindlus-vaga-hea","28":"pa_variatsioon-paljasjuurne-ainult-kevadel","29":"pa_variatsioon-potis-4-6l-suvel-ja-sugisel","31":"first","32":"outofstock","33":"purchasable","34":"product-type-variable"},"acf":[],"_links":{"self":[{"href":"https:\/\/dev.garden.ee\/en\/wp-json\/wp\/v2\/product\/2155","targetHints":{"allow":["GET"]}}],"collection":[{"href":"https:\/\/dev.garden.ee\/en\/wp-json\/wp\/v2\/product"}],"about":[{"href":"https:\/\/dev.garden.ee\/en\/wp-json\/wp\/v2\/types\/product"}],"wp:featuredmedia":[{"embeddable":true,"href":"https:\/\/dev.garden.ee\/en\/wp-json\/wp\/v2\/media\/2156"}],"wp:attachment":[{"href":"https:\/\/dev.garden.ee\/en\/wp-json\/wp\/v2\/media?parent=2155"}],"wp:term":[{"taxonomy":"product_brand","embeddable":true,"href":"https:\/\/dev.garden.ee\/en\/wp-json\/wp\/v2\/product_brand?post=2155"},{"taxonomy":"product_cat","embeddable":true,"href":"https:\/\/dev.garden.ee\/en\/wp-json\/wp\/v2\/product_cat?post=2155"},{"taxonomy":"product_tag","embeddable":true,"href":"https:\/\/dev.garden.ee\/en\/wp-json\/wp\/v2\/product_tag?post=2155"}],"curies":[{"name":"wp","href":"https:\/\/api.w.org\/{rel}","templated":true}]}}