{"id":2145,"date":"2023-01-18T17:11:41","date_gmt":"2023-01-18T15:11:41","guid":{"rendered":"https:\/\/dev.zezz.ee\/garden\/toode\/alexandra-princesse-de-luxembourg\/"},"modified":"2026-01-31T00:31:41","modified_gmt":"2026-01-30T22:31:41","slug":"alexandra-princesse-de-luxembourg","status":"publish","type":"product","link":"https:\/\/dev.garden.ee\/en\/product\/alexandra-princesse-de-luxembourg\/","title":{"rendered":"Alexandra\u00ae &#8211; Princesse de Luxembourg"},"content":{"rendered":"<input class=\"fooboxshare_post_id\" type=\"hidden\" value=\"2145\"\/>","protected":false},"excerpt":{"rendered":"<p>\u00dcmara vormiga, \u00f5rnroosad, neljaosalise rosettja t\u00e4idis\u00f5iega (41+ kroonlehte) \u00f5ied on seest tumedamad ja \u00e4\u00e4rest heledamad. \u00d5ied pakuvad keskmisest tugevamat l\u00f5hnaelamust. P\u00fcstjas, kergelt kaarduvate v\u00f5rsetega roos on kiire kasvuga. P\u00fchendatud Luksemburgi printsess Alexandrale, t\u00e4histamaks tema 18. s\u00fcnnip\u00e4eva. Roosi pidulik ja ametlik nime andmine toimus 2010. aasta suvel Luksemburgi suurv\u00fcrsti residentsis, Bergi lossis.<\/p>\n<p>Auhinnatud sort \u2013 p\u00e4lvinud preemiaid rahvusvahelistel roosiv\u00f5istlustel.<\/p>","protected":false},"featured_media":2146,"template":"","meta":[],"product_brand":[],"product_cat":[4415,4414,4416,4402,22],"product_tag":[],"class_list":{"0":"post-2145","1":"product","2":"type-product","3":"status-publish","4":"has-post-thumbnail","6":"product_cat-lilleaed","7":"product_cat-lohnaaed","8":"product_cat-roosiaed","9":"product_cat-roosid","10":"product_cat-taimed","11":"pa_aretus-w-kordes-sohne","12":"pa_avalikustamisaasta-saksamaa-2009","13":"pa_haiguskindlus-vaga-hea","14":"pa_kasvukorgus-120-150-cm","15":"pa_laius-70-cm","16":"pa_lisainfo-sobib-lohnaaeda","17":"pa_lohn-keskmine","18":"pa_oie-suurus-keskmine","19":"pa_oie-varv-roosa","20":"pa_oietuup-taidisois","21":"pa_oitsemine-korduvalt-oitsev","22":"pa_sort-poosasroos","23":"pa_talvekindlus-vaga-hea","24":"pa_variatsioon-potis-2l-kevadel","25":"pa_variatsioon-potis-4-6l","27":"first","28":"outofstock","29":"purchasable","30":"product-type-variable"},"acf":[],"_links":{"self":[{"href":"https:\/\/dev.garden.ee\/en\/wp-json\/wp\/v2\/product\/2145","targetHints":{"allow":["GET"]}}],"collection":[{"href":"https:\/\/dev.garden.ee\/en\/wp-json\/wp\/v2\/product"}],"about":[{"href":"https:\/\/dev.garden.ee\/en\/wp-json\/wp\/v2\/types\/product"}],"wp:featuredmedia":[{"embeddable":true,"href":"https:\/\/dev.garden.ee\/en\/wp-json\/wp\/v2\/media\/2146"}],"wp:attachment":[{"href":"https:\/\/dev.garden.ee\/en\/wp-json\/wp\/v2\/media?parent=2145"}],"wp:term":[{"taxonomy":"product_brand","embeddable":true,"href":"https:\/\/dev.garden.ee\/en\/wp-json\/wp\/v2\/product_brand?post=2145"},{"taxonomy":"product_cat","embeddable":true,"href":"https:\/\/dev.garden.ee\/en\/wp-json\/wp\/v2\/product_cat?post=2145"},{"taxonomy":"product_tag","embeddable":true,"href":"https:\/\/dev.garden.ee\/en\/wp-json\/wp\/v2\/product_tag?post=2145"}],"curies":[{"name":"wp","href":"https:\/\/api.w.org\/{rel}","templated":true}]}}