{"id":2131,"date":"2023-01-18T17:11:34","date_gmt":"2023-01-18T15:11:34","guid":{"rendered":"https:\/\/dev.zezz.ee\/garden\/toode\/henri-martin\/"},"modified":"2026-02-06T14:43:04","modified_gmt":"2026-02-06T12:43:04","slug":"henri-martin","status":"publish","type":"product","link":"https:\/\/dev.garden.ee\/en\/product\/henri-martin\/","title":{"rendered":"Henri Martin"},"content":{"rendered":"<input class=\"fooboxshare_post_id\" type=\"hidden\" value=\"2131\"\/>","protected":false},"excerpt":{"rendered":"<p>Lillakaspunase v\u00e4rvusega poolt\u00e4idetud \u00f5ied on p\u00f5\u00f5sal suurte \u00f5isikutena. \u00d5ienupud on tihedalt kaetud nn. vaiguse samblaga &#8211; tegemist ongi vana samblaroosi ehk rosa muscosaga. Tugeva, kaarduva kasvuga p\u00f5\u00f5sas, terve oliiviroheline lehestik. V\u00f5rratu Alba roosi l\u00f5hn. Hooaja l\u00f5pus moodustuvad punased kibuvitsaviljad.<\/p>","protected":false},"featured_media":2132,"template":"","meta":[],"product_brand":[],"product_cat":[4395,4415,4416,4402,22],"product_tag":[9417],"class_list":{"0":"post-2131","1":"product","2":"type-product","3":"status-publish","4":"has-post-thumbnail","6":"product_cat-hekid","7":"product_cat-lilleaed","8":"product_cat-roosiaed","9":"product_cat-roosid","10":"product_cat-taimed","11":"product_tag-soodushind-50","12":"pa_aretus-jean-laffay","13":"pa_avalikustamisaasta-prantsusmaa-1862","14":"pa_haiguskindlus-hea","15":"pa_laius-130-cm","16":"pa_lisainfo-dekoratiivsed-viljad","17":"pa_lisainfo-ideaalne-heki-loomiseks","18":"pa_lisainfo-sobib-lohnaaeda","19":"pa_lisainfo-sobib-osalise-varjuga-kasvualale","20":"pa_lisainfo-talvine-ponevus","21":"pa_lohn-tugev","22":"pa_lohn-vana-roos","23":"pa_oie-suurus-keskmine","24":"pa_oie-varv-purpurne","25":"pa_oietuup-pooltaidisois","26":"pa_oitsemine-uhekordne-oitsemine","27":"pa_sort-vanaaegne-roos","28":"pa_talvekindlus-hea","29":"pa_variatsioon-paljasjuurne-ainult-kevadel","30":"pa_variatsioon-potis-4-6l-suvel-ja-sugisel","31":"pa_variatsioon-potis-4-6l-soodushind-50","33":"first","34":"outofstock","35":"sale","36":"purchasable","37":"product-type-variable"},"acf":[],"_links":{"self":[{"href":"https:\/\/dev.garden.ee\/en\/wp-json\/wp\/v2\/product\/2131","targetHints":{"allow":["GET"]}}],"collection":[{"href":"https:\/\/dev.garden.ee\/en\/wp-json\/wp\/v2\/product"}],"about":[{"href":"https:\/\/dev.garden.ee\/en\/wp-json\/wp\/v2\/types\/product"}],"wp:featuredmedia":[{"embeddable":true,"href":"https:\/\/dev.garden.ee\/en\/wp-json\/wp\/v2\/media\/2132"}],"wp:attachment":[{"href":"https:\/\/dev.garden.ee\/en\/wp-json\/wp\/v2\/media?parent=2131"}],"wp:term":[{"taxonomy":"product_brand","embeddable":true,"href":"https:\/\/dev.garden.ee\/en\/wp-json\/wp\/v2\/product_brand?post=2131"},{"taxonomy":"product_cat","embeddable":true,"href":"https:\/\/dev.garden.ee\/en\/wp-json\/wp\/v2\/product_cat?post=2131"},{"taxonomy":"product_tag","embeddable":true,"href":"https:\/\/dev.garden.ee\/en\/wp-json\/wp\/v2\/product_tag?post=2131"}],"curies":[{"name":"wp","href":"https:\/\/api.w.org\/{rel}","templated":true}]}}