{"id":2116,"date":"2023-01-18T17:11:24","date_gmt":"2023-01-18T15:11:24","guid":{"rendered":"https:\/\/dev.zezz.ee\/garden\/toode\/brunnera-macrophylla-mr-morse\/"},"modified":"2026-02-18T14:04:21","modified_gmt":"2026-02-18T12:04:21","slug":"brunnera-macrophylla-mr-morse","status":"publish","type":"product","link":"https:\/\/dev.garden.ee\/en\/product\/brunnera-macrophylla-mr-morse\/","title":{"rendered":"Brunnera macrophylla &#8216;Mr. Morse&#8217;"},"content":{"rendered":"<input class=\"fooboxshare_post_id\" type=\"hidden\" value=\"2116\"\/>","protected":false},"excerpt":{"rendered":"<p>S\u00fcdamekujulist lehestikku katab pilkup\u00fc\u00fcdev h\u00f5bedane pind, mille vahelt joonistuvad kenasti v\u00e4lja tumerohelised leheveenid. Selline kontrastne v\u00e4limus muudab taime terveks hooajaks v\u00e4ga silmatorkavaks. Kevadised valged \u00f5ied on k\u00fcll pisikesed, kuid neid on selle eest v\u00e4ga palju. Tulemuseks on lehestiku kohal lasuv \u00f5rn \u00f5iepilv.<\/p>","protected":false},"featured_media":2117,"template":"","meta":[],"product_brand":[],"product_cat":[4415,4406,9200,4401,4412,22],"product_tag":[],"class_list":{"0":"post-2116","1":"product","2":"type-product","3":"status-publish","4":"has-post-thumbnail","6":"product_cat-lilleaed","7":"product_cat-park","8":"product_cat-pinnakatjad","9":"product_cat-pusikud","10":"product_cat-varjuaed","11":"product_cat-taimed","12":"pa_kasvukorgus-25-30-cm-2","13":"pa_laius-30-40-cm","14":"pa_lehestikuvarv-hobedane","15":"pa_lehestikuvarv-roheline","16":"pa_lisainfo-dekoratiivne-lehestik","17":"pa_lisainfo-hea-pinnakatja","18":"pa_lisainfo-hirve-kahjustustele-vastupidav","19":"pa_lisainfo-janese-kahjustustele-vastupidav","20":"pa_lisainfo-sobib-osalise-varjuga-kasvualale","21":"pa_oie-varv-valge","22":"pa_oitsemise-aeg-mai-juuni","23":"pa_talvekindlus-vaga-hea","24":"pa_tingimused-niiske","25":"pa_tsoon-2-9","26":"pa_valguse-tingimused-poolvari","27":"pa_variatsioon-suurem-pott","28":"pa_variatsioon-vaiksem-pott","30":"first","31":"onbackorder","32":"purchasable","33":"product-type-variable"},"acf":[],"_links":{"self":[{"href":"https:\/\/dev.garden.ee\/en\/wp-json\/wp\/v2\/product\/2116","targetHints":{"allow":["GET"]}}],"collection":[{"href":"https:\/\/dev.garden.ee\/en\/wp-json\/wp\/v2\/product"}],"about":[{"href":"https:\/\/dev.garden.ee\/en\/wp-json\/wp\/v2\/types\/product"}],"wp:featuredmedia":[{"embeddable":true,"href":"https:\/\/dev.garden.ee\/en\/wp-json\/wp\/v2\/media\/2117"}],"wp:attachment":[{"href":"https:\/\/dev.garden.ee\/en\/wp-json\/wp\/v2\/media?parent=2116"}],"wp:term":[{"taxonomy":"product_brand","embeddable":true,"href":"https:\/\/dev.garden.ee\/en\/wp-json\/wp\/v2\/product_brand?post=2116"},{"taxonomy":"product_cat","embeddable":true,"href":"https:\/\/dev.garden.ee\/en\/wp-json\/wp\/v2\/product_cat?post=2116"},{"taxonomy":"product_tag","embeddable":true,"href":"https:\/\/dev.garden.ee\/en\/wp-json\/wp\/v2\/product_tag?post=2116"}],"curies":[{"name":"wp","href":"https:\/\/api.w.org\/{rel}","templated":true}]}}