{"id":2108,"date":"2023-01-18T17:11:19","date_gmt":"2023-01-18T15:11:19","guid":{"rendered":"https:\/\/dev.zezz.ee\/garden\/toode\/brunnera-macrophylla-jack-frost\/"},"modified":"2026-02-18T14:07:33","modified_gmt":"2026-02-18T12:07:33","slug":"brunnera-macrophylla-jack-frost","status":"publish","type":"product","link":"https:\/\/dev.garden.ee\/en\/product\/brunnera-macrophylla-jack-frost\/","title":{"rendered":"Brunnera macrophylla &#8216;Jack Frost&#8217;"},"content":{"rendered":"<input class=\"fooboxshare_post_id\" type=\"hidden\" value=\"2108\"\/>","protected":false},"excerpt":{"rendered":"<p>Brunneratele omap\u00e4raselt on ka antud sordil kontrastne lehestik, kus tumedaid leheveene \u00fcmbritseb h\u00f5bedane lehepind. Madalakasvuline p\u00fcsik on v\u00e4ga efektiivseks pilgup\u00fc\u00fcdjaks just varjulisemas kasvualas. Lisaks lehestikule pakuvad kevadised sinised \u00f5ied omakorda p\u00f5nevat v\u00e4rvi.<\/p>","protected":false},"featured_media":25337,"template":"","meta":[],"product_brand":[],"product_cat":[4415,4406,9200,4401,4412,22],"product_tag":[],"class_list":{"0":"post-2108","1":"product","2":"type-product","3":"status-publish","4":"has-post-thumbnail","6":"product_cat-lilleaed","7":"product_cat-park","8":"product_cat-pinnakatjad","9":"product_cat-pusikud","10":"product_cat-varjuaed","11":"product_cat-taimed","12":"pa_haiguskindlus-vaga-hea","13":"pa_kasvukorgus-40-cm","14":"pa_laius-50-cm","15":"pa_lehestikuvarv-hobedane","16":"pa_lehestikuvarv-roheline","17":"pa_lisainfo-dekoratiivne-lehestik","18":"pa_lisainfo-hea-pinnakatja","19":"pa_lisainfo-hirve-kahjustustele-vastupidav","20":"pa_lisainfo-janese-kahjustustele-vastupidav","21":"pa_lisainfo-sobib-osalise-varjuga-kasvualale","22":"pa_oie-varv-sinine","23":"pa_oitsemise-aeg-mai-juuni","24":"pa_talvekindlus-vaga-hea","25":"pa_tingimused-niiske","26":"pa_tsoon-2-9","27":"pa_valguse-tingimused-poolvari","28":"pa_variatsioon-suurem-pott","29":"pa_variatsioon-vaiksem-pott","31":"first","32":"instock","33":"purchasable","34":"product-type-variable"},"acf":[],"_links":{"self":[{"href":"https:\/\/dev.garden.ee\/en\/wp-json\/wp\/v2\/product\/2108","targetHints":{"allow":["GET"]}}],"collection":[{"href":"https:\/\/dev.garden.ee\/en\/wp-json\/wp\/v2\/product"}],"about":[{"href":"https:\/\/dev.garden.ee\/en\/wp-json\/wp\/v2\/types\/product"}],"wp:featuredmedia":[{"embeddable":true,"href":"https:\/\/dev.garden.ee\/en\/wp-json\/wp\/v2\/media\/25337"}],"wp:attachment":[{"href":"https:\/\/dev.garden.ee\/en\/wp-json\/wp\/v2\/media?parent=2108"}],"wp:term":[{"taxonomy":"product_brand","embeddable":true,"href":"https:\/\/dev.garden.ee\/en\/wp-json\/wp\/v2\/product_brand?post=2108"},{"taxonomy":"product_cat","embeddable":true,"href":"https:\/\/dev.garden.ee\/en\/wp-json\/wp\/v2\/product_cat?post=2108"},{"taxonomy":"product_tag","embeddable":true,"href":"https:\/\/dev.garden.ee\/en\/wp-json\/wp\/v2\/product_tag?post=2108"}],"curies":[{"name":"wp","href":"https:\/\/api.w.org\/{rel}","templated":true}]}}