{"id":2100,"date":"2023-01-18T17:11:14","date_gmt":"2023-01-18T15:11:14","guid":{"rendered":"https:\/\/dev.zezz.ee\/garden\/toode\/brunnera-macrophylla-looking-glass\/"},"modified":"2026-02-18T13:57:02","modified_gmt":"2026-02-18T11:57:02","slug":"brunnera-macrophylla-looking-glass","status":"publish","type":"product","link":"https:\/\/dev.garden.ee\/en\/product\/brunnera-macrophylla-looking-glass\/","title":{"rendered":"Brunnera macrophylla &#8216;Looking Glass&#8217;"},"content":{"rendered":"<input class=\"fooboxshare_post_id\" type=\"hidden\" value=\"2100\"\/>","protected":false},"excerpt":{"rendered":"<p>Antud sordi muudab eriliseks lehestik, mis on peaaegu tervenisti h\u00f5bedane. Rohelist leheveenistikku on pea v\u00f5imatu n\u00e4ha. Meelespea sarnased, \u00f5rnad ja \u00f5hulised, taevasinised \u00f5isikud, on taimel kevadel ja suve alguses. S\u00fcdamekujuliste lehtedega taim moodustab hostale sarnase kuhiku ja\u00a0on dekoratiivne\u00a0kogu kasvuperioodi ajal.\u00a0Kerge kasvatada, suurep\u00e4rane kandidaat metsaaeda v\u00f5i varjulisse peenrasse. Otsest p\u00e4ikest taim ei talu, osalises varjus saab kenasti hakkama. Lehestik on kevadel rohelisem,\u00a0mida aeg edasi, seda h\u00f5bedasem toon lehtedele tuleb.<\/p>","protected":false},"featured_media":23615,"template":"","meta":[],"product_brand":[],"product_cat":[4415,4406,9200,4401,4412,22],"product_tag":[9209],"class_list":{"0":"post-2100","1":"product","2":"type-product","3":"status-publish","4":"has-post-thumbnail","6":"product_cat-lilleaed","7":"product_cat-park","8":"product_cat-pinnakatjad","9":"product_cat-pusikud","10":"product_cat-varjuaed","11":"product_cat-taimed","12":"product_tag-rhs-award-of-garden-merit","13":"pa_haiguskindlus-vaga-hea","14":"pa_kasvukorgus-30-40-cm","15":"pa_laius-30-50-cm","16":"pa_lehestikuvarv-hobedane","17":"pa_lehestikuvarv-roheline","18":"pa_lisainfo-dekoratiivne-lehestik","19":"pa_lisainfo-hea-pinnakatja","20":"pa_lisainfo-hirve-kahjustustele-vastupidav","21":"pa_lisainfo-janese-kahjustustele-vastupidav","22":"pa_lisainfo-sobib-osalise-varjuga-kasvualale","23":"pa_oie-varv-sinine","24":"pa_oitsemise-aeg-mai-juuni","25":"pa_talvekindlus-vaga-hea","26":"pa_tingimused-niiske","27":"pa_tsoon-3-9","28":"pa_valguse-tingimused-poolvari","29":"pa_variatsioon-suurem-pott","30":"pa_variatsioon-vaiksem-pott","32":"first","33":"onbackorder","34":"purchasable","35":"product-type-variable"},"acf":[],"_links":{"self":[{"href":"https:\/\/dev.garden.ee\/en\/wp-json\/wp\/v2\/product\/2100","targetHints":{"allow":["GET"]}}],"collection":[{"href":"https:\/\/dev.garden.ee\/en\/wp-json\/wp\/v2\/product"}],"about":[{"href":"https:\/\/dev.garden.ee\/en\/wp-json\/wp\/v2\/types\/product"}],"wp:featuredmedia":[{"embeddable":true,"href":"https:\/\/dev.garden.ee\/en\/wp-json\/wp\/v2\/media\/23615"}],"wp:attachment":[{"href":"https:\/\/dev.garden.ee\/en\/wp-json\/wp\/v2\/media?parent=2100"}],"wp:term":[{"taxonomy":"product_brand","embeddable":true,"href":"https:\/\/dev.garden.ee\/en\/wp-json\/wp\/v2\/product_brand?post=2100"},{"taxonomy":"product_cat","embeddable":true,"href":"https:\/\/dev.garden.ee\/en\/wp-json\/wp\/v2\/product_cat?post=2100"},{"taxonomy":"product_tag","embeddable":true,"href":"https:\/\/dev.garden.ee\/en\/wp-json\/wp\/v2\/product_tag?post=2100"}],"curies":[{"name":"wp","href":"https:\/\/api.w.org\/{rel}","templated":true}]}}