{"id":2064,"date":"2023-01-18T17:10:52","date_gmt":"2023-01-18T15:10:52","guid":{"rendered":"https:\/\/dev.zezz.ee\/garden\/toode\/home-garden\/"},"modified":"2026-02-04T16:14:05","modified_gmt":"2026-02-04T14:14:05","slug":"home-garden","status":"publish","type":"product","link":"https:\/\/dev.garden.ee\/en\/product\/home-garden\/","title":{"rendered":"Home &#038; Garden\u00ae"},"content":{"rendered":"<input class=\"fooboxshare_post_id\" type=\"hidden\" value=\"2064\"\/>","protected":false},"excerpt":{"rendered":"<p>Roosaka alatooniga \u00fcmmargused pungad avanevad puhtaks roosaks, hiljem heleroosadeks suurteks, t\u00e4idetud \u00f5iteks (7-8cm). \u00d5is on kaunilt nostalgiline ja meenutab veidi merekarpi. \u00d5ied asetsevad p\u00f5\u00f5sal kobaratena. Lehestik on keskmise suurusega, tumeroheline ja tihe. P\u00f5\u00f5sas on p\u00fcstise kasvuga ja puhmjas. Rikkalik \u00f5itseja, robustse kiire kasvuga, meenutab vanu nostalgilisi roose.<\/p>\n<p>Sobib kasvatamiseks l\u00f5ikelilleks, v\u00e4iksemates gruppides ja peenardes.<\/p>","protected":false},"featured_media":2065,"template":"","meta":[],"product_brand":[],"product_cat":[4413,4416,4402,22],"product_tag":[],"class_list":{"0":"post-2064","1":"product","2":"type-product","3":"status-publish","4":"has-post-thumbnail","6":"product_cat-loikelilleaed","7":"product_cat-roosiaed","8":"product_cat-roosid","9":"product_cat-taimed","10":"pa_aretus-w-kordes-sohne","11":"pa_avalikustamisaasta-saksamaa-2001","12":"pa_haiguskindlus-hea","13":"pa_kasvukorgus-70-90-cm","14":"pa_kollektsioon-fairy-tale","15":"pa_laius-50-cm","16":"pa_lohn-orn","17":"pa_oie-suurus-keskmine","18":"pa_oie-varv-roosa","19":"pa_oietuup-taidisois","20":"pa_oitsemine-korduvalt-oitsev","21":"pa_sort-floribund-ehk-paljuoieline-roos","22":"pa_taimede-arvestus-ruutmeetri-4-5","23":"pa_talvekindlus-hea","24":"pa_variatsioon-potis-2l-kevadel","25":"pa_variatsioon-potis-4-6l","27":"first","28":"outofstock","29":"purchasable","30":"product-type-variable"},"acf":[],"_links":{"self":[{"href":"https:\/\/dev.garden.ee\/en\/wp-json\/wp\/v2\/product\/2064","targetHints":{"allow":["GET"]}}],"collection":[{"href":"https:\/\/dev.garden.ee\/en\/wp-json\/wp\/v2\/product"}],"about":[{"href":"https:\/\/dev.garden.ee\/en\/wp-json\/wp\/v2\/types\/product"}],"wp:featuredmedia":[{"embeddable":true,"href":"https:\/\/dev.garden.ee\/en\/wp-json\/wp\/v2\/media\/2065"}],"wp:attachment":[{"href":"https:\/\/dev.garden.ee\/en\/wp-json\/wp\/v2\/media?parent=2064"}],"wp:term":[{"taxonomy":"product_brand","embeddable":true,"href":"https:\/\/dev.garden.ee\/en\/wp-json\/wp\/v2\/product_brand?post=2064"},{"taxonomy":"product_cat","embeddable":true,"href":"https:\/\/dev.garden.ee\/en\/wp-json\/wp\/v2\/product_cat?post=2064"},{"taxonomy":"product_tag","embeddable":true,"href":"https:\/\/dev.garden.ee\/en\/wp-json\/wp\/v2\/product_tag?post=2064"}],"curies":[{"name":"wp","href":"https:\/\/api.w.org\/{rel}","templated":true}]}}