{"id":2056,"date":"2023-01-18T17:10:45","date_gmt":"2023-01-18T15:10:45","guid":{"rendered":"https:\/\/dev.zezz.ee\/garden\/toode\/acer-palmatum-orange-dream\/"},"modified":"2023-02-27T17:59:32","modified_gmt":"2023-02-27T15:59:32","slug":"acer-palmatum-orange-dream","status":"publish","type":"product","link":"https:\/\/dev.garden.ee\/en\/product\/acer-palmatum-orange-dream\/","title":{"rendered":"Acer palmatum &#8216;Orange Dream&#8217;"},"content":{"rendered":"<input class=\"fooboxshare_post_id\" type=\"hidden\" value=\"2056\"\/>","protected":false},"excerpt":{"rendered":"<p>K\u00fcllaltki pisike ning aeglase kasvuga heitlehine puu on kitsa p\u00fcstise kasvuga. Kaunilt erksav\u00e4rviline lehestik on pidevas muutumises. Rohelise t\u00fcvega puu kevadine lehestik on oran\u017ei \u00e4\u00e4ristusega ning keskelt kollakas, suve jooksul muutub v\u00e4rv \u00fchtlaselt laimiroheliseks. S\u00fcgisel p\u00fc\u00fcab lehestik aga pilke oma kuldkollase, erkoran\u017ei tooniga.<\/p>\n<p>Silmapaistev sort on v\u00e4ga lepliku loomuga, k\u00fcll aga eelistab kuuma keskp\u00e4eva p\u00e4ikese eest kerget varju ning kaitset tugevate tuulte eest.<\/p>","protected":false},"featured_media":2057,"template":"","meta":[],"product_brand":[],"product_cat":[4403,4406,4396,22],"product_tag":[],"class_list":{"0":"post-2056","1":"product","2":"type-product","3":"status-publish","4":"has-post-thumbnail","6":"product_cat-kodu","7":"product_cat-park","8":"product_cat-puud-ja-poosad","9":"product_cat-taimed","10":"pa_moodud-k-2-m-l-2-m","11":"pa_muugisuurus-h-100-125-cm","12":"pa_talvekindlus-kulmaorn","13":"pa_tsoon-6-9","14":"pa_variatsioon-h-100-120-cm","15":"pa_variatsioon-h-40-60-cm","16":"pa_variatsioon-h-80-100-cm","18":"first","19":"instock","20":"purchasable","21":"product-type-variable"},"acf":[],"_links":{"self":[{"href":"https:\/\/dev.garden.ee\/en\/wp-json\/wp\/v2\/product\/2056","targetHints":{"allow":["GET"]}}],"collection":[{"href":"https:\/\/dev.garden.ee\/en\/wp-json\/wp\/v2\/product"}],"about":[{"href":"https:\/\/dev.garden.ee\/en\/wp-json\/wp\/v2\/types\/product"}],"wp:featuredmedia":[{"embeddable":true,"href":"https:\/\/dev.garden.ee\/en\/wp-json\/wp\/v2\/media\/2057"}],"wp:attachment":[{"href":"https:\/\/dev.garden.ee\/en\/wp-json\/wp\/v2\/media?parent=2056"}],"wp:term":[{"taxonomy":"product_brand","embeddable":true,"href":"https:\/\/dev.garden.ee\/en\/wp-json\/wp\/v2\/product_brand?post=2056"},{"taxonomy":"product_cat","embeddable":true,"href":"https:\/\/dev.garden.ee\/en\/wp-json\/wp\/v2\/product_cat?post=2056"},{"taxonomy":"product_tag","embeddable":true,"href":"https:\/\/dev.garden.ee\/en\/wp-json\/wp\/v2\/product_tag?post=2056"}],"curies":[{"name":"wp","href":"https:\/\/api.w.org\/{rel}","templated":true}]}}