{"id":2038,"date":"2023-01-18T17:10:32","date_gmt":"2023-01-18T15:10:32","guid":{"rendered":"https:\/\/dev.zezz.ee\/garden\/toode\/lady-of-shalott\/"},"modified":"2026-02-10T12:07:26","modified_gmt":"2026-02-10T10:07:26","slug":"lady-of-shalott","status":"publish","type":"product","link":"https:\/\/dev.garden.ee\/en\/product\/lady-of-shalott\/","title":{"rendered":"Lady of Shalott"},"content":{"rendered":"<input class=\"fooboxshare_post_id\" type=\"hidden\" value=\"2038\"\/>","protected":false},"excerpt":{"rendered":"<p>\u00dcks lubavamaid roose Austini valikus &#8211; kiire kasvu, suurep\u00e4rase haigus- ja talvekindlusega ning j\u00e4rjepidevalt \u00f5itsev roos. Ideaalne roos ka algajale roosikasvatajale. \u00d5iepungad on rikkalikud oran\u017eikaspunased, mis avanevad peekrikujulisteks \u00f5iteks, mille kroonlehed ei t\u00e4ida \u00f5it liiga tihedalt. Iga kroonleht on pealt l\u00f5heroosa ja tagant kuldkollane ning annab sellega m\u00f5nusa kontrasti. Peekrikujuline \u00f5is v\u00f5imaldab m\u00f5lemaid kroonlehe pooli n\u00e4ha. Meeldiva, sooja, tee l\u00f5hnaga, milles v\u00f5ib \u00e4ra tunda nelgi ja v\u00fcrtsika \u00f5una toone. Roos kasvab kiiresti suureks puhmjaks p\u00f5\u00f5saks, mille varred on kergelt kaarduvad. Noored lehed veidi pronksjad.<\/p>\n<p>Roos on nimetatud Tennysoni \u00dchingu auks. Nimi tuleb Lord Tennysoni samanimelisest lemmikluuletusest. Luuletuses elas Lady Shalott Kuningas Arturi Cameloti lossi l\u00e4hedal lossis, kus teda hoiti maagia abil kinni.<\/p>\n<div class=\"woocommerce-product-details__short-description\">\n<p><span style=\"color: #ff0000;\">ETTETELLIMINE, V\u00c4LJASTAMINE APRILLI KESKPAIGAST<\/span><\/p>\n<\/div>","protected":false},"featured_media":2039,"template":"","meta":[],"product_brand":[],"product_cat":[4395,9637,6934,4416,4402,22],"product_tag":[],"class_list":{"0":"post-2038","1":"product","2":"type-product","3":"status-publish","4":"has-post-thumbnail","6":"product_cat-hekid","7":"product_cat-istutuskast","8":"product_cat-mesilassobralik-aed","9":"product_cat-roosiaed","10":"product_cat-roosid","11":"product_cat-taimed","12":"pa_aretus-david-austin","13":"pa_avalikustamisaasta-uhendkuningriik-2009","14":"pa_haiguskindlus-vaga-hea","15":"pa_kasvukorgus-125-cm","16":"pa_laius-80-cm","17":"pa_lisainfo-dekoratiivne-lehestik","18":"pa_lisainfo-ideaalne-heki-loomiseks","19":"pa_lisainfo-mesilaste-lemmik","20":"pa_lisainfo-sobilik-istutuskasti-jaoks","21":"pa_lisainfo-sobib-osalise-varjuga-kasvualale","22":"pa_lohn-keskmine","23":"pa_lohn-tee-lohnaline","24":"pa_oie-suurus-suur","25":"pa_oie-varv-oranz","26":"pa_oietuup-taidisois","27":"pa_oitsemine-korduvalt-oitsev","28":"pa_sort-poosasroos","29":"pa_taimede-arvestus-ruutmeetri-1-2","30":"pa_talvekindlus-vaga-hea","31":"pa_variatsioon-paljasjuurne-ainult-kevadel","32":"pa_variatsioon-potis-4-6l-suvel-ja-sugisel","34":"first","35":"outofstock","36":"purchasable","37":"product-type-variable"},"acf":[],"_links":{"self":[{"href":"https:\/\/dev.garden.ee\/en\/wp-json\/wp\/v2\/product\/2038","targetHints":{"allow":["GET"]}}],"collection":[{"href":"https:\/\/dev.garden.ee\/en\/wp-json\/wp\/v2\/product"}],"about":[{"href":"https:\/\/dev.garden.ee\/en\/wp-json\/wp\/v2\/types\/product"}],"wp:featuredmedia":[{"embeddable":true,"href":"https:\/\/dev.garden.ee\/en\/wp-json\/wp\/v2\/media\/2039"}],"wp:attachment":[{"href":"https:\/\/dev.garden.ee\/en\/wp-json\/wp\/v2\/media?parent=2038"}],"wp:term":[{"taxonomy":"product_brand","embeddable":true,"href":"https:\/\/dev.garden.ee\/en\/wp-json\/wp\/v2\/product_brand?post=2038"},{"taxonomy":"product_cat","embeddable":true,"href":"https:\/\/dev.garden.ee\/en\/wp-json\/wp\/v2\/product_cat?post=2038"},{"taxonomy":"product_tag","embeddable":true,"href":"https:\/\/dev.garden.ee\/en\/wp-json\/wp\/v2\/product_tag?post=2038"}],"curies":[{"name":"wp","href":"https:\/\/api.w.org\/{rel}","templated":true}]}}