{"id":2033,"date":"2023-01-18T17:10:25","date_gmt":"2023-01-18T15:10:25","guid":{"rendered":"https:\/\/dev.zezz.ee\/garden\/toode\/gartnerfreude\/"},"modified":"2026-03-11T19:01:28","modified_gmt":"2026-03-11T17:01:28","slug":"gartnerfreude","status":"publish","type":"product","link":"https:\/\/dev.garden.ee\/en\/product\/gartnerfreude\/","title":{"rendered":"G\u00e4rtnerfreude\u00ae"},"content":{"rendered":"<input class=\"fooboxshare_post_id\" type=\"hidden\" value=\"2033\"\/>","protected":false},"excerpt":{"rendered":"<p>S\u00fcnon\u00fc\u00fcm <em>Toscana<\/em>. Kuigi selle roosisordi \u00f5ied ei meelita l\u00f5hnaga, siis p\u00fc\u00fcab ta\u00a0 t\u00e4helepanu v\u00f5ita v\u00e4ga terve ja l\u00e4ikiva lehestikuga. Tugevad kontrastid lehtede ja \u00f5ite vahel. Pisemad \u00f5ied (3cm) on vaarikapunased, t\u00e4idetud, kobarates ning pidevas \u00f5itsemises. \u00d5itel on hea vihmakindlus. Kasv lamanduv. Sobib eraaedadesse ja avalikku haljastusse. Peale auv\u00e4\u00e4rse ADR tunnustuse on sort v\u00f5itnud mitmeid auhindu rahvusvahelistel roosiv\u00f5istlustel.\u00a0Kordes Rosen RIGO ROSEN- kollektsiooni kuuluvad suurep\u00e4rase tervisega, j\u00f5ulised ning rikkaliku \u00f5itsemisega roosid, mis r\u00f5\u00f5mustavad iga aednikku. K\u00f5igil valikkusse kuuluvatel roosidel on ADR- tunnistus, mille puhul on tegemist \u00fche n\u00f5udlikeima roosisortide hindamiss\u00fcsteemiga maailmas.<\/p>","protected":false},"featured_media":2034,"template":"","meta":[],"product_brand":[],"product_cat":[4415,4416,4402,22],"product_tag":[],"class_list":{"0":"post-2033","1":"product","2":"type-product","3":"status-publish","4":"has-post-thumbnail","6":"product_cat-lilleaed","7":"product_cat-roosiaed","8":"product_cat-roosid","9":"product_cat-taimed","10":"pa_aretus-w-kordes-sohne","11":"pa_avalikustamisaasta-saksamaa-1999","12":"pa_haiguskindlus-vaga-hea","13":"pa_kasvukorgus-30-50-cm","14":"pa_laius-60-cm","15":"pa_lohn-lohnatu","16":"pa_oie-suurus-vaike","17":"pa_oie-varv-punane","18":"pa_oietuup-taidisois","19":"pa_oitsemine-korduvalt-oitsev","20":"pa_sort-vaikepoosas","21":"pa_talvekindlus-vaga-hea","22":"pa_variatsioon-potis-2l-kevadel","23":"pa_variatsioon-potis-4-6l-suvel-ja-sugisel","24":"pa_variatsioon-tuviroos-paljasjuurne-ainult-kevadel","25":"pa_variatsioon-tuviroos-potis-suvel-ja-sugisel","27":"first","28":"outofstock","29":"purchasable","30":"product-type-variable"},"acf":[],"_links":{"self":[{"href":"https:\/\/dev.garden.ee\/en\/wp-json\/wp\/v2\/product\/2033","targetHints":{"allow":["GET"]}}],"collection":[{"href":"https:\/\/dev.garden.ee\/en\/wp-json\/wp\/v2\/product"}],"about":[{"href":"https:\/\/dev.garden.ee\/en\/wp-json\/wp\/v2\/types\/product"}],"wp:featuredmedia":[{"embeddable":true,"href":"https:\/\/dev.garden.ee\/en\/wp-json\/wp\/v2\/media\/2034"}],"wp:attachment":[{"href":"https:\/\/dev.garden.ee\/en\/wp-json\/wp\/v2\/media?parent=2033"}],"wp:term":[{"taxonomy":"product_brand","embeddable":true,"href":"https:\/\/dev.garden.ee\/en\/wp-json\/wp\/v2\/product_brand?post=2033"},{"taxonomy":"product_cat","embeddable":true,"href":"https:\/\/dev.garden.ee\/en\/wp-json\/wp\/v2\/product_cat?post=2033"},{"taxonomy":"product_tag","embeddable":true,"href":"https:\/\/dev.garden.ee\/en\/wp-json\/wp\/v2\/product_tag?post=2033"}],"curies":[{"name":"wp","href":"https:\/\/api.w.org\/{rel}","templated":true}]}}