{"id":1977,"date":"2023-01-18T17:09:38","date_gmt":"2023-01-18T15:09:38","guid":{"rendered":"https:\/\/dev.zezz.ee\/garden\/toode\/cornus-sanguinea-winter-beauty\/"},"modified":"2023-03-20T13:51:59","modified_gmt":"2023-03-20T11:51:59","slug":"cornus-sanguinea-winter-beauty","status":"publish","type":"product","link":"https:\/\/dev.garden.ee\/en\/product\/cornus-sanguinea-winter-beauty\/","title":{"rendered":"Cornus sanguinea &#8216;Winter Beauty&#8217;"},"content":{"rendered":"<input class=\"fooboxshare_post_id\" type=\"hidden\" value=\"1977\"\/>","protected":false},"excerpt":{"rendered":"<p>Tegemist on p\u00f5\u00f5saga, mis oma erilisust esitleb alles k\u00fclmaperioodi tulekuga. Olekult laiuv ning tihe p\u00f5\u00f5sas, kannab kevadest suve l\u00f5puni helerohelist lehestikku. Suve alguses paistavad lehestiku vahelt v\u00e4lja ka v\u00e4ikesed valged \u00f5ied, millest hiljem valmivad tumepurpursed <span style=\"color: #000000;\">viljad. Lehestik muutub aga s\u00fcgise tulekul m\u00e4nguliselt oran\u017eikaskollaseks. Kui talvel aiast enamasti v\u00e4rv kaob, siis antud p\u00f5\u00f5sas \u00e4rkaks hoopis just kui ellu. Nimelt lehestiku langedes tulevad esile tema p\u00f5nevalt erkoran\u017eikaspunased v\u00f5rsed.<\/span><\/p>","protected":false},"featured_media":1978,"template":"","meta":[],"product_brand":[],"product_cat":[4403,4395,4406,4396,4412,22],"product_tag":[],"class_list":{"0":"post-1977","1":"product","2":"type-product","3":"status-publish","4":"has-post-thumbnail","6":"product_cat-kodu","7":"product_cat-hekid","8":"product_cat-park","9":"product_cat-puud-ja-poosad","10":"product_cat-varjuaed","11":"product_cat-taimed","12":"pa_moodud-k-15-2-m-l-15-m","13":"pa_muugisuurus-h-40-60-cm","14":"pa_oie-varv-valge","15":"pa_talvekindlus-keskmine","16":"pa_tsoon-5-7","17":"pa_variatsioon-poosas-h-30-40-cm","18":"pa_variatsioon-poosas-h-40-60-cm","20":"first","21":"instock","22":"taxable","23":"shipping-taxable","24":"purchasable","25":"product-type-variable"},"acf":[],"_links":{"self":[{"href":"https:\/\/dev.garden.ee\/en\/wp-json\/wp\/v2\/product\/1977","targetHints":{"allow":["GET"]}}],"collection":[{"href":"https:\/\/dev.garden.ee\/en\/wp-json\/wp\/v2\/product"}],"about":[{"href":"https:\/\/dev.garden.ee\/en\/wp-json\/wp\/v2\/types\/product"}],"wp:featuredmedia":[{"embeddable":true,"href":"https:\/\/dev.garden.ee\/en\/wp-json\/wp\/v2\/media\/1978"}],"wp:attachment":[{"href":"https:\/\/dev.garden.ee\/en\/wp-json\/wp\/v2\/media?parent=1977"}],"wp:term":[{"taxonomy":"product_brand","embeddable":true,"href":"https:\/\/dev.garden.ee\/en\/wp-json\/wp\/v2\/product_brand?post=1977"},{"taxonomy":"product_cat","embeddable":true,"href":"https:\/\/dev.garden.ee\/en\/wp-json\/wp\/v2\/product_cat?post=1977"},{"taxonomy":"product_tag","embeddable":true,"href":"https:\/\/dev.garden.ee\/en\/wp-json\/wp\/v2\/product_tag?post=1977"}],"curies":[{"name":"wp","href":"https:\/\/api.w.org\/{rel}","templated":true}]}}