{"id":1928,"date":"2023-01-18T17:09:08","date_gmt":"2023-01-18T15:09:08","guid":{"rendered":"https:\/\/dev.zezz.ee\/garden\/toode\/alaska-future\/"},"modified":"2026-01-31T00:24:53","modified_gmt":"2026-01-30T22:24:53","slug":"alaska-future","status":"publish","type":"product","link":"https:\/\/dev.garden.ee\/en\/product\/alaska-future\/","title":{"rendered":"Alaska\u00ae \/ Future\u00ae"},"content":{"rendered":"<input class=\"fooboxshare_post_id\" type=\"hidden\" value=\"1928\"\/>","protected":false},"excerpt":{"rendered":"<p>Uue p\u00f5lvkonna roniroos. Kaunite, t\u00e4idetud \u00f5itega pidevalt \u00f5itsev sort. Piklikest \u00f5ienuppudest avanevad puhasvalged \u00f5ied on u 8 cm l\u00e4bim\u00f5\u00f5duga, \u00fches \u00f5ies v\u00f5ib olla kuni 80 kroonlehte. Tasakaalustatud magusa aroomiga roos, kus kirglik kombinatsioon v\u00e4rskest sidrunist areneb edasi k\u00fcpseks sidrunheinaks. Puuviljane lit\u0161i p\u00f5imub tugeva roosiga ning pat\u0161ul lisab\u00a0t\u00e4idlust ja klassikalist iseloomu. Tugevaim l\u00f5hn\u00a0on \u00f5htuti. Haiguskindel sort on rahvusvahelistel roosiv\u00f5istlustel p\u00e4rjatud mitmete kuldmedalitega.<\/p>","protected":false},"featured_media":1929,"template":"","meta":[],"product_brand":[],"product_cat":[4414,4397,4416,4402,22],"product_tag":[],"class_list":{"0":"post-1928","1":"product","2":"type-product","3":"status-publish","4":"has-post-thumbnail","6":"product_cat-lohnaaed","7":"product_cat-ronitaimed","8":"product_cat-roosiaed","9":"product_cat-roosid","10":"product_cat-taimed","11":"pa_aretus-w-kordes-sohne","12":"pa_avalikustamisaasta-saksamaa-2005","13":"pa_haiguskindlus-vaga-hea","14":"pa_kasvukorgus-180-200-cm","15":"pa_laius-100-cm","16":"pa_lisainfo-ronitaim","17":"pa_lisainfo-sobib-lohnaaeda","18":"pa_lohn-keskmine","19":"pa_oie-suurus-keskmine","20":"pa_oie-varv-valge","21":"pa_oietuup-taidisois","22":"pa_oitsemine-korduvalt-oitsev","23":"pa_sort-roniroos","24":"pa_taimede-arvestus-ruutmeetri-9220","25":"pa_talvekindlus-vaga-hea","26":"pa_variatsioon-potis-2l-kevadel","27":"pa_variatsioon-potis-4-6l","29":"first","30":"instock","31":"purchasable","32":"product-type-variable"},"acf":[],"_links":{"self":[{"href":"https:\/\/dev.garden.ee\/en\/wp-json\/wp\/v2\/product\/1928","targetHints":{"allow":["GET"]}}],"collection":[{"href":"https:\/\/dev.garden.ee\/en\/wp-json\/wp\/v2\/product"}],"about":[{"href":"https:\/\/dev.garden.ee\/en\/wp-json\/wp\/v2\/types\/product"}],"wp:featuredmedia":[{"embeddable":true,"href":"https:\/\/dev.garden.ee\/en\/wp-json\/wp\/v2\/media\/1929"}],"wp:attachment":[{"href":"https:\/\/dev.garden.ee\/en\/wp-json\/wp\/v2\/media?parent=1928"}],"wp:term":[{"taxonomy":"product_brand","embeddable":true,"href":"https:\/\/dev.garden.ee\/en\/wp-json\/wp\/v2\/product_brand?post=1928"},{"taxonomy":"product_cat","embeddable":true,"href":"https:\/\/dev.garden.ee\/en\/wp-json\/wp\/v2\/product_cat?post=1928"},{"taxonomy":"product_tag","embeddable":true,"href":"https:\/\/dev.garden.ee\/en\/wp-json\/wp\/v2\/product_tag?post=1928"}],"curies":[{"name":"wp","href":"https:\/\/api.w.org\/{rel}","templated":true}]}}