{"id":1914,"date":"2023-01-18T17:08:56","date_gmt":"2023-01-18T15:08:56","guid":{"rendered":"https:\/\/dev.zezz.ee\/garden\/toode\/syringa-vulgaris-primrose\/"},"modified":"2023-03-30T13:59:39","modified_gmt":"2023-03-30T10:59:39","slug":"syringa-vulgaris-primrose","status":"publish","type":"product","link":"https:\/\/dev.garden.ee\/en\/product\/syringa-vulgaris-primrose\/","title":{"rendered":"Syringa vulgaris &#8216;Primrose&#8217;"},"content":{"rendered":"<input class=\"fooboxshare_post_id\" type=\"hidden\" value=\"1914\"\/>","protected":false},"excerpt":{"rendered":"<p>L\u00f5hnavad koonus\u00f5isikud koosnevad kreemjaskollastest \u00f5itest, veel kinnised \u00f5ienupud on rohekaskollased. S\u00fcdajad lehed on kergelt sinakasrohelised. Rikkalik \u00f5itseja meelitab nii liblikaid kui mesilasi.<\/p>","protected":false},"featured_media":1915,"template":"","meta":[],"product_brand":[],"product_cat":[4403,4395,4414,6934,4406,4396,22],"product_tag":[],"class_list":{"0":"post-1914","1":"product","2":"type-product","3":"status-publish","4":"has-post-thumbnail","6":"product_cat-kodu","7":"product_cat-hekid","8":"product_cat-lohnaaed","9":"product_cat-mesilassobralik-aed","10":"product_cat-park","11":"product_cat-puud-ja-poosad","12":"product_cat-taimed","13":"pa_moodud-k-3-m-l-2-m","14":"pa_muugisuurus-erinevad-suurused","15":"pa_oie-varv-kreemjas","16":"pa_oitsemise-aeg-mai-juuni","17":"pa_talvekindlus-vaga-hea","18":"pa_variatsioon-poosas-h-100-125-cm","19":"pa_variatsioon-poosas-h-120-150-cm","20":"pa_variatsioon-poosas-h-150-175-cm","21":"pa_variatsioon-poosas-h-150-200-cm","22":"pa_variatsioon-poosas-pott-10l","23":"pa_variatsioon-poosas-pott-2l","25":"first","26":"instock","27":"taxable","28":"shipping-taxable","29":"purchasable","30":"product-type-variable"},"acf":[],"_links":{"self":[{"href":"https:\/\/dev.garden.ee\/en\/wp-json\/wp\/v2\/product\/1914","targetHints":{"allow":["GET"]}}],"collection":[{"href":"https:\/\/dev.garden.ee\/en\/wp-json\/wp\/v2\/product"}],"about":[{"href":"https:\/\/dev.garden.ee\/en\/wp-json\/wp\/v2\/types\/product"}],"wp:featuredmedia":[{"embeddable":true,"href":"https:\/\/dev.garden.ee\/en\/wp-json\/wp\/v2\/media\/1915"}],"wp:attachment":[{"href":"https:\/\/dev.garden.ee\/en\/wp-json\/wp\/v2\/media?parent=1914"}],"wp:term":[{"taxonomy":"product_brand","embeddable":true,"href":"https:\/\/dev.garden.ee\/en\/wp-json\/wp\/v2\/product_brand?post=1914"},{"taxonomy":"product_cat","embeddable":true,"href":"https:\/\/dev.garden.ee\/en\/wp-json\/wp\/v2\/product_cat?post=1914"},{"taxonomy":"product_tag","embeddable":true,"href":"https:\/\/dev.garden.ee\/en\/wp-json\/wp\/v2\/product_tag?post=1914"}],"curies":[{"name":"wp","href":"https:\/\/api.w.org\/{rel}","templated":true}]}}