{"id":1882,"date":"2023-01-18T17:08:37","date_gmt":"2023-01-18T15:08:37","guid":{"rendered":"https:\/\/dev.zezz.ee\/garden\/toode\/larissa\/"},"modified":"2026-02-06T17:01:04","modified_gmt":"2026-02-06T15:01:04","slug":"larissa","status":"publish","type":"product","link":"https:\/\/dev.garden.ee\/en\/product\/larissa\/","title":{"rendered":"Larissa\u00ae"},"content":{"rendered":"<input class=\"fooboxshare_post_id\" type=\"hidden\" value=\"1882\"\/>","protected":false},"excerpt":{"rendered":"<p>P\u00fcstise ja puhmja kasvuga \u00f5iterohke sort, mis n\u00f5uab suhteliselt v\u00e4hest hooldust. Romantilised 4-5cm \u00f5ied on v\u00e4ga t\u00e4idlased ja kausjad, koosnedes ligi 75 kroonlehest. \u00d5itel on vanaroosile omane v\u00f5lu ning nende v\u00e4rvus on roosa, kroonlehtede alumine k\u00fclg on heledama varjundiga. Lehestik on keskmise suurusega, l\u00e4ikiv, tumeroheline. Talub pisut varjulisemat kasvuala.<\/p>\n<p>Sobib kasutamiseks poolvarjus, hekkideks, pottides, \u00e4\u00e4risteks.<\/p>\n<p>Auhinnad rahvusvahelistel roosiv\u00f5istlustel, n\u00e4iteks Orl\u00e9ans&#8217;i Kuldne Roos, ADR.<\/p>\n<p><span style=\"color: #ff0000;\">ETTETELLIMINE, V\u00c4LJASTAMINE APRILLI TEISEST POOLEST<\/span><\/p>","protected":false},"featured_media":1883,"template":"","meta":[],"product_brand":[],"product_cat":[4395,9637,4415,4416,4402,22],"product_tag":[],"class_list":{"0":"post-1882","1":"product","2":"type-product","3":"status-publish","4":"has-post-thumbnail","6":"product_cat-hekid","7":"product_cat-istutuskast","8":"product_cat-lilleaed","9":"product_cat-roosiaed","10":"product_cat-roosid","11":"product_cat-taimed","12":"pa_adr-jah","13":"pa_aretus-w-kordes-sohne","14":"pa_avalikustamisaasta-saksamaa-2008","15":"pa_haiguskindlus-vaga-hea","16":"pa_kasvukorgus-50-80-cm","17":"pa_kollektsioon-rigo-roses","18":"pa_laius-60-cm","19":"pa_lisainfo-ideaalne-heki-loomiseks","20":"pa_lisainfo-sobilik-istutuskasti-jaoks","21":"pa_lisainfo-sobib-osalise-varjuga-kasvualale","22":"pa_lohn-orn","23":"pa_oie-suurus-vaike","24":"pa_oie-varv-roosa","25":"pa_oietuup-taidisois","26":"pa_oitsemine-korduvalt-oitsev","27":"pa_sort-vaikepoosas","28":"pa_talvekindlus-vaga-hea","29":"pa_variatsioon-potis-2l-kevadel","30":"pa_variatsioon-potis-4-6l","32":"first","33":"outofstock","34":"purchasable","35":"product-type-variable"},"acf":[],"_links":{"self":[{"href":"https:\/\/dev.garden.ee\/en\/wp-json\/wp\/v2\/product\/1882","targetHints":{"allow":["GET"]}}],"collection":[{"href":"https:\/\/dev.garden.ee\/en\/wp-json\/wp\/v2\/product"}],"about":[{"href":"https:\/\/dev.garden.ee\/en\/wp-json\/wp\/v2\/types\/product"}],"wp:featuredmedia":[{"embeddable":true,"href":"https:\/\/dev.garden.ee\/en\/wp-json\/wp\/v2\/media\/1883"}],"wp:attachment":[{"href":"https:\/\/dev.garden.ee\/en\/wp-json\/wp\/v2\/media?parent=1882"}],"wp:term":[{"taxonomy":"product_brand","embeddable":true,"href":"https:\/\/dev.garden.ee\/en\/wp-json\/wp\/v2\/product_brand?post=1882"},{"taxonomy":"product_cat","embeddable":true,"href":"https:\/\/dev.garden.ee\/en\/wp-json\/wp\/v2\/product_cat?post=1882"},{"taxonomy":"product_tag","embeddable":true,"href":"https:\/\/dev.garden.ee\/en\/wp-json\/wp\/v2\/product_tag?post=1882"}],"curies":[{"name":"wp","href":"https:\/\/api.w.org\/{rel}","templated":true}]}}