{"id":1872,"date":"2023-01-18T17:08:31","date_gmt":"2023-01-18T15:08:31","guid":{"rendered":"https:\/\/dev.zezz.ee\/garden\/toode\/chapeau-de-napoleon-cristata\/"},"modified":"2026-02-01T20:55:58","modified_gmt":"2026-02-01T18:55:58","slug":"chapeau-de-napoleon-cristata","status":"publish","type":"product","link":"https:\/\/dev.garden.ee\/en\/product\/chapeau-de-napoleon-cristata\/","title":{"rendered":"Chapeau de Napol\u00e9on \/ Cristata"},"content":{"rendered":"<input class=\"fooboxshare_post_id\" type=\"hidden\" value=\"1872\"\/>","protected":false},"excerpt":{"rendered":"<p data-start=\"0\" data-end=\"537\">\u00d5ied on longus, roosad ja t\u00e4idis\u00f5ielised, kroonlehti 26\u201340; \u00f5ievorm on kausjas ja neljandikeks jaotunud ning v\u00e4ga tugeva l\u00f5hnaga. \u00d5iep\u00f5hi l\u00f5peb narmastega tupplehtedega, mis \u00fcmbritsevad punga ja meenutavad Napoleoni kahetipulist k\u00fcbarat (bicorne). Taim kasvab j\u00f5uliselt ja p\u00f5\u00f5sasjalt, tal on kaunis lehestik, hea haiguskindlus ning ta talub ka poolvarju.<\/p>\n<p data-start=\"0\" data-end=\"537\">Sordi avastas Kirsch 1927. aastal ning Vibert t\u00f5i selle Prantsusmaal turule 1928. aastal nime all <em data-start=\"515\" data-end=\"536\">Centifolia Cristata<\/em>.<\/p>\n<p data-start=\"539\" data-end=\"711\" data-is-last-node=\"\" data-is-only-node=\"\">Ch\u00e2peau de Napol\u00e9on on nimetatud Prantsuse riigimehe ja s\u00f5jav\u00e4ejuhi Napoleon Bonaparte\u2019i j\u00e4rgi.<\/p>","protected":false},"featured_media":1873,"template":"","meta":[],"product_brand":[],"product_cat":[4415,4414,4416,4402,22],"product_tag":[],"class_list":{"0":"post-1872","1":"product","2":"type-product","3":"status-publish","4":"has-post-thumbnail","6":"product_cat-lilleaed","7":"product_cat-lohnaaed","8":"product_cat-roosiaed","9":"product_cat-roosid","10":"product_cat-taimed","11":"pa_aretus-kirche-kirsch","12":"pa_avalikustamisaasta-sveits-1927","13":"pa_haiguskindlus-keskmine","14":"pa_laius-1-m","15":"pa_lisainfo-sobib-lohnaaeda","16":"pa_lohn-tugev","17":"pa_oie-suurus-keskmine","18":"pa_oie-varv-roosa","19":"pa_oietuup-taidisois","20":"pa_oitsemine-uhekordne-oitsemine","21":"pa_sort-vanaaegne-roos","22":"pa_sunonuum-centifolia-cristata","23":"pa_sunonuum-crested-moss","24":"pa_talvekindlus-keskmine","25":"pa_variatsioon-paljasjuurne-ainult-kevadel","26":"pa_variatsioon-potis-4-6l","27":"pa_variatsioon-potis-4-6l-suvel-ja-sugisel","29":"first","30":"instock","31":"taxable","32":"shipping-taxable","33":"purchasable","34":"product-type-variable"},"acf":[],"_links":{"self":[{"href":"https:\/\/dev.garden.ee\/en\/wp-json\/wp\/v2\/product\/1872","targetHints":{"allow":["GET"]}}],"collection":[{"href":"https:\/\/dev.garden.ee\/en\/wp-json\/wp\/v2\/product"}],"about":[{"href":"https:\/\/dev.garden.ee\/en\/wp-json\/wp\/v2\/types\/product"}],"wp:featuredmedia":[{"embeddable":true,"href":"https:\/\/dev.garden.ee\/en\/wp-json\/wp\/v2\/media\/1873"}],"wp:attachment":[{"href":"https:\/\/dev.garden.ee\/en\/wp-json\/wp\/v2\/media?parent=1872"}],"wp:term":[{"taxonomy":"product_brand","embeddable":true,"href":"https:\/\/dev.garden.ee\/en\/wp-json\/wp\/v2\/product_brand?post=1872"},{"taxonomy":"product_cat","embeddable":true,"href":"https:\/\/dev.garden.ee\/en\/wp-json\/wp\/v2\/product_cat?post=1872"},{"taxonomy":"product_tag","embeddable":true,"href":"https:\/\/dev.garden.ee\/en\/wp-json\/wp\/v2\/product_tag?post=1872"}],"curies":[{"name":"wp","href":"https:\/\/api.w.org\/{rel}","templated":true}]}}