{"id":1869,"date":"2023-01-18T17:08:28","date_gmt":"2023-01-18T15:08:28","guid":{"rendered":"https:\/\/dev.zezz.ee\/garden\/toode\/iris-sibirica-caesars-brother\/"},"modified":"2026-02-28T10:19:05","modified_gmt":"2026-02-28T08:19:05","slug":"iris-sibirica-caesars-brother","status":"publish","type":"product","link":"https:\/\/dev.garden.ee\/en\/product\/iris-sibirica-caesars-brother\/","title":{"rendered":"Iris sibirica &#8216;Caesar&#8217;s Brother&#8217;"},"content":{"rendered":"<input class=\"fooboxshare_post_id\" type=\"hidden\" value=\"1869\"\/>","protected":false},"excerpt":{"rendered":"<p>S\u00fcgavvioletse v\u00e4rviga, kohati lausa mustja varjundiga \u00f5ied. Tegemist on varasema sordiga, mis aegade jooksul p\u00e4lvinud mitmeid auhindu. Sort on nii pikalt konkurentsis p\u00fcsinud just t\u00e4nu oma j\u00f5ulise kasvu ning erakordse v\u00e4rvi t\u00f5ttu. \u00d5ides t\u00e4iskasvanud taimeklumbid on lihtsalt jalustrabavad.<\/p>","protected":false},"featured_media":1870,"template":"","meta":[],"product_brand":[],"product_cat":[4398,4415,4401,4409,4392,22],"product_tag":[],"class_list":{"0":"post-1869","1":"product","2":"type-product","3":"status-publish","4":"has-post-thumbnail","6":"product_cat-iirised","7":"product_cat-lilleaed","8":"product_cat-pusikud","9":"product_cat-tiigiaed","10":"product_cat-tiigitaimed","11":"product_cat-taimed","12":"pa_lohn-keskmine","13":"pa_oie-varv-sinine","14":"pa_oitsemise-aeg-varajane","15":"pa_talvekindlus-vaga-hea","16":"pa_tsoon-5-9","17":"pa_variatsioon-suurem-pott","18":"pa_variatsioon-vaiksem-pott","20":"first","21":"outofstock","22":"purchasable","23":"product-type-variable"},"acf":[],"_links":{"self":[{"href":"https:\/\/dev.garden.ee\/en\/wp-json\/wp\/v2\/product\/1869","targetHints":{"allow":["GET"]}}],"collection":[{"href":"https:\/\/dev.garden.ee\/en\/wp-json\/wp\/v2\/product"}],"about":[{"href":"https:\/\/dev.garden.ee\/en\/wp-json\/wp\/v2\/types\/product"}],"wp:featuredmedia":[{"embeddable":true,"href":"https:\/\/dev.garden.ee\/en\/wp-json\/wp\/v2\/media\/1870"}],"wp:attachment":[{"href":"https:\/\/dev.garden.ee\/en\/wp-json\/wp\/v2\/media?parent=1869"}],"wp:term":[{"taxonomy":"product_brand","embeddable":true,"href":"https:\/\/dev.garden.ee\/en\/wp-json\/wp\/v2\/product_brand?post=1869"},{"taxonomy":"product_cat","embeddable":true,"href":"https:\/\/dev.garden.ee\/en\/wp-json\/wp\/v2\/product_cat?post=1869"},{"taxonomy":"product_tag","embeddable":true,"href":"https:\/\/dev.garden.ee\/en\/wp-json\/wp\/v2\/product_tag?post=1869"}],"curies":[{"name":"wp","href":"https:\/\/api.w.org\/{rel}","templated":true}]}}