{"id":1850,"date":"2023-01-18T17:08:15","date_gmt":"2023-01-18T15:08:15","guid":{"rendered":"https:\/\/dev.zezz.ee\/garden\/toode\/primula-florindae\/"},"modified":"2026-03-07T12:01:14","modified_gmt":"2026-03-07T10:01:14","slug":"primula-florindae","status":"publish","type":"product","link":"https:\/\/dev.garden.ee\/en\/product\/primula-florindae\/","title":{"rendered":"Primula florindae"},"content":{"rendered":"<input class=\"fooboxshare_post_id\" type=\"hidden\" value=\"1850\"\/>","protected":false},"excerpt":{"rendered":"<p>Priimulaid on v\u00e4ga palju erinevaid sorte. \u00dcks v\u00e4ga teistmoodi on tiibeti priimula. P\u00fcstiste varte otsas on longus helekollased \u00f5itesarikad. Aromaatsed \u00f5ied p\u00fc\u00fcavad pilku suvi l\u00e4bi. J\u00f5ulise kasvuga pikaealine taim sobib suurep\u00e4raselt niiskemasse kasvualasse n\u00e4iteks veekogu \u00e4\u00e4rde kaldataimeks. Tunnustatud Award of Garden Meritiga. Vastupidav taim, ka jahedamal suvel. Isek\u00fclvav, saamaks uusi taimi, v\u00f5ib korjata valminud seemneid ja need kevadel uuesti peenrasse k\u00fclvata. Seemned p\u00fcsivad eluj\u00f5ulisena mitu aastat.<\/p>","protected":false},"featured_media":25947,"template":"","meta":[],"product_brand":[],"product_cat":[4406,4401,4409,4392,4412,22],"product_tag":[9209],"class_list":{"0":"post-1850","1":"product","2":"type-product","3":"status-publish","4":"has-post-thumbnail","6":"product_cat-park","7":"product_cat-pusikud","8":"product_cat-tiigiaed","9":"product_cat-tiigitaimed","10":"product_cat-varjuaed","11":"product_cat-taimed","12":"product_tag-rhs-award-of-garden-merit","13":"pa_haiguskindlus-hea","14":"pa_moodud-k-60-cm-l-30-cm","15":"pa_oie-varv-kollane","16":"pa_oitsemise-aeg-juuni-august","17":"pa_talvekindlus-hea","18":"pa_variatsioon-suurem-pott","19":"pa_variatsioon-vaiksem-pott","21":"first","22":"outofstock","23":"purchasable","24":"product-type-variable"},"acf":[],"_links":{"self":[{"href":"https:\/\/dev.garden.ee\/en\/wp-json\/wp\/v2\/product\/1850","targetHints":{"allow":["GET"]}}],"collection":[{"href":"https:\/\/dev.garden.ee\/en\/wp-json\/wp\/v2\/product"}],"about":[{"href":"https:\/\/dev.garden.ee\/en\/wp-json\/wp\/v2\/types\/product"}],"wp:featuredmedia":[{"embeddable":true,"href":"https:\/\/dev.garden.ee\/en\/wp-json\/wp\/v2\/media\/25947"}],"wp:attachment":[{"href":"https:\/\/dev.garden.ee\/en\/wp-json\/wp\/v2\/media?parent=1850"}],"wp:term":[{"taxonomy":"product_brand","embeddable":true,"href":"https:\/\/dev.garden.ee\/en\/wp-json\/wp\/v2\/product_brand?post=1850"},{"taxonomy":"product_cat","embeddable":true,"href":"https:\/\/dev.garden.ee\/en\/wp-json\/wp\/v2\/product_cat?post=1850"},{"taxonomy":"product_tag","embeddable":true,"href":"https:\/\/dev.garden.ee\/en\/wp-json\/wp\/v2\/product_tag?post=1850"}],"curies":[{"name":"wp","href":"https:\/\/api.w.org\/{rel}","templated":true}]}}