{"id":1845,"date":"2023-01-18T17:08:12","date_gmt":"2023-01-18T15:08:12","guid":{"rendered":"https:\/\/dev.zezz.ee\/garden\/toode\/bluhwunder-08\/"},"modified":"2026-02-01T18:27:07","modified_gmt":"2026-02-01T16:27:07","slug":"bluhwunder-08","status":"publish","type":"product","link":"https:\/\/dev.garden.ee\/en\/product\/bluhwunder-08\/","title":{"rendered":"Bl\u00fchwunder 08\u00ae"},"content":{"rendered":"<input class=\"fooboxshare_post_id\" type=\"hidden\" value=\"1845\"\/>","protected":false},"excerpt":{"rendered":"<p>Kompaktse kasvuga, terve ja suhteliselt hooldusvaba v\u00e4ikep\u00f5\u00f5sas intensiivsete roosade \u00f5itega, mis kasvavad kobaratena. Ideaalne massistutuseks v\u00f5i konteinerisse.<\/p>","protected":false},"featured_media":1846,"template":"","meta":[],"product_brand":[],"product_cat":[4415,6934,4416,4402,22],"product_tag":[9417],"class_list":{"0":"post-1845","1":"product","2":"type-product","3":"status-publish","4":"has-post-thumbnail","6":"product_cat-lilleaed","7":"product_cat-mesilassobralik-aed","8":"product_cat-roosiaed","9":"product_cat-roosid","10":"product_cat-taimed","11":"product_tag-soodushind-50","12":"pa_aretus-w-kordes-sohne","13":"pa_avalikustamisaasta-saksamaa-2008","14":"pa_haiguskindlus-vaga-hea","15":"pa_laius-50-cm","16":"pa_lisainfo-hea-pinnakatja","17":"pa_lisainfo-sobilik-istutuskasti-jaoks","18":"pa_lohn-orn","19":"pa_oie-suurus-keskmine","20":"pa_oie-varv-roosa","21":"pa_oietuup-pooltaidisois","22":"pa_oitsemine-korduvalt-oitsev","23":"pa_sort-pinnakatteroos","24":"pa_taimede-arvestus-ruutmeetri-3-4","25":"pa_talvekindlus-vaga-hea","26":"pa_variatsioon-potis-4-6l-soodushind-50","28":"first","29":"outofstock","30":"sale","31":"purchasable","32":"product-type-variable"},"acf":[],"_links":{"self":[{"href":"https:\/\/dev.garden.ee\/en\/wp-json\/wp\/v2\/product\/1845","targetHints":{"allow":["GET"]}}],"collection":[{"href":"https:\/\/dev.garden.ee\/en\/wp-json\/wp\/v2\/product"}],"about":[{"href":"https:\/\/dev.garden.ee\/en\/wp-json\/wp\/v2\/types\/product"}],"wp:featuredmedia":[{"embeddable":true,"href":"https:\/\/dev.garden.ee\/en\/wp-json\/wp\/v2\/media\/1846"}],"wp:attachment":[{"href":"https:\/\/dev.garden.ee\/en\/wp-json\/wp\/v2\/media?parent=1845"}],"wp:term":[{"taxonomy":"product_brand","embeddable":true,"href":"https:\/\/dev.garden.ee\/en\/wp-json\/wp\/v2\/product_brand?post=1845"},{"taxonomy":"product_cat","embeddable":true,"href":"https:\/\/dev.garden.ee\/en\/wp-json\/wp\/v2\/product_cat?post=1845"},{"taxonomy":"product_tag","embeddable":true,"href":"https:\/\/dev.garden.ee\/en\/wp-json\/wp\/v2\/product_tag?post=1845"}],"curies":[{"name":"wp","href":"https:\/\/api.w.org\/{rel}","templated":true}]}}