{"id":1803,"date":"2023-01-18T17:07:42","date_gmt":"2023-01-18T15:07:42","guid":{"rendered":"https:\/\/dev.zezz.ee\/garden\/toode\/garden-of-roses\/"},"modified":"2026-02-10T16:48:44","modified_gmt":"2026-02-10T14:48:44","slug":"garden-of-roses","status":"publish","type":"product","link":"https:\/\/dev.garden.ee\/en\/product\/garden-of-roses\/","title":{"rendered":"Garden of Roses\u00ae"},"content":{"rendered":"<input class=\"fooboxshare_post_id\" type=\"hidden\" value=\"1803\"\/>","protected":false},"excerpt":{"rendered":"<p>Kompaktse kasvuga roos, millel on vanaroosi meenutavad, \u00f5rna l\u00f5hnaga kreemjad, keskelt aprikoosi varjundiga \u00f5ied. V\u00e4ga t\u00e4idetud (kuni 80 kroonlehte) suured (7-8cm) \u00f5ied on rosetjad ja paiknevad p\u00f5\u00f5sal kobaratena. Lehestik keskmise suurusega ja l\u00e4ikiv.<\/p>\n<p>Hea roos v\u00e4ikestesse aedadesse, r\u00f5dule ja konteineritesse.<\/p>\n<p>Auhinnad rahvusvahelistelt roosiv\u00f5istlustelt; ADR.<\/p>","protected":false},"featured_media":1804,"template":"","meta":[],"product_brand":[],"product_cat":[9637,4416,4402,4408,22],"product_tag":[9418,9417],"class_list":{"0":"post-1803","1":"product","2":"type-product","3":"status-publish","4":"has-post-thumbnail","6":"product_cat-istutuskast","7":"product_cat-roosiaed","8":"product_cat-roosid","9":"product_cat-vaike-aed","10":"product_cat-taimed","11":"product_tag-adr-roos","12":"product_tag-soodushind-50","13":"pa_aretus-w-kordes-sohne","14":"pa_avalikustamisaasta-saksamaa-2006","15":"pa_haiguskindlus-vaga-hea","16":"pa_kasvukorgus-40-60-cm","17":"pa_laius-40-50-cm","18":"pa_lisainfo-sobilik-istutuskasti-jaoks","19":"pa_lisainfo-sobib-osalise-varjuga-kasvualale","20":"pa_lohn-orn","21":"pa_oie-suurus-keskmine","22":"pa_oie-varv-kreemjas","23":"pa_oie-varv-pastelne-roosa","24":"pa_oietuup-taidisois","25":"pa_oitsemine-korduvalt-oitsev","26":"pa_sort-vaikepoosas","27":"pa_taimede-arvestus-ruutmeetri-4-5","28":"pa_talvekindlus-vaga-hea","29":"pa_variatsioon-potis-2l-kevadel","30":"pa_variatsioon-potis-4-6l","31":"pa_variatsioon-tuviroos-potis-5l","32":"pa_variatsioon-tuviroos-5l-soodushind-50","34":"first","35":"outofstock","36":"sale","37":"purchasable","38":"product-type-variable"},"acf":[],"_links":{"self":[{"href":"https:\/\/dev.garden.ee\/en\/wp-json\/wp\/v2\/product\/1803","targetHints":{"allow":["GET"]}}],"collection":[{"href":"https:\/\/dev.garden.ee\/en\/wp-json\/wp\/v2\/product"}],"about":[{"href":"https:\/\/dev.garden.ee\/en\/wp-json\/wp\/v2\/types\/product"}],"wp:featuredmedia":[{"embeddable":true,"href":"https:\/\/dev.garden.ee\/en\/wp-json\/wp\/v2\/media\/1804"}],"wp:attachment":[{"href":"https:\/\/dev.garden.ee\/en\/wp-json\/wp\/v2\/media?parent=1803"}],"wp:term":[{"taxonomy":"product_brand","embeddable":true,"href":"https:\/\/dev.garden.ee\/en\/wp-json\/wp\/v2\/product_brand?post=1803"},{"taxonomy":"product_cat","embeddable":true,"href":"https:\/\/dev.garden.ee\/en\/wp-json\/wp\/v2\/product_cat?post=1803"},{"taxonomy":"product_tag","embeddable":true,"href":"https:\/\/dev.garden.ee\/en\/wp-json\/wp\/v2\/product_tag?post=1803"}],"curies":[{"name":"wp","href":"https:\/\/api.w.org\/{rel}","templated":true}]}}