{"id":1796,"date":"2023-01-18T17:07:37","date_gmt":"2023-01-18T15:07:37","guid":{"rendered":"https:\/\/dev.zezz.ee\/garden\/toode\/leucanthemum-x-superbum-alaska\/"},"modified":"2026-03-01T15:39:51","modified_gmt":"2026-03-01T13:39:51","slug":"leucanthemum-x-superbum-alaska","status":"publish","type":"product","link":"https:\/\/dev.garden.ee\/en\/product\/leucanthemum-x-superbum-alaska\/","title":{"rendered":"Leucanthemum x superbum &#8216;Alaska&#8217;"},"content":{"rendered":"<input class=\"fooboxshare_post_id\" type=\"hidden\" value=\"1796\"\/>","protected":false},"excerpt":{"rendered":"<p>Klassikalise, aga suure karikakra \u00f5iega taim,\u00a0mil kollast s\u00fcdamikku \u00fcmbritsevad puhasvalged kroonlehed. Regulaarne n\u00e4rtsinud \u00f5ite \u00e4ra noppimine ergutab taime \u00fcha uuesti \u00f5itsema. Suurep\u00e4rane ka kauakestva \u00f5iena vaasi. J\u00e4lgi aeg-ajalt, et kiriteod taime ei kahjustaks. Taime tugeva eluj\u00f5u s\u00e4ilimiseks tuleks teda m\u00f5ne aasta j\u00e4rel jagada. Armastab p\u00e4ikeselist kasvukohta ja\u00a0kuivemat pinnast. Lihtne kasvatada.<\/p>","protected":false},"featured_media":1797,"template":"","meta":[],"product_brand":[],"product_cat":[4415,4413,6934,4401,22],"product_tag":[],"class_list":{"0":"post-1796","1":"product","2":"type-product","3":"status-publish","4":"has-post-thumbnail","6":"product_cat-lilleaed","7":"product_cat-loikelilleaed","8":"product_cat-mesilassobralik-aed","9":"product_cat-pusikud","10":"product_cat-taimed","11":"pa_moodud-k-70-cm-l-60-cm","12":"pa_oie-varv-valge","13":"pa_oitsemise-aeg-juuni-september","14":"pa_talvekindlus-vaga-hea","15":"pa_tsoon-z-3-9","16":"pa_variatsioon-suurem-pott","17":"pa_variatsioon-vaiksem-pott","19":"first","20":"outofstock","21":"purchasable","22":"product-type-variable"},"acf":[],"_links":{"self":[{"href":"https:\/\/dev.garden.ee\/en\/wp-json\/wp\/v2\/product\/1796","targetHints":{"allow":["GET"]}}],"collection":[{"href":"https:\/\/dev.garden.ee\/en\/wp-json\/wp\/v2\/product"}],"about":[{"href":"https:\/\/dev.garden.ee\/en\/wp-json\/wp\/v2\/types\/product"}],"wp:featuredmedia":[{"embeddable":true,"href":"https:\/\/dev.garden.ee\/en\/wp-json\/wp\/v2\/media\/1797"}],"wp:attachment":[{"href":"https:\/\/dev.garden.ee\/en\/wp-json\/wp\/v2\/media?parent=1796"}],"wp:term":[{"taxonomy":"product_brand","embeddable":true,"href":"https:\/\/dev.garden.ee\/en\/wp-json\/wp\/v2\/product_brand?post=1796"},{"taxonomy":"product_cat","embeddable":true,"href":"https:\/\/dev.garden.ee\/en\/wp-json\/wp\/v2\/product_cat?post=1796"},{"taxonomy":"product_tag","embeddable":true,"href":"https:\/\/dev.garden.ee\/en\/wp-json\/wp\/v2\/product_tag?post=1796"}],"curies":[{"name":"wp","href":"https:\/\/api.w.org\/{rel}","templated":true}]}}