{"id":1792,"date":"2023-01-18T17:07:34","date_gmt":"2023-01-18T15:07:34","guid":{"rendered":"https:\/\/dev.zezz.ee\/garden\/toode\/helenium-sahins-early-flowerer\/"},"modified":"2026-02-24T17:50:19","modified_gmt":"2026-02-24T15:50:19","slug":"helenium-sahins-early-flowerer","status":"publish","type":"product","link":"https:\/\/dev.garden.ee\/en\/product\/helenium-sahins-early-flowerer\/","title":{"rendered":"Helenium &#8216;Sahin&#8217;s Early Flowerer&#8217;"},"content":{"rendered":"<input class=\"fooboxshare_post_id\" type=\"hidden\" value=\"1792\"\/>","protected":false},"excerpt":{"rendered":"<p>\u0160okolaadpruuni s\u00fcdamikuga sigri-migri kirjude \u00f5ietega p\u00fcsik on imeline t\u00e4iendus lilleaeda. V\u00e4rvikas sort on segu mitmetoonilisest oran\u017eist, ja p\u00e4ikeseloojangu toonides punasest, kirjatud p\u00e4ikesekollase \u00e4\u00e4risega. V\u00e4ga soojades toonides p\u00fcsik, kellele naabriks sobivad n\u00e4iteks sinise\u00f5ielised, samal ajal \u00f5itsevad p\u00fcsikud. Kaunis on, kui istutada r\u00fchmadena vaheldumisi kaeralilledega, kollaste p\u00e4evaliiliatega v\u00f5i kuldvitsasordiga &#8216;Strahlenkrone&#8217;. Sort on aretatud 1990ndatel Hollandis.\u00a0Taimele on omistatud Award of Garden Merit.\u00a0Lihtsalt kasvatatav taim, talle sobib eelk\u00f5ige m\u00e4rjemapoolsem pinnas, tavaline aiamuld. Tavaliselt tuge ei vaja. Liblikate ja kasulike aiamutukate lemmik. Haigused \u00fcldjuhul teda ei kimbuta. Sobib \u00fclih\u00e4sti p\u00fcsikute peenrasse, maakodu-aeda. Heleeniumid on natuke hilisemad \u00f5itsejad, see-eest \u00f5itsevad kuni k\u00fclmadeni v\u00e4lja. Meie tingimustes v\u00e4ga head talvitujad. S\u00fcgisel v\u00f5ib kuivanud varred k\u00f5ik maani maha l\u00f5igata. Kevadel alustab uute kasvudega.<\/p>\n<p>Kaaslasena sobib nt\u00a0<em>Molinia arundinacea<\/em> &#8216;Les Ponts de C\u00e9&#8217;.<\/p>","protected":false},"featured_media":22886,"template":"","meta":[],"product_brand":[],"product_cat":[4415,4413,6934,4401,22],"product_tag":[9209],"class_list":{"0":"post-1792","1":"product","2":"type-product","3":"status-publish","4":"has-post-thumbnail","6":"product_cat-lilleaed","7":"product_cat-loikelilleaed","8":"product_cat-mesilassobralik-aed","9":"product_cat-pusikud","10":"product_cat-taimed","11":"product_tag-rhs-award-of-garden-merit","12":"pa_haiguskindlus-hea","13":"pa_moodud-k-80-100-cm-l-40-cm","14":"pa_oie-varv-oranz","15":"pa_oitsemise-aeg-juuli-september","16":"pa_talvekindlus-hea","17":"pa_tsoon-z-4-9","18":"pa_variatsioon-suurem-pott","19":"pa_variatsioon-vaiksem-pott","21":"first","22":"instock","23":"purchasable","24":"product-type-variable"},"acf":[],"_links":{"self":[{"href":"https:\/\/dev.garden.ee\/en\/wp-json\/wp\/v2\/product\/1792","targetHints":{"allow":["GET"]}}],"collection":[{"href":"https:\/\/dev.garden.ee\/en\/wp-json\/wp\/v2\/product"}],"about":[{"href":"https:\/\/dev.garden.ee\/en\/wp-json\/wp\/v2\/types\/product"}],"wp:featuredmedia":[{"embeddable":true,"href":"https:\/\/dev.garden.ee\/en\/wp-json\/wp\/v2\/media\/22886"}],"wp:attachment":[{"href":"https:\/\/dev.garden.ee\/en\/wp-json\/wp\/v2\/media?parent=1792"}],"wp:term":[{"taxonomy":"product_brand","embeddable":true,"href":"https:\/\/dev.garden.ee\/en\/wp-json\/wp\/v2\/product_brand?post=1792"},{"taxonomy":"product_cat","embeddable":true,"href":"https:\/\/dev.garden.ee\/en\/wp-json\/wp\/v2\/product_cat?post=1792"},{"taxonomy":"product_tag","embeddable":true,"href":"https:\/\/dev.garden.ee\/en\/wp-json\/wp\/v2\/product_tag?post=1792"}],"curies":[{"name":"wp","href":"https:\/\/api.w.org\/{rel}","templated":true}]}}