{"id":1783,"date":"2023-01-18T17:07:29","date_gmt":"2023-01-18T15:07:29","guid":{"rendered":"https:\/\/dev.zezz.ee\/garden\/toode\/claire-austin\/"},"modified":"2026-02-03T09:36:24","modified_gmt":"2026-02-03T07:36:24","slug":"claire-austin","status":"publish","type":"product","link":"https:\/\/dev.garden.ee\/en\/product\/claire-austin\/","title":{"rendered":"Claire Austin"},"content":{"rendered":"<input class=\"fooboxshare_post_id\" type=\"hidden\" value=\"1783\"\/>","protected":false},"excerpt":{"rendered":"<p>\u00d5rnalt kausjad ja sidrunkollased \u00f5ienupud avanevad kreemikasvalgeteks \u00f5iteks. Suured 9 cm \u00f5ied, mille kroonlehed (120) moodustavad perfektsed kontsentrilised ringid ja keskmised on veidi vabamalt formeeritud. Tugeva m\u00fcrri l\u00f5hnaga, milles v\u00f5ib \u00e4ra tunda ka vanilje, heliotroobi ja angervaksa varjundeid. Moodustab elegantselt kaarduva p\u00f5\u00f5sa lopsaka, keskmiselt rohelise mati lehestikuga. Tugev ja v\u00e4ga terve roos. Kahtluseta Austini parim valge roos t\u00e4nase hetkeni. Sobilik hekiks. Sordil on potentsiaali kasvada m\u00e4rgatavalt k\u00f5rgemaks, isegi kuni 300+ cm, seet\u00f5ttu saab sorti kasvatada ka roniroosina.<\/p>\n<p>Claire Austin on David Austini t\u00fctar, kellel on oma aiand, mis spetsialiseerub p\u00fcsikutele, iiristele, pojengidele ja p\u00e4evaliiliatele.<\/p>","protected":false},"featured_media":24704,"template":"","meta":[],"product_brand":[],"product_cat":[4395,4415,4414,4416,4402,22],"product_tag":[],"class_list":{"0":"post-1783","1":"product","2":"type-product","3":"status-publish","4":"has-post-thumbnail","6":"product_cat-hekid","7":"product_cat-lilleaed","8":"product_cat-lohnaaed","9":"product_cat-roosiaed","10":"product_cat-roosid","11":"product_cat-taimed","12":"pa_aretus-david-austin","13":"pa_avalikustamisaasta-uhendkuningriik-2007","14":"pa_haiguskindlus-hea","15":"pa_laius-80-cm","16":"pa_lisainfo-ideaalne-heki-loomiseks","17":"pa_lisainfo-sobib-kasutamiseks-roniroosina","18":"pa_lisainfo-sobib-lohnaaeda","19":"pa_lisainfo-sobib-osalise-varjuga-kasvualale","20":"pa_lohn-tugev","21":"pa_lohn-murrine","22":"pa_oie-suurus-keskmine","23":"pa_oie-varv-kreemjas","24":"pa_oie-varv-valge","25":"pa_oietuup-taidisois","26":"pa_oitsemine-korduvalt-oitsev","27":"pa_sort-poosasroos","28":"pa_taimede-arvestus-ruutmeetri-1-2","29":"pa_talvekindlus-hea","30":"pa_variatsioon-paljasjuurne-ainult-kevadel","31":"pa_variatsioon-potis-4-6l","32":"pa_variatsioon-potis-4-6l-suvel-ja-sugisel","34":"first","35":"outofstock","36":"purchasable","37":"product-type-variable"},"acf":[],"_links":{"self":[{"href":"https:\/\/dev.garden.ee\/en\/wp-json\/wp\/v2\/product\/1783","targetHints":{"allow":["GET"]}}],"collection":[{"href":"https:\/\/dev.garden.ee\/en\/wp-json\/wp\/v2\/product"}],"about":[{"href":"https:\/\/dev.garden.ee\/en\/wp-json\/wp\/v2\/types\/product"}],"wp:featuredmedia":[{"embeddable":true,"href":"https:\/\/dev.garden.ee\/en\/wp-json\/wp\/v2\/media\/24704"}],"wp:attachment":[{"href":"https:\/\/dev.garden.ee\/en\/wp-json\/wp\/v2\/media?parent=1783"}],"wp:term":[{"taxonomy":"product_brand","embeddable":true,"href":"https:\/\/dev.garden.ee\/en\/wp-json\/wp\/v2\/product_brand?post=1783"},{"taxonomy":"product_cat","embeddable":true,"href":"https:\/\/dev.garden.ee\/en\/wp-json\/wp\/v2\/product_cat?post=1783"},{"taxonomy":"product_tag","embeddable":true,"href":"https:\/\/dev.garden.ee\/en\/wp-json\/wp\/v2\/product_tag?post=1783"}],"curies":[{"name":"wp","href":"https:\/\/api.w.org\/{rel}","templated":true}]}}