{"id":17659,"date":"2023-02-09T16:44:18","date_gmt":"2023-02-09T14:44:18","guid":{"rendered":"https:\/\/dev.zezz.ee\/garden\/?post_type=product&#038;p=17659"},"modified":"2026-02-27T13:42:26","modified_gmt":"2026-02-27T11:42:26","slug":"hosta-sieboldiana-golden-meadows","status":"publish","type":"product","link":"https:\/\/dev.garden.ee\/en\/product\/hosta-sieboldiana-golden-meadows\/","title":{"rendered":"Hosta sieboldiana &#8216;Golden Meadows&#8217;"},"content":{"rendered":"<input class=\"fooboxshare_post_id\" type=\"hidden\" value=\"17659\"\/>","protected":false},"excerpt":{"rendered":"<p>Dekoratiivne suurekasvuline hostasort. Taime suured, soonilised ja kirjud lainelise \u00e4\u00e4rega lehed on servadest sinakasrohelisedsina ning keskelt rohekaskollast tooni, lehtede v\u00e4rvus s\u00f5ltub kasvukoha valgustingimustest. Taim \u00f5itseb juunist augistini valkjate \u00f5itega.<\/p>\n<p>Kiirekasvuline ja pilkup\u00fc\u00fcdev hosta eelistab kasvada poolvarjus v\u00f5i varjus, hea drenaa\u017eiga huumusrikkas parasniiskes mullas. \u2018Golden Meadows\u2019 omandab sordile omased erksad toonid hommikupoolse p\u00e4ikesega kasvukohas.<\/p>\n<p>Sort on aretatud Hollandis Reiner van Eldereni poolt.<\/p>","protected":false},"featured_media":25585,"template":"","meta":[],"product_brand":[],"product_cat":[4415,4406,4401,4412,22],"product_tag":[],"class_list":{"0":"post-17659","1":"product","2":"type-product","3":"status-publish","4":"has-post-thumbnail","6":"product_cat-lilleaed","7":"product_cat-park","8":"product_cat-pusikud","9":"product_cat-varjuaed","10":"product_cat-taimed","11":"pa_kasvukorgus-50-70-cm-2","12":"pa_laius-90-100-cm","13":"pa_lehestikuvarv-rohekaskollane","14":"pa_lehestikuvarv-sinakashall","15":"pa_lisainfo-dekoratiivne-lehestik","16":"pa_lisainfo-sobib-osalise-varjuga-kasvualale","17":"pa_oie-varv-kreemjas","18":"pa_oie-varv-valge","19":"pa_oitsemise-aeg-juuni-august","20":"pa_talvekindlus-vaga-hea","21":"pa_tingimused-hea-drenaaz","22":"pa_tingimused-parasniiske","23":"pa_tsoon-3-9","24":"pa_valguse-tingimused-paike","25":"pa_valguse-tingimused-poolvari","26":"pa_valguse-tingimused-vari","27":"pa_variatsioon-suurem-pott","28":"pa_variatsioon-vaiksem-pott","30":"first","31":"instock","32":"purchasable","33":"product-type-variable"},"acf":[],"_links":{"self":[{"href":"https:\/\/dev.garden.ee\/en\/wp-json\/wp\/v2\/product\/17659","targetHints":{"allow":["GET"]}}],"collection":[{"href":"https:\/\/dev.garden.ee\/en\/wp-json\/wp\/v2\/product"}],"about":[{"href":"https:\/\/dev.garden.ee\/en\/wp-json\/wp\/v2\/types\/product"}],"wp:featuredmedia":[{"embeddable":true,"href":"https:\/\/dev.garden.ee\/en\/wp-json\/wp\/v2\/media\/25585"}],"wp:attachment":[{"href":"https:\/\/dev.garden.ee\/en\/wp-json\/wp\/v2\/media?parent=17659"}],"wp:term":[{"taxonomy":"product_brand","embeddable":true,"href":"https:\/\/dev.garden.ee\/en\/wp-json\/wp\/v2\/product_brand?post=17659"},{"taxonomy":"product_cat","embeddable":true,"href":"https:\/\/dev.garden.ee\/en\/wp-json\/wp\/v2\/product_cat?post=17659"},{"taxonomy":"product_tag","embeddable":true,"href":"https:\/\/dev.garden.ee\/en\/wp-json\/wp\/v2\/product_tag?post=17659"}],"curies":[{"name":"wp","href":"https:\/\/api.w.org\/{rel}","templated":true}]}}