{"id":1743,"date":"2023-01-18T17:07:03","date_gmt":"2023-01-18T15:07:03","guid":{"rendered":"https:\/\/dev.zezz.ee\/garden\/toode\/acer-palmatum-sango-kaku\/"},"modified":"2023-04-18T15:43:38","modified_gmt":"2023-04-18T12:43:38","slug":"acer-palmatum-sango-kaku","status":"publish","type":"product","link":"https:\/\/dev.garden.ee\/en\/product\/acer-palmatum-sango-kaku\/","title":{"rendered":"Acer palmatum &#8216;Sango-kaku&#8217;"},"content":{"rendered":"<input class=\"fooboxshare_post_id\" type=\"hidden\" value=\"1743\"\/>","protected":false},"excerpt":{"rendered":"<p>P\u00fcstise kasvuga, V-kujulisel puul on punased \u00f5ied. S\u00fcgavalt l\u00f5hised rohelised lehed on atraktiivse punase \u00e4\u00e4rega. Silmapaistval lehestikul on v\u00e4ga k\u00f6itev s\u00fcgisv\u00e4rvus, mis varieerub vaskse, oran\u017ei, punase ning kollase segus. Noored kasvud on s\u00fcgavroosad, k\u00fclmas talvekliimas koorev\u00e4rv intensiivistub ning muutub ajaga \u00fcha erksamaks.<\/p>\n<p>Kaitsta tuulte ning otsese keskp\u00e4evase p\u00e4ikese eest.<\/p>","protected":false},"featured_media":1744,"template":"","meta":[],"product_brand":[],"product_cat":[4403,4406,4396,22],"product_tag":[],"class_list":{"0":"post-1743","1":"product","2":"type-product","3":"status-publish","4":"has-post-thumbnail","6":"product_cat-kodu","7":"product_cat-park","8":"product_cat-puud-ja-poosad","9":"product_cat-taimed","10":"pa_moodud-k-4-6-m-l-2-4-m","11":"pa_talvekindlus-hea","12":"pa_tsoon-634","13":"pa_variatsioon-puu-h-100-125-cm","14":"pa_variatsioon-puu-h-80-100-cm","16":"first","17":"instock","18":"taxable","19":"shipping-taxable","20":"purchasable","21":"product-type-variable"},"acf":[],"_links":{"self":[{"href":"https:\/\/dev.garden.ee\/en\/wp-json\/wp\/v2\/product\/1743","targetHints":{"allow":["GET"]}}],"collection":[{"href":"https:\/\/dev.garden.ee\/en\/wp-json\/wp\/v2\/product"}],"about":[{"href":"https:\/\/dev.garden.ee\/en\/wp-json\/wp\/v2\/types\/product"}],"wp:featuredmedia":[{"embeddable":true,"href":"https:\/\/dev.garden.ee\/en\/wp-json\/wp\/v2\/media\/1744"}],"wp:attachment":[{"href":"https:\/\/dev.garden.ee\/en\/wp-json\/wp\/v2\/media?parent=1743"}],"wp:term":[{"taxonomy":"product_brand","embeddable":true,"href":"https:\/\/dev.garden.ee\/en\/wp-json\/wp\/v2\/product_brand?post=1743"},{"taxonomy":"product_cat","embeddable":true,"href":"https:\/\/dev.garden.ee\/en\/wp-json\/wp\/v2\/product_cat?post=1743"},{"taxonomy":"product_tag","embeddable":true,"href":"https:\/\/dev.garden.ee\/en\/wp-json\/wp\/v2\/product_tag?post=1743"}],"curies":[{"name":"wp","href":"https:\/\/api.w.org\/{rel}","templated":true}]}}