{"id":1738,"date":"2023-01-18T17:07:00","date_gmt":"2023-01-18T15:07:00","guid":{"rendered":"https:\/\/dev.zezz.ee\/garden\/toode\/eryngium-yuccifolium\/"},"modified":"2026-02-23T22:59:49","modified_gmt":"2026-02-23T20:59:49","slug":"eryngium-yuccifolium","status":"publish","type":"product","link":"https:\/\/dev.garden.ee\/en\/product\/eryngium-yuccifolium\/","title":{"rendered":"Eryngium yuccifolium"},"content":{"rendered":"<input class=\"fooboxshare_post_id\" type=\"hidden\" value=\"1738\"\/>","protected":false},"excerpt":{"rendered":"<p>Hallikasrohelisel taimel on p\u00f5nevad rohekasvalged \u00f5iepallid, mis meelitavad oma magusa meel\u00f5hnaga. Taime skulpturaalsust r\u00f5hutavad \u00a0ka pikad, huvitavalt m\u00f5\u00f5kjad lehed, mis on teravate ogadega \u00e4\u00e4ristatud. Tulemuseks on \u00fcks erakordselt ebamaise v\u00e4limusega taim. Sobib kasvatada p\u00fcsikupeenardes koos siilk\u00fcbaratega, kassisabadega ja s\u00e4ravate p\u00e4evak\u00fcbaratega. Lihtne kasvatada, teeb edukalt ka isek\u00fclvi. V\u00f5ib kasutada lilleseadetes ja kuivlilleseadetes.<\/p>","protected":false},"featured_media":1739,"template":"","meta":[],"product_brand":[],"product_cat":[4407,4415,4413,6934,4401,22],"product_tag":[],"class_list":{"0":"post-1738","1":"product","2":"type-product","3":"status-publish","4":"has-post-thumbnail","6":"product_cat-aasad","7":"product_cat-lilleaed","8":"product_cat-loikelilleaed","9":"product_cat-mesilassobralik-aed","10":"product_cat-pusikud","11":"product_cat-taimed","12":"pa_haiguskindlus-hea","13":"pa_kasvukorgus-120-cm","14":"pa_laius-60-cm","15":"pa_lehestikuvarv-hallikasroheline","16":"pa_lisainfo-mesilaste-lemmik","17":"pa_lisainfo-sobib-loikelilleks","18":"pa_lohn-orn","19":"pa_lohn-magus","20":"pa_oie-varv-rohekasvalge","21":"pa_oitsemise-aeg-juuli-august","22":"pa_talvekindlus-hea","23":"pa_tingimused-hea-drenaaz","24":"pa_tingimused-liivane","25":"pa_tsoon-4-9","26":"pa_valguse-tingimused-paike","27":"pa_variatsioon-suurem-pott","28":"pa_variatsioon-vaiksem-pott","30":"first","31":"onbackorder","32":"purchasable","33":"product-type-variable"},"acf":[],"_links":{"self":[{"href":"https:\/\/dev.garden.ee\/en\/wp-json\/wp\/v2\/product\/1738","targetHints":{"allow":["GET"]}}],"collection":[{"href":"https:\/\/dev.garden.ee\/en\/wp-json\/wp\/v2\/product"}],"about":[{"href":"https:\/\/dev.garden.ee\/en\/wp-json\/wp\/v2\/types\/product"}],"wp:featuredmedia":[{"embeddable":true,"href":"https:\/\/dev.garden.ee\/en\/wp-json\/wp\/v2\/media\/1739"}],"wp:attachment":[{"href":"https:\/\/dev.garden.ee\/en\/wp-json\/wp\/v2\/media?parent=1738"}],"wp:term":[{"taxonomy":"product_brand","embeddable":true,"href":"https:\/\/dev.garden.ee\/en\/wp-json\/wp\/v2\/product_brand?post=1738"},{"taxonomy":"product_cat","embeddable":true,"href":"https:\/\/dev.garden.ee\/en\/wp-json\/wp\/v2\/product_cat?post=1738"},{"taxonomy":"product_tag","embeddable":true,"href":"https:\/\/dev.garden.ee\/en\/wp-json\/wp\/v2\/product_tag?post=1738"}],"curies":[{"name":"wp","href":"https:\/\/api.w.org\/{rel}","templated":true}]}}