{"id":1733,"date":"2023-01-18T17:06:57","date_gmt":"2023-01-18T15:06:57","guid":{"rendered":"https:\/\/dev.zezz.ee\/garden\/toode\/kew-gardens\/"},"modified":"2026-02-10T12:47:29","modified_gmt":"2026-02-10T10:47:29","slug":"kew-gardens","status":"publish","type":"product","link":"https:\/\/dev.garden.ee\/en\/product\/kew-gardens\/","title":{"rendered":"Kew Gardens"},"content":{"rendered":"<input class=\"fooboxshare_post_id\" type=\"hidden\" value=\"1733\"\/>","protected":false},"excerpt":{"rendered":"<p>V\u00e4ikesed liht\u00f5ied tekivad suurte \u00f5isikutena, meenutades hortensiat, kattes p\u00f5\u00f5sa pea katkematu iluga terve hooaja. \u00d5rna aprikoositooni \u00f5iepungadest avanevad puhasvalged \u00f5ied, mille keskmes, helekollane s\u00fcdamik. \u00d5itest valmivad v\u00e4ikesed punased marjad, mis v\u00f5ib \u00e4ra l\u00f5igata, et innustada roosi pigem uuesti ja uuesti \u00f5itsema. V\u00e4ga hea tervisega ja ogadeta roos. Puhmja, pigem p\u00fcstise kasvuga.<\/p>\n<p>Suurep\u00e4rane jagama taimeala koos p\u00fcsikutega. V\u00e4ga lepliku loomuga sort on n\u00f5us kasvama kehvemal pinnasel, varjulisemas ning tuulisemas asukohas. Kaks kuni kolm roosi koos annavad efekti nagu oleks nad lumega kaetud.<\/p>\n<p>Nime saanud Londoni Kew Kuningliku Botaanikaaia 250. aastap\u00e4eva t\u00e4histamiseks.<\/p>\n<p><span style=\"color: #ff0000;\">ETTETELLIMINE, V\u00c4LJASTAMINE APRILLI KESKPAIGAST<\/span><\/p>","protected":false},"featured_media":25175,"template":"","meta":[],"product_brand":[],"product_cat":[4395,9637,4415,9650,6934,4406,4416,4402,22],"product_tag":[],"class_list":{"0":"post-1733","1":"product","2":"type-product","3":"status-publish","4":"has-post-thumbnail","6":"product_cat-hekid","7":"product_cat-istutuskast","8":"product_cat-lilleaed","9":"product_cat-looduslik-aed","10":"product_cat-mesilassobralik-aed","11":"product_cat-park","12":"product_cat-roosiaed","13":"product_cat-roosid","14":"product_cat-taimed","15":"pa_aretus-david-austin","16":"pa_avalikustamisaasta-uhendkuningriik-2009","17":"pa_haiguskindlus-vaga-hea","18":"pa_kasvukorgus-100-130-cm","19":"pa_laius-90-cm","20":"pa_lisainfo-dekoratiivsed-viljad","21":"pa_lisainfo-ideaalne-heki-loomiseks","22":"pa_lisainfo-mesilaste-lemmik","23":"pa_lisainfo-sobilik-istutuskasti-jaoks","24":"pa_lisainfo-sobib-osalise-varjuga-kasvualale","25":"pa_lisainfo-talub-ka-tuulisemat-kasvukohta","26":"pa_lisainfo-talvine-ponevus","27":"pa_lohn-orn","28":"pa_oie-suurus-vaike","29":"pa_oie-varv-valge","30":"pa_oietuup-lihtois","31":"pa_oitsemine-korduvalt-oitsev","32":"pa_sort-poosasroos","33":"pa_taimede-arvestus-ruutmeetri-9220","34":"pa_talvekindlus-vaga-hea","35":"pa_variatsioon-paljasjuurne-ainult-kevadel","36":"pa_variatsioon-potis-4-6l","37":"pa_variatsioon-potis-4-6l-suvel-ja-sugisel","39":"first","40":"onbackorder","41":"taxable","42":"shipping-taxable","43":"purchasable","44":"product-type-variable"},"acf":[],"_links":{"self":[{"href":"https:\/\/dev.garden.ee\/en\/wp-json\/wp\/v2\/product\/1733","targetHints":{"allow":["GET"]}}],"collection":[{"href":"https:\/\/dev.garden.ee\/en\/wp-json\/wp\/v2\/product"}],"about":[{"href":"https:\/\/dev.garden.ee\/en\/wp-json\/wp\/v2\/types\/product"}],"wp:featuredmedia":[{"embeddable":true,"href":"https:\/\/dev.garden.ee\/en\/wp-json\/wp\/v2\/media\/25175"}],"wp:attachment":[{"href":"https:\/\/dev.garden.ee\/en\/wp-json\/wp\/v2\/media?parent=1733"}],"wp:term":[{"taxonomy":"product_brand","embeddable":true,"href":"https:\/\/dev.garden.ee\/en\/wp-json\/wp\/v2\/product_brand?post=1733"},{"taxonomy":"product_cat","embeddable":true,"href":"https:\/\/dev.garden.ee\/en\/wp-json\/wp\/v2\/product_cat?post=1733"},{"taxonomy":"product_tag","embeddable":true,"href":"https:\/\/dev.garden.ee\/en\/wp-json\/wp\/v2\/product_tag?post=1733"}],"curies":[{"name":"wp","href":"https:\/\/api.w.org\/{rel}","templated":true}]}}