{"id":1719,"date":"2023-01-18T17:06:49","date_gmt":"2023-01-18T15:06:49","guid":{"rendered":"https:\/\/dev.zezz.ee\/garden\/toode\/geranium-sanguineum-album\/"},"modified":"2026-02-24T13:03:32","modified_gmt":"2026-02-24T11:03:32","slug":"geranium-sanguineum-album","status":"publish","type":"product","link":"https:\/\/dev.garden.ee\/en\/product\/geranium-sanguineum-album\/","title":{"rendered":"Geranium sanguineum &#8216;Album&#8217;"},"content":{"rendered":"<input class=\"fooboxshare_post_id\" type=\"hidden\" value=\"1719\"\/>","protected":false},"excerpt":{"rendered":"<p>Tumerohelise lehestikuga, madal puhmakujuline taim pakub suve alguses r\u00f5\u00f5mu oma puhasvalge, \u00f5hulise \u00f5iestikuga ning ei j\u00e4ta k\u00fclmaks kedagi ka s\u00fcgisel, kui toob p\u00f5nevust oma punaseks v\u00e4rvuva lehestikuga. Sobib massistutuseks, suurep\u00e4rane kiire pinnakatja n\u00e4iteks kiviktaimlasse. Sobib kokku kuningakepiga, m\u00f5rsjalillega, p\u00f6\u00f6ris-kipslillega. Kaunis tulemus r\u00fchmadena, vaheldumisi teiste, madalamakasvuliste kurerehasortidega. Taime v\u00f5ib jagada nii kevadel kui s\u00fcgisel. Lihtne kasvatada, vastupidav ilmastikutingimustele.\u00a0Taimele on omistatud Award of Garden Merit.<\/p>","protected":false},"featured_media":1720,"template":"","meta":[],"product_brand":[],"product_cat":[4415,9200,4401,22],"product_tag":[9209],"class_list":{"0":"post-1719","1":"product","2":"type-product","3":"status-publish","4":"has-post-thumbnail","6":"product_cat-lilleaed","7":"product_cat-pinnakatjad","8":"product_cat-pusikud","9":"product_cat-taimed","10":"product_tag-rhs-award-of-garden-merit","11":"pa_haiguskindlus-vaga-hea","12":"pa_moodud-k-20-cm-l-30-cm","13":"pa_oie-varv-valge","14":"pa_oitsemise-aeg-juuni","15":"pa_talvekindlus-vaga-hea","16":"pa_tsoon-z-3-9","17":"pa_variatsioon-suurem-pott","18":"pa_variatsioon-vaiksem-pott","20":"first","21":"onbackorder","22":"purchasable","23":"product-type-variable"},"acf":[],"_links":{"self":[{"href":"https:\/\/dev.garden.ee\/en\/wp-json\/wp\/v2\/product\/1719","targetHints":{"allow":["GET"]}}],"collection":[{"href":"https:\/\/dev.garden.ee\/en\/wp-json\/wp\/v2\/product"}],"about":[{"href":"https:\/\/dev.garden.ee\/en\/wp-json\/wp\/v2\/types\/product"}],"wp:featuredmedia":[{"embeddable":true,"href":"https:\/\/dev.garden.ee\/en\/wp-json\/wp\/v2\/media\/1720"}],"wp:attachment":[{"href":"https:\/\/dev.garden.ee\/en\/wp-json\/wp\/v2\/media?parent=1719"}],"wp:term":[{"taxonomy":"product_brand","embeddable":true,"href":"https:\/\/dev.garden.ee\/en\/wp-json\/wp\/v2\/product_brand?post=1719"},{"taxonomy":"product_cat","embeddable":true,"href":"https:\/\/dev.garden.ee\/en\/wp-json\/wp\/v2\/product_cat?post=1719"},{"taxonomy":"product_tag","embeddable":true,"href":"https:\/\/dev.garden.ee\/en\/wp-json\/wp\/v2\/product_tag?post=1719"}],"curies":[{"name":"wp","href":"https:\/\/api.w.org\/{rel}","templated":true}]}}