{"id":17163,"date":"2023-01-19T10:31:11","date_gmt":"2023-01-19T08:31:11","guid":{"rendered":"https:\/\/dev.zezz.ee\/garden\/toode\/tottering-by-gently\/"},"modified":"2026-02-09T19:41:35","modified_gmt":"2026-02-09T17:41:35","slug":"tottering-by-gently","status":"publish","type":"product","link":"https:\/\/dev.garden.ee\/en\/product\/tottering-by-gently\/","title":{"rendered":"Tottering by Gently"},"content":{"rendered":"<input class=\"fooboxshare_post_id\" type=\"hidden\" value=\"17163\"\/>","protected":false},"excerpt":{"rendered":"<p>Sordi ilu peitub lihtsates kollastes \u00f5ites ja suurejoonelises vaatem\u00e4ngus, mille loovad massiliselt vaadelduna. \u00d5ied paiknevad suurtes, avatud kobarates \u00fcmara ja haruneva p\u00f5\u00f5sa k\u00fcljes. Suurep\u00e4rase m\u00fcrri- ja apelsinikooren\u00fcansiga aromaatsed \u00f5ied ilmuvad kobarates ja \u00f5itsevad k\u00fclluslikult kogu hooaja jooksul. Armsad kuldsed tolmukad. V\u00e4ga efektne massistutuses. V\u00e4ga virk \u00f5itseja ja v\u00e4ga hea haiguskindlusega.<\/p>\n<p>Sort on nimetatud Annie Tempesti klassikalise igan\u00e4dalase koomiksi 25. aastap\u00e4eva t\u00e4histamiseks.<\/p>","protected":false},"featured_media":17164,"template":"","meta":[],"product_brand":[],"product_cat":[4395,4415,6934,4406,4416,4402,22],"product_tag":[],"class_list":{"0":"post-17163","1":"product","2":"type-product","3":"status-publish","4":"has-post-thumbnail","6":"product_cat-hekid","7":"product_cat-lilleaed","8":"product_cat-mesilassobralik-aed","9":"product_cat-park","10":"product_cat-roosiaed","11":"product_cat-roosid","12":"product_cat-taimed","13":"pa_aretus-david-austin","14":"pa_avalikustamisaasta-uhendkuningriik-2018","15":"pa_haiguskindlus-vaga-hea","16":"pa_kasvukorgus-100-130-cm","17":"pa_laius-100-130-cm","18":"pa_lisainfo-dekoratiivsed-viljad","19":"pa_lisainfo-ideaalne-heki-loomiseks","20":"pa_lisainfo-mesilaste-lemmik","21":"pa_lisainfo-sobib-osalise-varjuga-kasvualale","22":"pa_lisainfo-talvine-ponevus","23":"pa_lohn-keskmine","24":"pa_lohn-orn","25":"pa_lohn-muskuselaadne","26":"pa_oie-suurus-keskmine","27":"pa_oie-varv-kollane","28":"pa_oietuup-lihtois","29":"pa_oitsemine-korduvalt-oitsev","30":"pa_sort-poosasroos","31":"pa_taimede-arvestus-ruutmeetri-9220","32":"pa_talvekindlus-vaga-hea","33":"pa_variatsioon-paljasjuurne-ainult-kevadel","34":"pa_variatsioon-potis-4-6l","35":"pa_variatsioon-potis-4-6l-suvel-ja-sugisel","37":"first","38":"instock","39":"purchasable","40":"product-type-variable"},"acf":[],"_links":{"self":[{"href":"https:\/\/dev.garden.ee\/en\/wp-json\/wp\/v2\/product\/17163","targetHints":{"allow":["GET"]}}],"collection":[{"href":"https:\/\/dev.garden.ee\/en\/wp-json\/wp\/v2\/product"}],"about":[{"href":"https:\/\/dev.garden.ee\/en\/wp-json\/wp\/v2\/types\/product"}],"wp:featuredmedia":[{"embeddable":true,"href":"https:\/\/dev.garden.ee\/en\/wp-json\/wp\/v2\/media\/17164"}],"wp:attachment":[{"href":"https:\/\/dev.garden.ee\/en\/wp-json\/wp\/v2\/media?parent=17163"}],"wp:term":[{"taxonomy":"product_brand","embeddable":true,"href":"https:\/\/dev.garden.ee\/en\/wp-json\/wp\/v2\/product_brand?post=17163"},{"taxonomy":"product_cat","embeddable":true,"href":"https:\/\/dev.garden.ee\/en\/wp-json\/wp\/v2\/product_cat?post=17163"},{"taxonomy":"product_tag","embeddable":true,"href":"https:\/\/dev.garden.ee\/en\/wp-json\/wp\/v2\/product_tag?post=17163"}],"curies":[{"name":"wp","href":"https:\/\/api.w.org\/{rel}","templated":true}]}}