{"id":17158,"date":"2023-01-19T10:31:08","date_gmt":"2023-01-19T08:31:08","guid":{"rendered":"https:\/\/dev.zezz.ee\/garden\/toode\/pontederia-cordata-white-pike\/"},"modified":"2023-02-22T23:29:22","modified_gmt":"2023-02-22T21:29:22","slug":"pontederia-cordata-white-pike","status":"publish","type":"product","link":"https:\/\/dev.garden.ee\/en\/product\/pontederia-cordata-white-pike\/","title":{"rendered":"Pontederia cordata &#8216;White Pike&#8217;"},"content":{"rendered":"<input class=\"fooboxshare_post_id\" type=\"hidden\" value=\"17158\"\/>","protected":false},"excerpt":{"rendered":"<p>Valge\u00f5ieline sootaim on kahjuks m\u00e4rgatavalt v\u00e4hem levinud kui tema siniste \u00f5itega liigikaaslane. Tegelikult on see t\u00e4iesti p\u00f5hjendamatu, kuna tegemist on erakordselt ilusa veetaimega, sobides pikaajalise \u00f5itsejana ehteks iga veekogu \u00fcmber.\u00a0Valged piklikud \u00f5isikupead on kaunis kontrastis s\u00fcdamekujuliste roheliste lehtedega. Lehed on suhteliselt suured ning teravate tippudega.\u00a0Massina istutatult annab taim veekogule meeldivalt eksootilise v\u00e4limuse.\u00a0Taime v\u00f5ib istutada kuni 50 cm s\u00fcgavusele. Kui muidu veidi talve\u00f5rn taim saab istutatud v\u00e4hemalt 30 cm s\u00fcgavusele, siis t\u00e4iendavat talvekaitset talle enam tarvis pole. Lisav\u00e4\u00e4rtusena on ilutaim ka kasulik hoides vett vetikatest puhtana.<\/p>","protected":false},"featured_media":17159,"template":"","meta":[],"product_brand":[],"product_cat":[4403,4409,4392,22],"product_tag":[],"class_list":{"0":"post-17158","1":"product","2":"type-product","3":"status-publish","4":"has-post-thumbnail","6":"product_cat-kodu","7":"product_cat-tiigiaed","8":"product_cat-tiigitaimed","9":"product_cat-taimed","10":"pa_moodud-k-70-cm-l-60-cm","11":"pa_oie-varv-valge","12":"pa_oitsemise-aeg-juuli-september","13":"pa_variatsioon-suurem-pott","14":"pa_variatsioon-vaiksem-pott","16":"first","17":"outofstock","18":"purchasable","19":"product-type-variable"},"acf":[],"_links":{"self":[{"href":"https:\/\/dev.garden.ee\/en\/wp-json\/wp\/v2\/product\/17158","targetHints":{"allow":["GET"]}}],"collection":[{"href":"https:\/\/dev.garden.ee\/en\/wp-json\/wp\/v2\/product"}],"about":[{"href":"https:\/\/dev.garden.ee\/en\/wp-json\/wp\/v2\/types\/product"}],"wp:featuredmedia":[{"embeddable":true,"href":"https:\/\/dev.garden.ee\/en\/wp-json\/wp\/v2\/media\/17159"}],"wp:attachment":[{"href":"https:\/\/dev.garden.ee\/en\/wp-json\/wp\/v2\/media?parent=17158"}],"wp:term":[{"taxonomy":"product_brand","embeddable":true,"href":"https:\/\/dev.garden.ee\/en\/wp-json\/wp\/v2\/product_brand?post=17158"},{"taxonomy":"product_cat","embeddable":true,"href":"https:\/\/dev.garden.ee\/en\/wp-json\/wp\/v2\/product_cat?post=17158"},{"taxonomy":"product_tag","embeddable":true,"href":"https:\/\/dev.garden.ee\/en\/wp-json\/wp\/v2\/product_tag?post=17158"}],"curies":[{"name":"wp","href":"https:\/\/api.w.org\/{rel}","templated":true}]}}