{"id":1707,"date":"2023-01-18T17:06:40","date_gmt":"2023-01-18T15:06:40","guid":{"rendered":"https:\/\/dev.zezz.ee\/garden\/toode\/hosta-lakeside-dragonfly\/"},"modified":"2026-02-27T16:09:29","modified_gmt":"2026-02-27T14:09:29","slug":"hosta-lakeside-dragonfly","status":"publish","type":"product","link":"https:\/\/dev.garden.ee\/en\/product\/hosta-lakeside-dragonfly\/","title":{"rendered":"Hosta &#8216;Lakeside Dragonfly&#8217;"},"content":{"rendered":"<input class=\"fooboxshare_post_id\" type=\"hidden\" value=\"1707\"\/>","protected":false},"excerpt":{"rendered":"<p>Kiirekasvulisel hostal on piklik ning kirju lehestik. Tumerohelisi lehti \u00fcmbritsev valge korrap\u00e4ratu \u00e4\u00e4ristus on noortel lehtedel kreemikas, muutudes aja jooksul \u00fcha valgemaks. Helelillad \u00f5ied valmivad suve l\u00f5pupoole. Taim on v\u00f5imeline hakkama saama ka keerulisemas kasvukohas nagu puudejuurtest l\u00e4bip\u00f5imunud pinnas, probleemiks pole ka linnakeskkonna saastatud \u00f5hk. Hostad armastavad poolvarjulist kasvukohta rammusama, niiske mullaga. Hostad ei talu maa pinnal seisvat vett. Kui kasvukoht on \u00fcsnagi varjuline, siis tuleks valida mittekirjute lehtedega hostad. Hostad on hinnatud ilutaimed eelk\u00f5ige dekoratiivsete lehtede t\u00f5ttu. Nad on v\u00e4hen\u00f5udlikud ja k\u00fcllaltki talvekindlad p\u00fcsililled, mis kasvavad h\u00e4sti haritud, huumuserikkal ja parasniiskel neutraalsel v\u00f5i n\u00f5rgalt happelisel aiamullal. Kirjulehelised vormid vajavad sordiomaseks v\u00e4rvumiseks p\u00e4ikesepaistelist kohta. Eriti oluline on neile hommikup\u00e4ike. Kuival liivmullal v\u00f5ivad j\u00e4\u00e4da kiduraks, samuti ei talu pinnale seisma j\u00e4\u00e4nud vett. Hostad on v\u00e4ga pikaealised, soodsate tingimuste korral v\u00f5ivad samal kohal kasvada aastak\u00fcmneid. Nad sobivad h\u00e4sti nii p\u00fcsilillepeenardesse kui ka haljasaladele murudesse ja mitmesugustele istutusaladele kas \u00fcksikp\u00f5\u00f5saste v\u00f5i r\u00fchmadena. \u00d5ied s\u00e4ilivad vaasis kaua. Nii \u00f5ievarsi kui lehti saab edukalt kasutada lilleseadetes ja lillekimpudes. Taime saab paljundada jagamise teel. Hostataim tuleks istutada rammusasse mulda, kindlasti peale istutamist aeg-ajalt kasta, kuni juurdunud. Kasta tuleks juurte \u00fcmbert, mitte lehtede pealt.<\/p>","protected":false},"featured_media":1708,"template":"","meta":[],"product_brand":[],"product_cat":[4406,4401,4412,22],"product_tag":[],"class_list":{"0":"post-1707","1":"product","2":"type-product","3":"status-publish","4":"has-post-thumbnail","6":"product_cat-park","7":"product_cat-pusikud","8":"product_cat-varjuaed","9":"product_cat-taimed","10":"pa_haiguskindlus-vaga-hea","11":"pa_moodud-k-40-cm-l-60-cm","12":"pa_oie-varv-lilla","13":"pa_oitsemise-aeg-juuli-august","14":"pa_talvekindlus-vaga-hea","15":"pa_tsoon-3-9","16":"pa_variatsioon-suurem-pott","17":"pa_variatsioon-vaiksem-pott","19":"first","20":"instock","21":"purchasable","22":"product-type-variable"},"acf":[],"_links":{"self":[{"href":"https:\/\/dev.garden.ee\/en\/wp-json\/wp\/v2\/product\/1707","targetHints":{"allow":["GET"]}}],"collection":[{"href":"https:\/\/dev.garden.ee\/en\/wp-json\/wp\/v2\/product"}],"about":[{"href":"https:\/\/dev.garden.ee\/en\/wp-json\/wp\/v2\/types\/product"}],"wp:featuredmedia":[{"embeddable":true,"href":"https:\/\/dev.garden.ee\/en\/wp-json\/wp\/v2\/media\/1708"}],"wp:attachment":[{"href":"https:\/\/dev.garden.ee\/en\/wp-json\/wp\/v2\/media?parent=1707"}],"wp:term":[{"taxonomy":"product_brand","embeddable":true,"href":"https:\/\/dev.garden.ee\/en\/wp-json\/wp\/v2\/product_brand?post=1707"},{"taxonomy":"product_cat","embeddable":true,"href":"https:\/\/dev.garden.ee\/en\/wp-json\/wp\/v2\/product_cat?post=1707"},{"taxonomy":"product_tag","embeddable":true,"href":"https:\/\/dev.garden.ee\/en\/wp-json\/wp\/v2\/product_tag?post=1707"}],"curies":[{"name":"wp","href":"https:\/\/api.w.org\/{rel}","templated":true}]}}