{"id":1689,"date":"2023-01-18T17:06:26","date_gmt":"2023-01-18T15:06:26","guid":{"rendered":"https:\/\/dev.zezz.ee\/garden\/toode\/astrantia-major-roma\/"},"modified":"2026-02-17T17:44:53","modified_gmt":"2026-02-17T15:44:53","slug":"astrantia-major-roma","status":"publish","type":"product","link":"https:\/\/dev.garden.ee\/en\/product\/astrantia-major-roma\/","title":{"rendered":"Astrantia major &#8216;Roma&#8217;"},"content":{"rendered":"<input class=\"fooboxshare_post_id\" type=\"hidden\" value=\"1689\"\/>","protected":false},"excerpt":{"rendered":"<p>\u00d5rnad h\u00f5beroosad \u00f5ied k\u00f5rguvad atraktiivse, rohelise, l\u00f5histunud lehestikuga puhma kohal. Hea taim peenra t\u00fchimike t\u00e4iteks, ei lase umbrohul l\u00e4bi kasvada. \u00dcks pikima \u00f5itsemisajaga t\u00e4htputkesid, kiire kasvuga.<\/p>\n<p>Istuta rikkalikult v\u00e4etatud mulda, kasta piisavalt palju, eriti esimesel kasvuaastal. Suuremaid puhmaid jaga kevadel ja lisa komposti. \u00dcmberistutatud taimed v\u00f5tavad kosumiseks veidi aega. Noppides aeg-ajalt \u00e4ra\u00f5itsenud \u00f5ied, kasvatab taim \u00fcha uusi \u00f5isi lisaks ja n\u00e4eb v\u00e4rske v\u00e4lja.<\/p>\n<p>T\u00e4htputke \u00f5isi v\u00f5ib kasutada v\u00e4rskelt vaasililleks v\u00f5i kuivatatult, kuivlilleseadetes.<\/p>\n<p>Kaaslasena sobib nt\u00a0Salvia nemorosa &#8216;Amethyst&#8217;, <span data-sheets-value=\"{&quot;1&quot;:2,&quot;2&quot;:&quot;Geranium pratense 'Double Jewel'&quot;}\" data-sheets-userformat=\"{&quot;2&quot;:11199,&quot;3&quot;:[null,0],&quot;4&quot;:[null,2,16776960],&quot;5&quot;:{&quot;1&quot;:[{&quot;1&quot;:2,&quot;2&quot;:0,&quot;5&quot;:[null,2,0]},{&quot;1&quot;:0,&quot;2&quot;:0,&quot;3&quot;:3},{&quot;1&quot;:1,&quot;2&quot;:0,&quot;4&quot;:1}]},&quot;6&quot;:{&quot;1&quot;:[{&quot;1&quot;:2,&quot;2&quot;:0,&quot;5&quot;:[null,2,0]},{&quot;1&quot;:0,&quot;2&quot;:0,&quot;3&quot;:3},{&quot;1&quot;:1,&quot;2&quot;:0,&quot;4&quot;:1}]},&quot;7&quot;:{&quot;1&quot;:[{&quot;1&quot;:2,&quot;2&quot;:0,&quot;5&quot;:[null,2,0]},{&quot;1&quot;:0,&quot;2&quot;:0,&quot;3&quot;:3},{&quot;1&quot;:1,&quot;2&quot;:0,&quot;4&quot;:1}]},&quot;8&quot;:{&quot;1&quot;:[{&quot;1&quot;:2,&quot;2&quot;:0,&quot;5&quot;:[null,2,0]},{&quot;1&quot;:0,&quot;2&quot;:0,&quot;3&quot;:3},{&quot;1&quot;:1,&quot;2&quot;:0,&quot;4&quot;:1}]},&quot;10&quot;:2,&quot;11&quot;:3,&quot;12&quot;:0,&quot;14&quot;:[null,2,0],&quot;16&quot;:10}\">Geranium pratense &#8216;Double Jewel&#8217;, Iris sibirica,\u00a0<\/span><a>Carex elata &#8216;Aurea&#8217;\u00a0<\/a>ja teised k\u00f5rrelised<em>.\u00a0<\/em>Vt all &#8211; seotud tooted.<\/p>","protected":false},"featured_media":25316,"template":"","meta":[],"product_brand":[],"product_cat":[4415,4413,4401,22],"product_tag":[],"class_list":{"0":"post-1689","1":"product","2":"type-product","3":"status-publish","4":"has-post-thumbnail","6":"product_cat-lilleaed","7":"product_cat-loikelilleaed","8":"product_cat-pusikud","9":"product_cat-taimed","10":"pa_haiguskindlus-vaga-hea","11":"pa_kasvukorgus-60-cm","12":"pa_laius-40-cm","13":"pa_lisainfo-sobib-loikelilleks","14":"pa_lisainfo-sobib-osalise-varjuga-kasvualale","15":"pa_oie-varv-roosa","16":"pa_oitsemise-aeg-juuni-september","17":"pa_talvekindlus-vaga-hea","18":"pa_tingimused-hea-drenaaz","19":"pa_tingimused-niiske","20":"pa_tingimused-viljakas","21":"pa_tsoon-3-9","22":"pa_valguse-tingimused-paike","23":"pa_valguse-tingimused-poolvari","24":"pa_variatsioon-suurem-pott","25":"pa_variatsioon-vaiksem-pott","27":"first","28":"onbackorder","29":"purchasable","30":"product-type-variable"},"acf":[],"_links":{"self":[{"href":"https:\/\/dev.garden.ee\/en\/wp-json\/wp\/v2\/product\/1689","targetHints":{"allow":["GET"]}}],"collection":[{"href":"https:\/\/dev.garden.ee\/en\/wp-json\/wp\/v2\/product"}],"about":[{"href":"https:\/\/dev.garden.ee\/en\/wp-json\/wp\/v2\/types\/product"}],"wp:featuredmedia":[{"embeddable":true,"href":"https:\/\/dev.garden.ee\/en\/wp-json\/wp\/v2\/media\/25316"}],"wp:attachment":[{"href":"https:\/\/dev.garden.ee\/en\/wp-json\/wp\/v2\/media?parent=1689"}],"wp:term":[{"taxonomy":"product_brand","embeddable":true,"href":"https:\/\/dev.garden.ee\/en\/wp-json\/wp\/v2\/product_brand?post=1689"},{"taxonomy":"product_cat","embeddable":true,"href":"https:\/\/dev.garden.ee\/en\/wp-json\/wp\/v2\/product_cat?post=1689"},{"taxonomy":"product_tag","embeddable":true,"href":"https:\/\/dev.garden.ee\/en\/wp-json\/wp\/v2\/product_tag?post=1689"}],"curies":[{"name":"wp","href":"https:\/\/api.w.org\/{rel}","templated":true}]}}