{"id":1682,"date":"2023-01-18T17:06:21","date_gmt":"2023-01-18T15:06:21","guid":{"rendered":"https:\/\/dev.zezz.ee\/garden\/toode\/astrantia-major\/"},"modified":"2026-02-17T17:17:09","modified_gmt":"2026-02-17T15:17:09","slug":"astrantia-major","status":"publish","type":"product","link":"https:\/\/dev.garden.ee\/en\/product\/astrantia-major\/","title":{"rendered":"Astrantia major"},"content":{"rendered":"<input class=\"fooboxshare_post_id\" type=\"hidden\" value=\"1682\"\/>","protected":false},"excerpt":{"rendered":"<p>Tiheda lehestikuga, puhmikuline p\u00fcsik. Rohkelt pisikesi, elevandiluuv\u00e4rvi \u00f5isi, milles on vaid aimata veidike roosat tooni. Taim muudkui \u00f5itseb ja \u00f5itseb, kuni s\u00fcgiseni v\u00e4lja. \u00d5ied levitavad magusat l\u00f5hna, mis on liblikate ja mesilaste lemmik. Lehed meenutavad kullerkupu lehti.<\/p>\n<p>Sobib kasvatamiseks veekogu \u00e4\u00e4res, massistutusel, metsaaias. P\u00fcsikupeenrasse sobib koos lupiinidega, kurerehadega, astilbedega, s\u00f5najalgadega. Hea l\u00f5ikelill. Sobib ka kuivatamiseks. Armastab niiskemat mulda, p\u00e4ikeselist v\u00f5i poolvarjulist kasvukohta ning P\u00f5hjamaadele omaseid jahedaid \u00f6id.<\/p>","protected":false},"featured_media":23612,"template":"","meta":[],"product_brand":[],"product_cat":[4415,4413,9650,6934,4406,4401,4409,22],"product_tag":[],"class_list":{"0":"post-1682","1":"product","2":"type-product","3":"status-publish","4":"has-post-thumbnail","6":"product_cat-lilleaed","7":"product_cat-loikelilleaed","8":"product_cat-looduslik-aed","9":"product_cat-mesilassobralik-aed","10":"product_cat-park","11":"product_cat-pusikud","12":"product_cat-tiigiaed","13":"product_cat-taimed","14":"pa_haiguskindlus-hea","15":"pa_kasvukorgus-40-60-cm","16":"pa_laius-45-cm","17":"pa_lisainfo-kaldataim","18":"pa_lisainfo-mesilaste-lemmik","19":"pa_lisainfo-sobib-loikelilleks","20":"pa_lisainfo-sobib-osalise-varjuga-kasvualale","21":"pa_oie-varv-valge","22":"pa_oitsemise-aeg-juuni-august","23":"pa_talvekindlus-vaga-hea","24":"pa_tingimused-hea-drenaaz","25":"pa_tingimused-niiske","26":"pa_tingimused-parasniiske","27":"pa_tingimused-viljakas","28":"pa_tsoon-4-9","29":"pa_valguse-tingimused-paike","30":"pa_valguse-tingimused-poolvari","31":"pa_variatsioon-suurem-pott","32":"pa_variatsioon-vaiksem-pott","34":"first","35":"instock","36":"purchasable","37":"product-type-variable"},"acf":[],"_links":{"self":[{"href":"https:\/\/dev.garden.ee\/en\/wp-json\/wp\/v2\/product\/1682","targetHints":{"allow":["GET"]}}],"collection":[{"href":"https:\/\/dev.garden.ee\/en\/wp-json\/wp\/v2\/product"}],"about":[{"href":"https:\/\/dev.garden.ee\/en\/wp-json\/wp\/v2\/types\/product"}],"wp:featuredmedia":[{"embeddable":true,"href":"https:\/\/dev.garden.ee\/en\/wp-json\/wp\/v2\/media\/23612"}],"wp:attachment":[{"href":"https:\/\/dev.garden.ee\/en\/wp-json\/wp\/v2\/media?parent=1682"}],"wp:term":[{"taxonomy":"product_brand","embeddable":true,"href":"https:\/\/dev.garden.ee\/en\/wp-json\/wp\/v2\/product_brand?post=1682"},{"taxonomy":"product_cat","embeddable":true,"href":"https:\/\/dev.garden.ee\/en\/wp-json\/wp\/v2\/product_cat?post=1682"},{"taxonomy":"product_tag","embeddable":true,"href":"https:\/\/dev.garden.ee\/en\/wp-json\/wp\/v2\/product_tag?post=1682"}],"curies":[{"name":"wp","href":"https:\/\/api.w.org\/{rel}","templated":true}]}}