{"id":1669,"date":"2023-01-18T17:06:13","date_gmt":"2023-01-18T15:06:13","guid":{"rendered":"https:\/\/dev.zezz.ee\/garden\/toode\/lilium-salmon-star\/"},"modified":"2026-01-15T21:22:30","modified_gmt":"2026-01-15T19:22:30","slug":"lilium-salmon-star","status":"publish","type":"product","link":"https:\/\/dev.garden.ee\/en\/product\/lilium-salmon-star\/","title":{"rendered":"Lilium &#8216;Salmon Star&#8217;"},"content":{"rendered":"<input class=\"fooboxshare_post_id\" type=\"hidden\" value=\"1669\"\/>","protected":false},"excerpt":{"rendered":"<p>L\u00f5heroosa, koralliv\u00e4rvi \u00f5is on t\u00e4hekujuline, tumedate kesksoonte- ja laigukestega. Taevaliku aroomiga liilia. Kasvab umbes 45 cm k\u00f5rguseks esimesel kasvuaastal, hiljem kuni 75 cm. \u00d5itseb alates juuli l\u00f5pust. Tugevakasvuline sort. Istutada p\u00e4ikeselisse kasvukohta, v\u00f5ib istutada r\u00fchmana, sibula vahekaugus istutamisel v\u00f5iks olla 45 cm. V\u00e4etada kevadel orgaanilise v\u00e4etisega.<\/p>\n<p>Sibula suurus 16+ cm.<\/p>","protected":false},"featured_media":1670,"template":"","meta":[],"product_brand":[],"product_cat":[4403,4415,4414,4413,4401,4391,22],"product_tag":[9454,9417],"class_list":{"0":"post-1669","1":"product","2":"type-product","3":"status-publish","4":"has-post-thumbnail","6":"product_cat-kodu","7":"product_cat-lilleaed","8":"product_cat-lohnaaed","9":"product_cat-loikelilleaed","10":"product_cat-pusikud","11":"product_cat-sibullilled","12":"product_cat-taimed","13":"product_tag-idahubriid-liilia","14":"product_tag-soodushind-50","15":"pa_lohn-tugev","16":"pa_moodud-k-45-75-cm","17":"pa_oie-varv-mitmevarviline","18":"pa_oitsemise-aeg-juuli","19":"pa_talvekindlus-hea","20":"pa_variatsioon-sibul-ainult-kevadel","21":"pa_variatsioon-suurem-pott","23":"first","24":"instock","25":"sale","26":"taxable","27":"shipping-taxable","28":"purchasable","29":"product-type-variable"},"acf":[],"_links":{"self":[{"href":"https:\/\/dev.garden.ee\/en\/wp-json\/wp\/v2\/product\/1669","targetHints":{"allow":["GET"]}}],"collection":[{"href":"https:\/\/dev.garden.ee\/en\/wp-json\/wp\/v2\/product"}],"about":[{"href":"https:\/\/dev.garden.ee\/en\/wp-json\/wp\/v2\/types\/product"}],"wp:featuredmedia":[{"embeddable":true,"href":"https:\/\/dev.garden.ee\/en\/wp-json\/wp\/v2\/media\/1670"}],"wp:attachment":[{"href":"https:\/\/dev.garden.ee\/en\/wp-json\/wp\/v2\/media?parent=1669"}],"wp:term":[{"taxonomy":"product_brand","embeddable":true,"href":"https:\/\/dev.garden.ee\/en\/wp-json\/wp\/v2\/product_brand?post=1669"},{"taxonomy":"product_cat","embeddable":true,"href":"https:\/\/dev.garden.ee\/en\/wp-json\/wp\/v2\/product_cat?post=1669"},{"taxonomy":"product_tag","embeddable":true,"href":"https:\/\/dev.garden.ee\/en\/wp-json\/wp\/v2\/product_tag?post=1669"}],"curies":[{"name":"wp","href":"https:\/\/api.w.org\/{rel}","templated":true}]}}