{"id":1665,"date":"2023-01-18T17:06:11","date_gmt":"2023-01-18T15:06:11","guid":{"rendered":"https:\/\/dev.zezz.ee\/garden\/toode\/aster-sedifolius-nanus\/"},"modified":"2026-02-17T12:42:16","modified_gmt":"2026-02-17T10:42:16","slug":"aster-sedifolius-nanus","status":"publish","type":"product","link":"https:\/\/dev.garden.ee\/en\/product\/aster-sedifolius-nanus\/","title":{"rendered":"Aster sedifolius \/ Galatella sedifolia &#8216;Nanus&#8217;"},"content":{"rendered":"<input class=\"fooboxshare_post_id\" type=\"hidden\" value=\"1665\"\/>","protected":false},"excerpt":{"rendered":"<p>Kollaste s\u00fcdamikega lavendliv\u00e4rvi \u00f5ied, mis \u00fcmbritsetud kerge ja koheva lehestikuga, loovad enda \u00fcmber armsa \u00f5rna v\u00e4limuse. \u00d5ied meelitavad aeda liblikaid. Varakevadine aeg, kui taim pole veel j\u00f5udnud uusi kasve kasvatada, on parim aeg teda pisut puhastada, aitab s\u00e4ilitada kompaktset vormi. Tore kompaktne puhmas n\u00e4iteks s\u00fcgiseses p\u00fcsikupeenras. Taim on seenhaigustele vastupidav ja kuivust taluv. Oma \u00fcmara vormi t\u00f5ttu sobib h\u00e4sti konteinerisse.<\/p>\n<p>Kaaslasena sobib nt\u00a0Salvia nemorosa &#8216;Lyrical White&#8217;\u00a0<em>. Vt all &#8211; seotud tooted.<\/em><\/p>","protected":false},"featured_media":1666,"template":"","meta":[],"product_brand":[],"product_cat":[9637,4415,6934,4401,22],"product_tag":[],"class_list":{"0":"post-1665","1":"product","2":"type-product","3":"status-publish","4":"has-post-thumbnail","6":"product_cat-istutuskast","7":"product_cat-lilleaed","8":"product_cat-mesilassobralik-aed","9":"product_cat-pusikud","10":"product_cat-taimed","11":"pa_haiguskindlus-vaga-hea","12":"pa_kasvukorgus-40-50-cm","13":"pa_laius-40-50-cm","14":"pa_lisainfo-janese-kahjustustele-vastupidav","15":"pa_lisainfo-mesilaste-lemmik","16":"pa_lisainfo-sobilik-istutuskasti-jaoks","17":"pa_oie-varv-sinine","18":"pa_oitsemise-aeg-september-oktoober","19":"pa_talvekindlus-vaga-hea","20":"pa_tingimused-hea-drenaaz","21":"pa_tingimused-niiske","22":"pa_tingimused-parasniiske","23":"pa_tingimused-viljakas","24":"pa_tsoon-2-9","25":"pa_valguse-tingimused-paike","26":"pa_variatsioon-suurem-pott","27":"pa_variatsioon-vaiksem-pott","29":"first","30":"instock","31":"purchasable","32":"product-type-variable"},"acf":[],"_links":{"self":[{"href":"https:\/\/dev.garden.ee\/en\/wp-json\/wp\/v2\/product\/1665","targetHints":{"allow":["GET"]}}],"collection":[{"href":"https:\/\/dev.garden.ee\/en\/wp-json\/wp\/v2\/product"}],"about":[{"href":"https:\/\/dev.garden.ee\/en\/wp-json\/wp\/v2\/types\/product"}],"wp:featuredmedia":[{"embeddable":true,"href":"https:\/\/dev.garden.ee\/en\/wp-json\/wp\/v2\/media\/1666"}],"wp:attachment":[{"href":"https:\/\/dev.garden.ee\/en\/wp-json\/wp\/v2\/media?parent=1665"}],"wp:term":[{"taxonomy":"product_brand","embeddable":true,"href":"https:\/\/dev.garden.ee\/en\/wp-json\/wp\/v2\/product_brand?post=1665"},{"taxonomy":"product_cat","embeddable":true,"href":"https:\/\/dev.garden.ee\/en\/wp-json\/wp\/v2\/product_cat?post=1665"},{"taxonomy":"product_tag","embeddable":true,"href":"https:\/\/dev.garden.ee\/en\/wp-json\/wp\/v2\/product_tag?post=1665"}],"curies":[{"name":"wp","href":"https:\/\/api.w.org\/{rel}","templated":true}]}}