{"id":1661,"date":"2023-01-18T17:06:08","date_gmt":"2023-01-18T15:06:08","guid":{"rendered":"https:\/\/dev.zezz.ee\/garden\/toode\/hosta-frosted-jade\/"},"modified":"2026-02-27T16:04:44","modified_gmt":"2026-02-27T14:04:44","slug":"hosta-frosted-jade","status":"publish","type":"product","link":"https:\/\/dev.garden.ee\/en\/product\/hosta-frosted-jade\/","title":{"rendered":"Hosta &#8216;Frosted Jade&#8217;"},"content":{"rendered":"<input class=\"fooboxshare_post_id\" type=\"hidden\" value=\"1661\"\/>","protected":false},"excerpt":{"rendered":"<p>Hostal on s\u00fcdamekujulised hallikasrohelised lehed, millel kitsas valge \u00e4\u00e4ristus. Suve keskel pakub taim lehestiku kohal k\u00f5rguvaid valgeid \u00f5isi. Kaunis taim sobib peenart jagama teiste varjulembeste p\u00fcsikutega nagu astilbed, s\u00f5najalad.\u00a0Hostad ei talu maapinnal seisvat vett, nad on hinnatud ilutaimed eelk\u00f5ige dekoratiivsete lehtede t\u00f5ttu. Lisaks on nad v\u00e4hen\u00f5udlikud ja k\u00fcllaltki talvekindlad p\u00fcsililled, mis kasvavad h\u00e4sti haritud, v\u00e4etatud ja parasniiskel, neutraalsel v\u00f5i n\u00f5rgalt happelisel aiamullal. Kirjulehelised vormid vajavad sordiomaseks v\u00e4rvumiseks p\u00e4ikesepaistelist kohta. Eriti oluline on neile hommikup\u00e4ike. Kuival liivmullal v\u00f5ivad j\u00e4\u00e4da kiduraks. Hostad on v\u00e4ga pikaealised, soodsate tingimuste korral v\u00f5ivad samal kohal kasvada aastak\u00fcmneid. Nad sobivad h\u00e4sti nii p\u00fcsilillepeenardesse kui ka haljasaladele murudesse ja mitmesugustele istutusaladele kas \u00fcksikp\u00f5\u00f5saste v\u00f5i r\u00fchmadena. Taimede armsad liilia\u00f5ielised \u00f5ievarred ja dekoratiivsed lehed on toredaks lisandiks lillekimpudele ja lilleseadetele. \u00d5ied s\u00e4ilivad vaasis kaua. Hostataim tuleks istutada rammusasse mulda, kindlasti peale istutamist aeg-ajalt kasta, kuni juurdunud. Kasta tuleks juurte \u00fcmbert, mitte lehtede pealt. Taime saab paljundada jagamise teel.<\/p>","protected":false},"featured_media":24251,"template":"","meta":[],"product_brand":[],"product_cat":[4406,4401,4412,22],"product_tag":[],"class_list":{"0":"post-1661","1":"product","2":"type-product","3":"status-publish","4":"has-post-thumbnail","6":"product_cat-park","7":"product_cat-pusikud","8":"product_cat-varjuaed","9":"product_cat-taimed","10":"pa_haiguskindlus-vaga-hea","11":"pa_moodud-k-75-cm-l-90-cm","12":"pa_oie-varv-valge","13":"pa_oitsemise-aeg-juuli","14":"pa_talvekindlus-vaga-hea","15":"pa_tsoon-3-8","16":"pa_variatsioon-suurem-pott","17":"pa_variatsioon-vaiksem-pott","19":"first","20":"instock","21":"purchasable","22":"product-type-variable"},"acf":[],"_links":{"self":[{"href":"https:\/\/dev.garden.ee\/en\/wp-json\/wp\/v2\/product\/1661","targetHints":{"allow":["GET"]}}],"collection":[{"href":"https:\/\/dev.garden.ee\/en\/wp-json\/wp\/v2\/product"}],"about":[{"href":"https:\/\/dev.garden.ee\/en\/wp-json\/wp\/v2\/types\/product"}],"wp:featuredmedia":[{"embeddable":true,"href":"https:\/\/dev.garden.ee\/en\/wp-json\/wp\/v2\/media\/24251"}],"wp:attachment":[{"href":"https:\/\/dev.garden.ee\/en\/wp-json\/wp\/v2\/media?parent=1661"}],"wp:term":[{"taxonomy":"product_brand","embeddable":true,"href":"https:\/\/dev.garden.ee\/en\/wp-json\/wp\/v2\/product_brand?post=1661"},{"taxonomy":"product_cat","embeddable":true,"href":"https:\/\/dev.garden.ee\/en\/wp-json\/wp\/v2\/product_cat?post=1661"},{"taxonomy":"product_tag","embeddable":true,"href":"https:\/\/dev.garden.ee\/en\/wp-json\/wp\/v2\/product_tag?post=1661"}],"curies":[{"name":"wp","href":"https:\/\/api.w.org\/{rel}","templated":true}]}}