{"id":1657,"date":"2023-01-18T17:06:05","date_gmt":"2023-01-18T15:06:05","guid":{"rendered":"https:\/\/dev.zezz.ee\/garden\/toode\/hosta-spring-fling\/"},"modified":"2026-02-27T16:15:55","modified_gmt":"2026-02-27T14:15:55","slug":"hosta-spring-fling","status":"publish","type":"product","link":"https:\/\/dev.garden.ee\/en\/product\/hosta-spring-fling\/","title":{"rendered":"Hosta &#8216;Spring Fling&#8217;"},"content":{"rendered":"<input class=\"fooboxshare_post_id\" type=\"hidden\" value=\"1657\"\/>","protected":false},"excerpt":{"rendered":"<p>Suured, rohelised, s\u00fcdamekujulised lehed on tugevalt lokkis ja valge \u00e4\u00e4ristusega. Kelmika kujuga lehed annavad sordile v\u00e4ga omap\u00e4rase v\u00e4limuse. Tegemist on h\u00fcbriidsordiga. Tulemus on saadud, kui omavahel ristati sorte\u00a0&#8216;Christmas Tree&#8217; ja \u00a0&#8216;Donahue&#8217;s Piecrust&#8217;.\u00a0\u00a0Hostad on hinnatud ilutaimed eelk\u00f5ige dekoratiivsete lehtede t\u00f5ttu, nad\u00a0armastavad poolvarjulist kasvukohta rammusama, niiske mullaga. Hostad ei talu maa pinnal seisvat vett. See kirjuleheline sort vajab igap\u00e4evaselt m\u00f5ne tunni p\u00e4ikesepaistet, et lehed sordiomaselt v\u00e4rvuks. Eriti oluline on talle hommikup\u00e4ike. Kuival liivmullal v\u00f5ib j\u00e4\u00e4da kiduraks, vajab niiskemat, rammusamat mulda. Hostad on v\u00e4ga pikaealised, soodsate tingimuste korral v\u00f5ivad samal kohal kasvada aastak\u00fcmneid. Nad sobivad h\u00e4sti nii p\u00fcsilillepeenardesse kui ka haljasaladele murudesse ja mitmesugustele istutusaladele kas \u00fcksikp\u00f5\u00f5saste v\u00f5i r\u00fchmadena. See sort\u00a0on vastupidav kasvama ka linnakeskkonnas.\u00a0\u00d5ied s\u00e4ilivad vaasis kaua. Hostat on h\u00f5lbus paljundada juurepuhma jagamise teel. Aeg-ajalt tuleks kontrollida, et kiriteod pole taime kahjustanud.<\/p>","protected":false},"featured_media":1658,"template":"","meta":[],"product_brand":[],"product_cat":[4406,4401,4412,22],"product_tag":[],"class_list":{"0":"post-1657","1":"product","2":"type-product","3":"status-publish","4":"has-post-thumbnail","6":"product_cat-park","7":"product_cat-pusikud","8":"product_cat-varjuaed","9":"product_cat-taimed","10":"pa_haiguskindlus-vaga-hea","11":"pa_moodud-k-60-cm-l-90-cm","12":"pa_oie-varv-lilla","13":"pa_oitsemise-aeg-juuni","14":"pa_talvekindlus-vaga-hea","15":"pa_tsoon-3-9","16":"pa_variatsioon-suurem-pott","17":"pa_variatsioon-suurem-pott-soodushind-70","18":"pa_variatsioon-vaiksem-pott","20":"first","21":"instock","22":"sale","23":"purchasable","24":"product-type-variable"},"acf":[],"_links":{"self":[{"href":"https:\/\/dev.garden.ee\/en\/wp-json\/wp\/v2\/product\/1657","targetHints":{"allow":["GET"]}}],"collection":[{"href":"https:\/\/dev.garden.ee\/en\/wp-json\/wp\/v2\/product"}],"about":[{"href":"https:\/\/dev.garden.ee\/en\/wp-json\/wp\/v2\/types\/product"}],"wp:featuredmedia":[{"embeddable":true,"href":"https:\/\/dev.garden.ee\/en\/wp-json\/wp\/v2\/media\/1658"}],"wp:attachment":[{"href":"https:\/\/dev.garden.ee\/en\/wp-json\/wp\/v2\/media?parent=1657"}],"wp:term":[{"taxonomy":"product_brand","embeddable":true,"href":"https:\/\/dev.garden.ee\/en\/wp-json\/wp\/v2\/product_brand?post=1657"},{"taxonomy":"product_cat","embeddable":true,"href":"https:\/\/dev.garden.ee\/en\/wp-json\/wp\/v2\/product_cat?post=1657"},{"taxonomy":"product_tag","embeddable":true,"href":"https:\/\/dev.garden.ee\/en\/wp-json\/wp\/v2\/product_tag?post=1657"}],"curies":[{"name":"wp","href":"https:\/\/api.w.org\/{rel}","templated":true}]}}