{"id":1637,"date":"2023-01-18T17:05:52","date_gmt":"2023-01-18T15:05:52","guid":{"rendered":"https:\/\/dev.zezz.ee\/garden\/toode\/maxi-vita\/"},"modified":"2026-02-07T15:36:17","modified_gmt":"2026-02-07T13:36:17","slug":"maxi-vita","status":"publish","type":"product","link":"https:\/\/dev.garden.ee\/en\/product\/maxi-vita\/","title":{"rendered":"Maxi Vita\u00ae"},"content":{"rendered":"<input class=\"fooboxshare_post_id\" type=\"hidden\" value=\"1637\"\/>","protected":false},"excerpt":{"rendered":"<p>S\u00e4rav oran\u017eikasroosa koos kollakasoran\u017ei p\u00f5hjaga, poolt\u00e4idis, v\u00e4ga armsa kujuga 5-6cm \u00f5is. Algselt on \u00f5ienupud tumepunased. Armas v\u00e4rv ning v\u00e4ga rohke esimene \u00f5itsemine, mis toob lainetusena kaasa v\u00e4rvipuhanguid terveks hooajaks. Lehestik on v\u00e4rske roheline, vaevu l\u00e4ikiv.<\/p>\n<p>Kordes Rosen kollektsiooni Rigo Rosen\u00ae puhul on tegemist grupiga, kuhu kuuluvad suurep\u00e4rase tervisega, j\u00f5ulised ning rikkaliku \u00f5itsemisega roosid, mis r\u00f5\u00f5mustaksid iga aednikku. K\u00f5igil valikkusse kuuluvatel roosidel on ADR- tunnistus, mille puhul on tegemist \u00fche n\u00f5udlikeima roosisortide hindamiss\u00fcsteemiga maailmas.<\/p>\n<p>Auhinnad: kuldmedalid Kortrijk 2004, Potsdam 2001, Baden-Baden 1999, Magdeburg 1999, tunnustussertifikaadid Belfast 2004, Den Haag 2005, Adelaide 2008, Toproos 2006. ADR tunnistus!<\/p>","protected":false},"featured_media":24947,"template":"","meta":[],"product_brand":[],"product_cat":[4415,4416,4402,22],"product_tag":[9418],"class_list":{"0":"post-1637","1":"product","2":"type-product","3":"status-publish","4":"has-post-thumbnail","6":"product_cat-lilleaed","7":"product_cat-roosiaed","8":"product_cat-roosid","9":"product_cat-taimed","10":"product_tag-adr-roos","11":"pa_adr-9781","12":"pa_aretus-w-kordes-sohne","13":"pa_avalikustamisaasta-saksamaa-2001","14":"pa_haiguskindlus-vaga-hea","15":"pa_kasvukorgus-40-60-cm","16":"pa_kollektsioon-rigo-roses","17":"pa_laius-50-cm","18":"pa_lisainfo-sobib-osalise-varjuga-kasvualale","19":"pa_lohn-lohnatu","20":"pa_oie-suurus-vaike","21":"pa_oie-varv-roosa","22":"pa_oietuup-pooltaidisois","23":"pa_oitsemine-korduvalt-oitsev","24":"pa_sort-vaikepoosas","25":"pa_taimede-arvestus-ruutmeetri-4-5","26":"pa_talvekindlus-vaga-hea","27":"pa_variatsioon-potis-2l-kevadel","28":"pa_variatsioon-potis-4-6l","30":"first","31":"outofstock","32":"purchasable","33":"product-type-variable"},"acf":[],"_links":{"self":[{"href":"https:\/\/dev.garden.ee\/en\/wp-json\/wp\/v2\/product\/1637","targetHints":{"allow":["GET"]}}],"collection":[{"href":"https:\/\/dev.garden.ee\/en\/wp-json\/wp\/v2\/product"}],"about":[{"href":"https:\/\/dev.garden.ee\/en\/wp-json\/wp\/v2\/types\/product"}],"wp:featuredmedia":[{"embeddable":true,"href":"https:\/\/dev.garden.ee\/en\/wp-json\/wp\/v2\/media\/24947"}],"wp:attachment":[{"href":"https:\/\/dev.garden.ee\/en\/wp-json\/wp\/v2\/media?parent=1637"}],"wp:term":[{"taxonomy":"product_brand","embeddable":true,"href":"https:\/\/dev.garden.ee\/en\/wp-json\/wp\/v2\/product_brand?post=1637"},{"taxonomy":"product_cat","embeddable":true,"href":"https:\/\/dev.garden.ee\/en\/wp-json\/wp\/v2\/product_cat?post=1637"},{"taxonomy":"product_tag","embeddable":true,"href":"https:\/\/dev.garden.ee\/en\/wp-json\/wp\/v2\/product_tag?post=1637"}],"curies":[{"name":"wp","href":"https:\/\/api.w.org\/{rel}","templated":true}]}}