{"id":16261,"date":"2023-01-19T10:21:09","date_gmt":"2023-01-19T08:21:09","guid":{"rendered":"https:\/\/dev.zezz.ee\/garden\/toode\/asclepias-incarnata-soulmate\/"},"modified":"2026-02-17T00:47:07","modified_gmt":"2026-02-16T22:47:07","slug":"asclepias-incarnata-soulmate","status":"publish","type":"product","link":"https:\/\/dev.garden.ee\/en\/product\/asclepias-incarnata-soulmate\/","title":{"rendered":"Asclepias incarnata &#8216;Soulmate&#8217;"},"content":{"rendered":"<input class=\"fooboxshare_post_id\" type=\"hidden\" value=\"16261\"\/>","protected":false},"excerpt":{"rendered":"<p>Efektne, \u00a0meeldiva vaniljearoomiga ja v\u00e4ga hea kohanemisv\u00f5imega p\u00fcsik. Kitsad, s\u00fcstjad, rohelised lehed tekivad kevadel aeglaselt. \u00d5isikud enne puhkemist tumeroosad, puhkedes heleroosad valge s\u00fcdamikuga.\u00a0Meelitab aeda liblikaid ja mesilasi. N\u00e4rbunud \u00f5isikute \u00e4ral\u00f5ikamine tagab uute \u00f5isikute tekke, millest tuleneb pikk \u00f5itsemisperiood. Mullastiku suhtes leplik, kuid vajab aeg-ajalt v\u00e4etamist. Kuivatatud kupraid saab kasutada lilleseadetes. \u00a0Hea vaasilill. Sobib h\u00e4sti kokku h\u00f5bedalehiste taimedega. \u00dcmberistutamine pole sellele taimele probleemiks. Taim on m\u00fcrgine!<\/p>","protected":false},"featured_media":16262,"template":"","meta":[],"product_brand":[],"product_cat":[4415,4414,4413,6934,4401,22],"product_tag":[],"class_list":{"0":"post-16261","1":"product","2":"type-product","3":"status-publish","4":"has-post-thumbnail","6":"product_cat-lilleaed","7":"product_cat-lohnaaed","8":"product_cat-loikelilleaed","9":"product_cat-mesilassobralik-aed","10":"product_cat-pusikud","11":"product_cat-taimed","12":"pa_haiguskindlus-hea","13":"pa_kasvukorgus-90-120-cm","14":"pa_laius-60-80-cm","15":"pa_lisainfo-mesilaste-lemmik","16":"pa_lisainfo-murgine","17":"pa_lisainfo-sobib-loikelilleks","18":"pa_lohn-lohnav","19":"pa_oie-varv-roosa","20":"pa_oitsemise-aeg-juuli-august","21":"pa_talvekindlus-vaga-hea","22":"pa_tingimused-hea-drenaaz","23":"pa_tingimused-niiske","24":"pa_tsoon-3-9","25":"pa_valguse-tingimused-paike","26":"pa_variatsioon-suurem-pott","27":"pa_variatsioon-vaiksem-pott","29":"first","30":"instock","31":"purchasable","32":"product-type-variable"},"acf":[],"_links":{"self":[{"href":"https:\/\/dev.garden.ee\/en\/wp-json\/wp\/v2\/product\/16261","targetHints":{"allow":["GET"]}}],"collection":[{"href":"https:\/\/dev.garden.ee\/en\/wp-json\/wp\/v2\/product"}],"about":[{"href":"https:\/\/dev.garden.ee\/en\/wp-json\/wp\/v2\/types\/product"}],"wp:featuredmedia":[{"embeddable":true,"href":"https:\/\/dev.garden.ee\/en\/wp-json\/wp\/v2\/media\/16262"}],"wp:attachment":[{"href":"https:\/\/dev.garden.ee\/en\/wp-json\/wp\/v2\/media?parent=16261"}],"wp:term":[{"taxonomy":"product_brand","embeddable":true,"href":"https:\/\/dev.garden.ee\/en\/wp-json\/wp\/v2\/product_brand?post=16261"},{"taxonomy":"product_cat","embeddable":true,"href":"https:\/\/dev.garden.ee\/en\/wp-json\/wp\/v2\/product_cat?post=16261"},{"taxonomy":"product_tag","embeddable":true,"href":"https:\/\/dev.garden.ee\/en\/wp-json\/wp\/v2\/product_tag?post=16261"}],"curies":[{"name":"wp","href":"https:\/\/api.w.org\/{rel}","templated":true}]}}