{"id":1625,"date":"2023-01-18T17:05:45","date_gmt":"2023-01-18T15:05:45","guid":{"rendered":"https:\/\/dev.zezz.ee\/garden\/toode\/the-poets-wife\/"},"modified":"2026-02-09T18:21:08","modified_gmt":"2026-02-09T16:21:08","slug":"the-poets-wife","status":"publish","type":"product","link":"https:\/\/dev.garden.ee\/en\/product\/the-poets-wife\/","title":{"rendered":"The Poet&#8217;s Wife"},"content":{"rendered":"<input class=\"fooboxshare_post_id\" type=\"hidden\" value=\"1625\"\/>","protected":false},"excerpt":{"rendered":"<p>Tegemist on fantastilise roosiga, mille rikkalikult kollased \u00f5ied pleegivad ajaga vaid veidi heledamaks. Puhas v\u00e4limiste kroonlehtede ring \u00fcmbritseb vabakujulist sisemist kroonlehtede gruppi. Puhmja, kaunilt \u00fcmaral p\u00f5\u00f5sal on elegantselt kaarduvad v\u00f5rsed ning pigem l\u00e4ikiv lehestik. Tugevas l\u00f5hnas on v\u00f5imalik tajuda t\u00e4helepanuv\u00e4\u00e4rset sidruni puudutust, mis \u00f5ie vananedes muutub aina tugevamaks ning magusamaks. \u00d5isi jagub terveks suveks. Sort sobib taimeala jagama koos p\u00fcsikutega.<\/p>","protected":false},"featured_media":1626,"template":"","meta":[],"product_brand":[],"product_cat":[4415,4414,4413,4416,4402,22],"product_tag":[],"class_list":{"0":"post-1625","1":"product","2":"type-product","3":"status-publish","4":"has-post-thumbnail","6":"product_cat-lilleaed","7":"product_cat-lohnaaed","8":"product_cat-loikelilleaed","9":"product_cat-roosiaed","10":"product_cat-roosid","11":"product_cat-taimed","12":"pa_aretus-david-austin","13":"pa_avalikustamisaasta-uhendkuningriik-2014","14":"pa_kasvukorgus-110-cm","15":"pa_laius-110-cm","16":"pa_lisainfo-sobilik-istutuskasti-jaoks","17":"pa_lisainfo-sobib-lohnaaeda","18":"pa_lisainfo-sobib-loikelilleks","19":"pa_lisainfo-sobib-osalise-varjuga-kasvualale","20":"pa_lohn-tugev","21":"pa_lohn-puuviljane","22":"pa_oie-suurus-suur","23":"pa_oie-varv-kollane","24":"pa_oietuup-taidisois","25":"pa_oitsemine-korduvalt-oitsev","26":"pa_sort-poosasroos","27":"pa_taimede-arvestus-ruutmeetri-9220","28":"pa_talvekindlus-vaga-hea","29":"pa_variatsioon-paljasjuurne-ainult-kevadel","30":"pa_variatsioon-potis-4-6l","31":"pa_variatsioon-potis-4-6l-suvel-ja-sugisel","33":"first","34":"outofstock","35":"purchasable","36":"product-type-variable"},"acf":[],"_links":{"self":[{"href":"https:\/\/dev.garden.ee\/en\/wp-json\/wp\/v2\/product\/1625","targetHints":{"allow":["GET"]}}],"collection":[{"href":"https:\/\/dev.garden.ee\/en\/wp-json\/wp\/v2\/product"}],"about":[{"href":"https:\/\/dev.garden.ee\/en\/wp-json\/wp\/v2\/types\/product"}],"wp:featuredmedia":[{"embeddable":true,"href":"https:\/\/dev.garden.ee\/en\/wp-json\/wp\/v2\/media\/1626"}],"wp:attachment":[{"href":"https:\/\/dev.garden.ee\/en\/wp-json\/wp\/v2\/media?parent=1625"}],"wp:term":[{"taxonomy":"product_brand","embeddable":true,"href":"https:\/\/dev.garden.ee\/en\/wp-json\/wp\/v2\/product_brand?post=1625"},{"taxonomy":"product_cat","embeddable":true,"href":"https:\/\/dev.garden.ee\/en\/wp-json\/wp\/v2\/product_cat?post=1625"},{"taxonomy":"product_tag","embeddable":true,"href":"https:\/\/dev.garden.ee\/en\/wp-json\/wp\/v2\/product_tag?post=1625"}],"curies":[{"name":"wp","href":"https:\/\/api.w.org\/{rel}","templated":true}]}}