{"id":16035,"date":"2023-01-19T10:18:45","date_gmt":"2023-01-19T08:18:45","guid":{"rendered":"https:\/\/dev.zezz.ee\/garden\/toode\/the-lark-ascending\/"},"modified":"2026-02-09T18:11:15","modified_gmt":"2026-02-09T16:11:15","slug":"the-lark-ascending","status":"publish","type":"product","link":"https:\/\/dev.garden.ee\/en\/product\/the-lark-ascending\/","title":{"rendered":"The Lark Ascending"},"content":{"rendered":"<input class=\"fooboxshare_post_id\" type=\"hidden\" value=\"16035\"\/>","protected":false},"excerpt":{"rendered":"<p>Veetlevate \u00f5itega roos toob esile Inglise rooside seas esineva mitmekesisuse. Kahek\u00fcmne kroonlehega aprikoositooni kausjad \u00f5ied on kenasti taime peale \u00e4ra jaotatud. \u00d5ied meelitavad aeda erinevaid tolmeldajaid. Taim pakub ka kerget aroomi, mis erinevate \u00f5ite puhul veidi varieerub, m\u00f5ni on rohkem tee teine aga pigem m\u00fcrri l\u00f5hnaga. Taim on erakordselt terve ning eluj\u00f5uline. \u00d5itsenud \u00f5itest valmivad dekoratiivsed kibuvitsamarjad.<\/p>\n<p>T\u00e4nu oma pikale ning \u00f5hulisele kasvule sobib suurep\u00e4raselt n\u00e4iteks aeda piiravasse \u00e4\u00e4ristusse, hekiks v\u00f5i taimealasse koos p\u00fcsikutega. Suurep\u00e4rane ka looduslikele aladele.<\/p>","protected":false},"featured_media":25129,"template":"","meta":[],"product_brand":[],"product_cat":[4395,4415,4414,9650,6934,4416,4402,22],"product_tag":[],"class_list":{"0":"post-16035","1":"product","2":"type-product","3":"status-publish","4":"has-post-thumbnail","6":"product_cat-hekid","7":"product_cat-lilleaed","8":"product_cat-lohnaaed","9":"product_cat-looduslik-aed","10":"product_cat-mesilassobralik-aed","11":"product_cat-roosiaed","12":"product_cat-roosid","13":"product_cat-taimed","14":"pa_aretus-david-austin","15":"pa_avalikustamisaasta-uhendkuningriik-2012","16":"pa_haiguskindlus-hea","17":"pa_kasvukorgus-120-150-cm","18":"pa_laius-100-150-cm","19":"pa_lisainfo-dekoratiivsed-viljad","20":"pa_lisainfo-ideaalne-heki-loomiseks","21":"pa_lisainfo-mesilaste-lemmik","22":"pa_lisainfo-sobib-osalise-varjuga-kasvualale","23":"pa_lisainfo-talvine-ponevus","24":"pa_lohn-orn","25":"pa_lohn-kerge","26":"pa_lohn-murrine","27":"pa_lohn-tee-lohnaline","28":"pa_oie-suurus-keskmine","29":"pa_oie-varv-aprikoos","30":"pa_oietuup-pooltaidisois","31":"pa_oitsemine-korduvalt-oitsev","32":"pa_sort-poosasroos","33":"pa_taimede-arvestus-ruutmeetri-9220","34":"pa_talvekindlus-vaga-hea","35":"pa_variatsioon-paljasjuurne-ainult-kevadel","36":"pa_variatsioon-potis-4-6l","37":"pa_variatsioon-potis-4-6l-suvel-ja-sugisel","39":"first","40":"instock","41":"purchasable","42":"product-type-variable"},"acf":[],"_links":{"self":[{"href":"https:\/\/dev.garden.ee\/en\/wp-json\/wp\/v2\/product\/16035","targetHints":{"allow":["GET"]}}],"collection":[{"href":"https:\/\/dev.garden.ee\/en\/wp-json\/wp\/v2\/product"}],"about":[{"href":"https:\/\/dev.garden.ee\/en\/wp-json\/wp\/v2\/types\/product"}],"wp:featuredmedia":[{"embeddable":true,"href":"https:\/\/dev.garden.ee\/en\/wp-json\/wp\/v2\/media\/25129"}],"wp:attachment":[{"href":"https:\/\/dev.garden.ee\/en\/wp-json\/wp\/v2\/media?parent=16035"}],"wp:term":[{"taxonomy":"product_brand","embeddable":true,"href":"https:\/\/dev.garden.ee\/en\/wp-json\/wp\/v2\/product_brand?post=16035"},{"taxonomy":"product_cat","embeddable":true,"href":"https:\/\/dev.garden.ee\/en\/wp-json\/wp\/v2\/product_cat?post=16035"},{"taxonomy":"product_tag","embeddable":true,"href":"https:\/\/dev.garden.ee\/en\/wp-json\/wp\/v2\/product_tag?post=16035"}],"curies":[{"name":"wp","href":"https:\/\/api.w.org\/{rel}","templated":true}]}}