{"id":1600,"date":"2023-01-18T17:05:28","date_gmt":"2023-01-18T15:05:28","guid":{"rendered":"https:\/\/dev.zezz.ee\/garden\/toode\/hosta-fair-maiden\/"},"modified":"2026-02-27T15:56:04","modified_gmt":"2026-02-27T13:56:04","slug":"hosta-fair-maiden","status":"publish","type":"product","link":"https:\/\/dev.garden.ee\/en\/product\/hosta-fair-maiden\/","title":{"rendered":"Hosta &#8216;Fair Maiden&#8217;"},"content":{"rendered":"<input class=\"fooboxshare_post_id\" type=\"hidden\" value=\"1600\"\/>","protected":false},"excerpt":{"rendered":"<p>Pisema vormiga armas hosta on tore lisand v\u00e4iksemasse aeda. Hallikasrohelisel laial lehel on kreemikas \u00e4\u00e4ristus, mis muutub hooaja jooksul \u00fcha heledamaks. Tegemist on h\u00fcbriidsordiga, mis on saadud\u00a0H. &#8216;Candy Hearts&#8217; ja H. &#8216;Amber Maiden&#8217;i ristamisel.\u00a0Hostad armastavad poolvarjulist kasvukohta rammusama, niiske mullaga. Hostad ei talu pidevalt seisvat vett. Kui kasvukoht on \u00fcsnagi varjuline, siis vali mittekirjute lehtedega hostad. P\u00e4ikselisemasse paika on \u00f5igem istutada kirjulehelisi sorte. Eriti oluline on neile hommikup\u00e4ike. Hostad on hinnatud ilutaimed eelk\u00f5ige dekoratiivsete lehtede t\u00f5ttu. Nad on v\u00e4hen\u00f5udlikud ja k\u00fcllaltki talvekindlad p\u00fcsililled, mis kasvavad h\u00e4sti haritud, v\u00e4etatud ja parasniiskel neutraalsel v\u00f5i n\u00f5rgalt happelisel aiamullal. Kuival liivmullal v\u00f5ivad j\u00e4\u00e4da kiduraks. Soodsate tingimuste korral v\u00f5ivad samal kohal kasvada aastak\u00fcmneid. Nad sobivad h\u00e4sti nii p\u00fcsilillepeenardesse kui ka haljasaladele, murudesse ja mitmesugustele istutusaladele, \u00fcksk\u00f5ik, kas \u00fcksikp\u00f5\u00f5saste v\u00f5i r\u00fchmadena. Sobivad suurep\u00e4raselt ka linnakeskkonda. \u00d5ied s\u00e4ilivad vaasis kaua.<\/p>\n<p>Hooldus: Hostataim tuleks istutada rammusasse mulda, kindlasti peale istutamist aeg-ajalt kasta, kuni juurdunud. Kasta tuleks juurte \u00fcmbert, mitte lehtede pealt. Taime saab paljundada jagamise teel.<\/p>","protected":false},"featured_media":1601,"template":"","meta":[],"product_brand":[],"product_cat":[4406,4401,4412,22],"product_tag":[],"class_list":{"0":"post-1600","1":"product","2":"type-product","3":"status-publish","4":"has-post-thumbnail","6":"product_cat-park","7":"product_cat-pusikud","8":"product_cat-varjuaed","9":"product_cat-taimed","10":"pa_haiguskindlus-vaga-hea","11":"pa_moodud-k-35-45-cm-l-45-cm","12":"pa_oie-varv-lilla","13":"pa_oitsemise-aeg-juuli","14":"pa_talvekindlus-vaga-hea","15":"pa_tsoon-3-9","16":"pa_variatsioon-suurem-pott","17":"pa_variatsioon-vaiksem-pott","19":"first","20":"instock","21":"purchasable","22":"product-type-variable"},"acf":[],"_links":{"self":[{"href":"https:\/\/dev.garden.ee\/en\/wp-json\/wp\/v2\/product\/1600","targetHints":{"allow":["GET"]}}],"collection":[{"href":"https:\/\/dev.garden.ee\/en\/wp-json\/wp\/v2\/product"}],"about":[{"href":"https:\/\/dev.garden.ee\/en\/wp-json\/wp\/v2\/types\/product"}],"wp:featuredmedia":[{"embeddable":true,"href":"https:\/\/dev.garden.ee\/en\/wp-json\/wp\/v2\/media\/1601"}],"wp:attachment":[{"href":"https:\/\/dev.garden.ee\/en\/wp-json\/wp\/v2\/media?parent=1600"}],"wp:term":[{"taxonomy":"product_brand","embeddable":true,"href":"https:\/\/dev.garden.ee\/en\/wp-json\/wp\/v2\/product_brand?post=1600"},{"taxonomy":"product_cat","embeddable":true,"href":"https:\/\/dev.garden.ee\/en\/wp-json\/wp\/v2\/product_cat?post=1600"},{"taxonomy":"product_tag","embeddable":true,"href":"https:\/\/dev.garden.ee\/en\/wp-json\/wp\/v2\/product_tag?post=1600"}],"curies":[{"name":"wp","href":"https:\/\/api.w.org\/{rel}","templated":true}]}}