{"id":15994,"date":"2023-01-19T10:18:18","date_gmt":"2023-01-19T08:18:18","guid":{"rendered":"https:\/\/dev.zezz.ee\/garden\/toode\/wild-edric\/"},"modified":"2026-02-10T11:05:59","modified_gmt":"2026-02-10T09:05:59","slug":"wild-edric","status":"publish","type":"product","link":"https:\/\/dev.garden.ee\/en\/product\/wild-edric\/","title":{"rendered":"Wild Edric\u00ae"},"content":{"rendered":"<input class=\"fooboxshare_post_id\" type=\"hidden\" value=\"15994\"\/>","protected":false},"excerpt":{"rendered":"<p>\u00d5is saab alguse teravatipulisest \u00f5iepungast, mis avaneb sametiselt rikkaliku roosa v\u00e4rvi poolt\u00e4idetud \u00f5ieks, tuues n\u00e4htavale kuldkollased tolmukad, mis tekitavad kroonlehtedega v\u00e4ga julge kontrasti. Tugeva ja meeldiva l\u00f5hnaga, kuid eriti huvitav on see, et tolmukad ja kroonlehed on erineva l\u00f5hnaga. Tolmukad meenutavad nelki ning kroonlehed klassikalist vanaroosi aroomi, milles leidub ka \u00fcrt-allikkressi ja kurki. Puhmja kasvuga, okkaline, ja mati tumerohelise lehestikuga.<\/p>\n<p>Eriti vastupidav roos, mis saab hakkama ka k\u00f5ige raskemates tingimustes ning ka poolvarjus. Lisaks peenrale, sobib h\u00e4sti ka hekkide istutamiseks.<\/p>\n<p>Wild Edric oli Shropshire&#8217;ist p\u00e4rit saksi isand. Ta oli Normanni vallutuse ajal Inglise sakside vastupanuliikumise juht. Legendi kohaselt abiellus ta haldjasprintsessiga, kes oli n\u00f5us temaga abielluma, kui mees teda kunagi ei noomi. Nad elasid \u00f5nnelikult koos aastaid, kuni \u00fchel hommikul Edric noomis ja naine silmapilkselt kadus. Murtud s\u00fcdamega r\u00e4ndas ta m\u00f6\u00f6da maad otsides, kuid ei leidnud teda kunagi. R\u00e4\u00e4gitakse, et tema kummitust n\u00e4hakse siiani Shropshire&#8217;i m\u00e4gedel ratsutamas.<\/p>\n<p><span style=\"color: #ff0000;\">ETTETELLIMINE, PALJASJUURSETE V\u00c4LJASTAMINE APRILLI KESKPAIGAST<\/span><\/p>","protected":false},"featured_media":25164,"template":"","meta":[],"product_brand":[],"product_cat":[4395,4415,4414,9650,6934,4416,4402,22],"product_tag":[],"class_list":{"0":"post-15994","1":"product","2":"type-product","3":"status-publish","4":"has-post-thumbnail","6":"product_cat-hekid","7":"product_cat-lilleaed","8":"product_cat-lohnaaed","9":"product_cat-looduslik-aed","10":"product_cat-mesilassobralik-aed","11":"product_cat-roosiaed","12":"product_cat-roosid","13":"product_cat-taimed","14":"pa_aretus-david-austin","15":"pa_avalikustamisaasta-uhendkuningriik-2005","16":"pa_haiguskindlus-vaga-hea","17":"pa_kasvukorgus-120-150-cm","18":"pa_laius-1-m","19":"pa_lisainfo-ideaalne-heki-loomiseks","20":"pa_lisainfo-mesilaste-lemmik","21":"pa_lisainfo-sobib-lohnaaeda","22":"pa_lisainfo-sobib-osalise-varjuga-kasvualale","23":"pa_lohn-tugev","24":"pa_lohn-vana-roos","25":"pa_oie-suurus-keskmine","26":"pa_oie-varv-roosa","27":"pa_oietuup-pooltaidisois","28":"pa_oitsemine-korduvalt-oitsev","29":"pa_sort-poosasroos","30":"pa_taimede-arvestus-ruutmeetri-9220","31":"pa_talvekindlus-vaga-hea","32":"pa_variatsioon-paljasjuurne-ainult-kevadel","33":"pa_variatsioon-potis-4-6l","34":"pa_variatsioon-potis-4-6l-suvel-ja-sugisel","36":"first","37":"instock","38":"taxable","39":"shipping-taxable","40":"purchasable","41":"product-type-variable"},"acf":[],"_links":{"self":[{"href":"https:\/\/dev.garden.ee\/en\/wp-json\/wp\/v2\/product\/15994","targetHints":{"allow":["GET"]}}],"collection":[{"href":"https:\/\/dev.garden.ee\/en\/wp-json\/wp\/v2\/product"}],"about":[{"href":"https:\/\/dev.garden.ee\/en\/wp-json\/wp\/v2\/types\/product"}],"wp:featuredmedia":[{"embeddable":true,"href":"https:\/\/dev.garden.ee\/en\/wp-json\/wp\/v2\/media\/25164"}],"wp:attachment":[{"href":"https:\/\/dev.garden.ee\/en\/wp-json\/wp\/v2\/media?parent=15994"}],"wp:term":[{"taxonomy":"product_brand","embeddable":true,"href":"https:\/\/dev.garden.ee\/en\/wp-json\/wp\/v2\/product_brand?post=15994"},{"taxonomy":"product_cat","embeddable":true,"href":"https:\/\/dev.garden.ee\/en\/wp-json\/wp\/v2\/product_cat?post=15994"},{"taxonomy":"product_tag","embeddable":true,"href":"https:\/\/dev.garden.ee\/en\/wp-json\/wp\/v2\/product_tag?post=15994"}],"curies":[{"name":"wp","href":"https:\/\/api.w.org\/{rel}","templated":true}]}}