{"id":1589,"date":"2023-01-18T17:05:17","date_gmt":"2023-01-18T15:05:17","guid":{"rendered":"https:\/\/dev.zezz.ee\/garden\/toode\/aster-novae-angliae-andenken-an-alma-potschke\/"},"modified":"2026-02-17T11:40:05","modified_gmt":"2026-02-17T09:40:05","slug":"aster-novae-angliae-andenken-an-alma-potschke","status":"publish","type":"product","link":"https:\/\/dev.garden.ee\/en\/product\/aster-novae-angliae-andenken-an-alma-potschke\/","title":{"rendered":"Aster novae-angliae \/ Symphyotrichum novae-angliae &#8216;Andenken an Alma P\u00f6tschke&#8217;"},"content":{"rendered":"<input class=\"fooboxshare_post_id\" type=\"hidden\" value=\"1589\"\/>","protected":false},"excerpt":{"rendered":"<p>T\u00f5eline pilgup\u00fc\u00fcdja: toob s\u00fcgisesse aeda imeilusat v\u00e4rvi. Kaunid erkroosad, kollaste s\u00fcdamikega \u00f5ied meelitavad aeda nii liblikaid kui\u00a0 mesilasi. L\u00f5igata tagasi hiliss\u00fcgisel. Kuigi armastab p\u00fcsivat kastmist, elab \u00fcle ka pisikese p\u00f5ua. Kuid ei talu savimulda.<\/p>\n<p>Taime eluj\u00f5u s\u00e4ilitamiseks tuleks taime jagada kevadeti korra, kahe kuni nelja aasta jooksul.<\/p>\n<p>Kaaslastena sobivad nt\u00a0<em>Thalictrum aquilegifolium<\/em> &#8216;Purpureum&#8217; ja\u00a0<em>Persicaria amplexicaulis<\/em> &#8216;Rosea&#8217;<em>. Vt all &#8211; seotud tooted.\u00a0<\/em><\/p>","protected":false},"featured_media":1590,"template":"","meta":[],"product_brand":[],"product_cat":[4415,6934,4401,22],"product_tag":[],"class_list":{"0":"post-1589","1":"product","2":"type-product","3":"status-publish","4":"has-post-thumbnail","6":"product_cat-lilleaed","7":"product_cat-mesilassobralik-aed","8":"product_cat-pusikud","9":"product_cat-taimed","10":"pa_haiguskindlus-hea","11":"pa_kasvukorgus-100-120-cm","12":"pa_laius-60-70-cm","13":"pa_lisainfo-janese-kahjustustele-vastupidav","14":"pa_lisainfo-mesilaste-lemmik","15":"pa_lisainfo-sobib-osalise-varjuga-kasvualale","16":"pa_oie-varv-roosa","17":"pa_oitsemise-aeg-september-oktoober","18":"pa_talvekindlus-vaga-hea","19":"pa_tingimused-hea-drenaaz","20":"pa_tingimused-niiske","21":"pa_tingimused-v-a-savi","22":"pa_tingimused-viljakas","23":"pa_tsoon-3-9","24":"pa_valguse-tingimused-paike","25":"pa_valguse-tingimused-poolvari","26":"pa_variatsioon-suurem-pott","27":"pa_variatsioon-vaiksem-pott","29":"first","30":"instock","31":"purchasable","32":"product-type-variable"},"acf":[],"_links":{"self":[{"href":"https:\/\/dev.garden.ee\/en\/wp-json\/wp\/v2\/product\/1589","targetHints":{"allow":["GET"]}}],"collection":[{"href":"https:\/\/dev.garden.ee\/en\/wp-json\/wp\/v2\/product"}],"about":[{"href":"https:\/\/dev.garden.ee\/en\/wp-json\/wp\/v2\/types\/product"}],"wp:featuredmedia":[{"embeddable":true,"href":"https:\/\/dev.garden.ee\/en\/wp-json\/wp\/v2\/media\/1590"}],"wp:attachment":[{"href":"https:\/\/dev.garden.ee\/en\/wp-json\/wp\/v2\/media?parent=1589"}],"wp:term":[{"taxonomy":"product_brand","embeddable":true,"href":"https:\/\/dev.garden.ee\/en\/wp-json\/wp\/v2\/product_brand?post=1589"},{"taxonomy":"product_cat","embeddable":true,"href":"https:\/\/dev.garden.ee\/en\/wp-json\/wp\/v2\/product_cat?post=1589"},{"taxonomy":"product_tag","embeddable":true,"href":"https:\/\/dev.garden.ee\/en\/wp-json\/wp\/v2\/product_tag?post=1589"}],"curies":[{"name":"wp","href":"https:\/\/api.w.org\/{rel}","templated":true}]}}