{"id":15782,"date":"2023-01-19T10:15:48","date_gmt":"2023-01-19T08:15:48","guid":{"rendered":"https:\/\/dev.zezz.ee\/garden\/toode\/agastache-hybrida-astello-indigo\/"},"modified":"2026-02-13T15:26:08","modified_gmt":"2026-02-13T13:26:08","slug":"agastache-hybrida-astello-indigo","status":"publish","type":"product","link":"https:\/\/dev.garden.ee\/en\/product\/agastache-hybrida-astello-indigo\/","title":{"rendered":"Agastache hybrida &#8216;Astello Indigo&#8217;"},"content":{"rendered":"<input class=\"fooboxshare_post_id\" type=\"hidden\" value=\"15782\"\/>","protected":false},"excerpt":{"rendered":"<p>Hellita oma meeli imep\u00e4rase m\u00fcndil\u00f5hnaga, mis \u00f5rnalt levivad iisopi pikkadelt tumelilladelt \u00f5iepiikidelt. See sort v\u00f5ib uhkeldada oma pika \u00f5itseajaga, mida saab veelgi pikendada, kui l\u00f5igata h\u00e4\u00e4bunud \u00f5ievarred maha. Loob parima tulemuse just massistutusena. Omap\u00e4raselt intensiivne v\u00e4rv ning meelitav aroom m\u00f5juvad v\u00e4ga atraktiivselt mitte ainult mesilastele ning liblikatele vaid ka aednikele endile. Taim ei talu pidevalt m\u00e4rga kasvuala, v\u00f5ib seet\u00f5ttu talvel hukkuda. Parim on istutada ta k\u00f5rgemasse, p\u00e4ikesek\u00fcllasesse kasvukohta ning talveks mult\u0161ida v\u00f5i katta kerge talvekattega. Iisop on tuntud ka rahvameditsiinis, k\u00f5ige enam valuvaigistina.<\/p>","protected":false},"featured_media":23076,"template":"","meta":[],"product_brand":[],"product_cat":[4407,4415,4414,6934,4401,22],"product_tag":[],"class_list":{"0":"post-15782","1":"product","2":"type-product","3":"status-publish","4":"has-post-thumbnail","6":"product_cat-aasad","7":"product_cat-lilleaed","8":"product_cat-lohnaaed","9":"product_cat-mesilassobralik-aed","10":"product_cat-pusikud","11":"product_cat-taimed","12":"pa_haiguskindlus-vaga-hea","13":"pa_lisainfo-pilgupuudja","14":"pa_lohn-lohnav","15":"pa_moodud-k-60-cm","16":"pa_oie-varv-sinine","17":"pa_oitsemise-aeg-juuli-september","18":"pa_talvekindlus-keskmine","19":"pa_tingimused-parasniiske","20":"pa_tsoon-5-9","21":"pa_valguse-tingimused-paike","22":"pa_variatsioon-suurem-pott","23":"pa_variatsioon-vaiksem-pott","25":"first","26":"onbackorder","27":"purchasable","28":"product-type-variable"},"acf":[],"_links":{"self":[{"href":"https:\/\/dev.garden.ee\/en\/wp-json\/wp\/v2\/product\/15782","targetHints":{"allow":["GET"]}}],"collection":[{"href":"https:\/\/dev.garden.ee\/en\/wp-json\/wp\/v2\/product"}],"about":[{"href":"https:\/\/dev.garden.ee\/en\/wp-json\/wp\/v2\/types\/product"}],"wp:featuredmedia":[{"embeddable":true,"href":"https:\/\/dev.garden.ee\/en\/wp-json\/wp\/v2\/media\/23076"}],"wp:attachment":[{"href":"https:\/\/dev.garden.ee\/en\/wp-json\/wp\/v2\/media?parent=15782"}],"wp:term":[{"taxonomy":"product_brand","embeddable":true,"href":"https:\/\/dev.garden.ee\/en\/wp-json\/wp\/v2\/product_brand?post=15782"},{"taxonomy":"product_cat","embeddable":true,"href":"https:\/\/dev.garden.ee\/en\/wp-json\/wp\/v2\/product_cat?post=15782"},{"taxonomy":"product_tag","embeddable":true,"href":"https:\/\/dev.garden.ee\/en\/wp-json\/wp\/v2\/product_tag?post=15782"}],"curies":[{"name":"wp","href":"https:\/\/api.w.org\/{rel}","templated":true}]}}